{"id":20206,"date":"2025-06-12T08:52:36","date_gmt":"2025-06-12T11:52:36","guid":{"rendered":"https:\/\/rms-enlinea.com.ar\/tienda\/producto\/repuestos-kit-reductores-para-manfrotto-plastico-rab-mf-728b\/"},"modified":"2026-04-21T05:01:56","modified_gmt":"2026-04-21T08:01:56","slug":"repuestos-kit-reductores-para-manfrotto-plastico-rab-mf-728b","status":"publish","type":"product","link":"https:\/\/rms-enlinea.com.ar\/tienda\/producto\/repuestos-kit-reductores-para-manfrotto-plastico-rab-mf-728b\/","title":{"rendered":"Repuestos Kit Reductores Para Manfrotto Plastico Rab Mf-728b"},"content":{"rendered":"<p>RAB-3D (By RMS-ENLINEA)<\/p>\n<p>Nace de la experiencia acumulada estos 10 a\u00f1os, en la venta de hardware para profesionales en la construcci\u00f3n de flights case, maletines, ba\u00fales, rack, etc.<br \/>\nHoy queremos llevar ese conocimiento a otro nivel y gracias a la tecnolog\u00eda 3D, vamos a ser los pioneros en la construcci\u00f3n de este tipo de productos.<br \/>\nEsta tecnolog\u00eda permite hacer accesorios est\u00e1ndar, personalizados y lo m\u00e1s importante piezas que no existen. Podr\u00e1n ser utilizados<br \/>\npara el armado de productos LOW COST, prototipos, para hogare\u00f1os o profesionales, sin tener que hacer grandes inversiones.<\/p>\n<p>\/\/\/ Dise\u00f1os Personalizado? \/\/\/<\/p>\n<p>Si necesitas producir alg\u00fan tipo de accesorio en serie. Podes comunicarte con nosotros para su presupuesto !!!<\/p>\n<p>\/\/\/ Comprar un Dise\u00f1o? \/\/\/<\/p>\n<p>Si vos contas con una impresora 3D y queres comprar alguno de nuestros dise\u00f1os. Podes comunicarte con nosotros para su presupuesto !!!<\/p>\n<p>\/\/\/ Acabado del Producto Y Resistencia \/\/\/<\/p>\n<p>D\u00eda a d\u00eda tratamos de mejorar y pulir los detalles al m\u00e1ximo nivel. Los productos comercializado se entregan virgen como son terminados por la impresora.<br \/>\nSu terminaci\u00f3n y texturas pueden ser distintas a otras piezas pl\u00e1sticas con otros procesos de fabricaci\u00f3n, pero su durabilidad y calidad pueden ser iguales<br \/>\no hasta mejor.<\/p>\n<p>TIPO DE PRODUCTO: KIT DE REDUCTORES<br \/>\nMATERIAL: PLA<br \/>\nTERMINACION: IMPRESION 3D<br \/>\nEL KIT ESTA COMPUESTO POR LOS 3 REDUCTORES QUE FORMAN A UNA SOLA PATA DEL MANFROTTO 728B<br \/>\nSE ENTREGAN CON LOS TORNILLOS Y TUERCA, FRENO Y PALANCA<\/p>\n","protected":false},"excerpt":{"rendered":"<p>RAB-3D (By RMS-ENLINEA) Nace de la experiencia acumulada estos 10 a\u00f1os, en la venta de hardware para profesionales en la construcci\u00f3n de flights case, maletines, ba\u00fales, rack, etc. Hoy queremos llevar ese conocimiento a otro nivel y gracias a la tecnolog\u00eda 3D, vamos a ser los pioneros en la construcci\u00f3n de este tipo de productos. [&hellip;]<\/p>\n","protected":false},"featured_media":20207,"comment_status":"open","ping_status":"closed","template":"","meta":{"_uag_custom_page_level_css":""},"product_brand":[493],"product_cat":[26],"product_tag":[],"class_list":{"0":"post-20206","1":"product","2":"type-product","3":"status-publish","4":"has-post-thumbnail","6":"product_brand-rab","7":"product_cat-reductores","9":"first","10":"outofstock","11":"sale","12":"taxable","13":"shipping-taxable","14":"purchasable","15":"product-type-simple"},"uagb_featured_image_src":{"full":["https:\/\/rms-enlinea.com.ar\/wp-content\/uploads\/2025\/06\/D_610593-MLA69415006934_052023-F.jpg",1109,1134,false],"thumbnail":["https:\/\/rms-enlinea.com.ar\/wp-content\/uploads\/2025\/06\/D_610593-MLA69415006934_052023-F-150x150.jpg",150,150,true],"medium":["https:\/\/rms-enlinea.com.ar\/wp-content\/uploads\/2025\/06\/D_610593-MLA69415006934_052023-F-293x300.jpg",293,300,true],"medium_large":["https:\/\/rms-enlinea.com.ar\/wp-content\/uploads\/2025\/06\/D_610593-MLA69415006934_052023-F-768x785.jpg",768,785,true],"large":["https:\/\/rms-enlinea.com.ar\/wp-content\/uploads\/2025\/06\/D_610593-MLA69415006934_052023-F-1001x1024.jpg",1001,1024,true],"1536x1536":["https:\/\/rms-enlinea.com.ar\/wp-content\/uploads\/2025\/06\/D_610593-MLA69415006934_052023-F.jpg",1109,1134,false],"2048x2048":["https:\/\/rms-enlinea.com.ar\/wp-content\/uploads\/2025\/06\/D_610593-MLA69415006934_052023-F.jpg",1109,1134,false],"woocommerce_thumbnail":["https:\/\/rms-enlinea.com.ar\/wp-content\/uploads\/2025\/06\/D_610593-MLA69415006934_052023-F-450x450.jpg",450,450,true],"woocommerce_single":["https:\/\/rms-enlinea.com.ar\/wp-content\/uploads\/2025\/06\/D_610593-MLA69415006934_052023-F-600x614.jpg",600,614,true],"woocommerce_gallery_thumbnail":["https:\/\/rms-enlinea.com.ar\/wp-content\/uploads\/2025\/06\/D_610593-MLA69415006934_052023-F-100x100.jpg",100,100,true]},"uagb_author_info":{"display_name":"l0071054","author_link":"https:\/\/rms-enlinea.com.ar\/tienda\/author\/"},"uagb_comment_info":0,"uagb_excerpt":"RAB-3D (By RMS-ENLINEA) Nace de la experiencia acumulada estos 10 a\u00f1os, en la venta de hardware para profesionales en la construcci\u00f3n de flights case, maletines, ba\u00fales, rack, etc. Hoy queremos llevar ese conocimiento a otro nivel y gracias a la tecnolog\u00eda 3D, vamos a ser los pioneros en la construcci\u00f3n de este tipo de productos.&hellip;","_links":{"self":[{"href":"https:\/\/rms-enlinea.com.ar\/tienda\/wp-json\/wp\/v2\/product\/20206","targetHints":{"allow":["GET"]}}],"collection":[{"href":"https:\/\/rms-enlinea.com.ar\/tienda\/wp-json\/wp\/v2\/product"}],"about":[{"href":"https:\/\/rms-enlinea.com.ar\/tienda\/wp-json\/wp\/v2\/types\/product"}],"replies":[{"embeddable":true,"href":"https:\/\/rms-enlinea.com.ar\/tienda\/wp-json\/wp\/v2\/comments?post=20206"}],"wp:featuredmedia":[{"embeddable":true,"href":"https:\/\/rms-enlinea.com.ar\/tienda\/wp-json\/wp\/v2\/media\/20207"}],"wp:attachment":[{"href":"https:\/\/rms-enlinea.com.ar\/tienda\/wp-json\/wp\/v2\/media?parent=20206"}],"wp:term":[{"taxonomy":"product_brand","embeddable":true,"href":"https:\/\/rms-enlinea.com.ar\/tienda\/wp-json\/wp\/v2\/product_brand?post=20206"},{"taxonomy":"product_cat","embeddable":true,"href":"https:\/\/rms-enlinea.com.ar\/tienda\/wp-json\/wp\/v2\/product_cat?post=20206"},{"taxonomy":"product_tag","embeddable":true,"href":"https:\/\/rms-enlinea.com.ar\/tienda\/wp-json\/wp\/v2\/product_tag?post=20206"}],"curies":[{"name":"wp","href":"https:\/\/api.w.org\/{rel}","templated":true}]}}