{"id":20230,"date":"2025-06-12T08:53:04","date_gmt":"2025-06-12T11:53:04","guid":{"rendered":"https:\/\/rms-enlinea.com.ar\/tienda\/producto\/parlante-portatil-bt-usb-bateria-recargable-probass-wave-15\/"},"modified":"2026-04-04T17:39:16","modified_gmt":"2026-04-04T20:39:16","slug":"parlante-portatil-bt-usb-bateria-recargable-probass-wave-15","status":"publish","type":"product","link":"https:\/\/rms-enlinea.com.ar\/tienda\/producto\/parlante-portatil-bt-usb-bateria-recargable-probass-wave-15\/","title":{"rendered":"Parlante Pro Bass Wave 15, 700w, Port\u00e1til, Bluetooth Bateria"},"content":{"rendered":"<p>Pro Bass Wave 15 ofrece un sonido natural, con una gran claridad y precisi\u00f3n, que se dispersa de manera uniforme. Un parlante que asegura potencia y calidad por igual en la reproducci\u00f3n de contenidos multimedia.<\/p>\n<p>Para toda ocasi\u00f3n<br \/>\nDisfrutar de un amplio espectro de sonidos tanto en la reproducci\u00f3n de voces como de notas musicales es posible con este parlante woofer. Dejate asombrar con su excelente desempe\u00f1o sonoro en pel\u00edculas, series y en tus playlists favoritas.<\/p>\n<p>Olvidate del amplificador<br \/>\nAl ser activo solo necesitar\u00e1s conectarlo a la fuente de sonido y el mismo equipo se encargar\u00e1 de amplificar y reproducir: ganar\u00e1s practicidad y espacio, ya que adem\u00e1s requiere menos cableado que uno pasivo. Es la soluci\u00f3n m\u00e1s conveniente si quer\u00e9s producir m\u00fasica en tu casa o en un estudio, y tambi\u00e9n para DJs.<\/p>\n","protected":false},"excerpt":{"rendered":"<p>Pro Bass Wave 15 ofrece un sonido natural, con una gran claridad y precisi\u00f3n, que se dispersa de manera uniforme. Un parlante que asegura potencia y calidad por igual en la reproducci\u00f3n de contenidos multimedia. Para toda ocasi\u00f3n Disfrutar de un amplio espectro de sonidos tanto en la reproducci\u00f3n de voces como de notas musicales [&hellip;]<\/p>\n","protected":false},"featured_media":20231,"comment_status":"open","ping_status":"closed","template":"","meta":{"_uag_custom_page_level_css":""},"product_brand":[513],"product_cat":[36],"product_tag":[],"class_list":{"0":"post-20230","1":"product","2":"type-product","3":"status-publish","4":"has-post-thumbnail","6":"product_brand-probass","7":"product_cat-bafles","9":"first","10":"outofstock","11":"sale","12":"taxable","13":"shipping-taxable","14":"purchasable","15":"product-type-simple"},"uagb_featured_image_src":{"full":["https:\/\/rms-enlinea.com.ar\/wp-content\/uploads\/2025\/06\/D_684216-MLA48417592154_122021-F.jpg",788,1196,false],"thumbnail":["https:\/\/rms-enlinea.com.ar\/wp-content\/uploads\/2025\/06\/D_684216-MLA48417592154_122021-F-150x150.jpg",150,150,true],"medium":["https:\/\/rms-enlinea.com.ar\/wp-content\/uploads\/2025\/06\/D_684216-MLA48417592154_122021-F-198x300.jpg",198,300,true],"medium_large":["https:\/\/rms-enlinea.com.ar\/wp-content\/uploads\/2025\/06\/D_684216-MLA48417592154_122021-F-768x1166.jpg",768,1166,true],"large":["https:\/\/rms-enlinea.com.ar\/wp-content\/uploads\/2025\/06\/D_684216-MLA48417592154_122021-F-675x1024.jpg",675,1024,true],"1536x1536":["https:\/\/rms-enlinea.com.ar\/wp-content\/uploads\/2025\/06\/D_684216-MLA48417592154_122021-F.jpg",788,1196,false],"2048x2048":["https:\/\/rms-enlinea.com.ar\/wp-content\/uploads\/2025\/06\/D_684216-MLA48417592154_122021-F.jpg",788,1196,false],"woocommerce_thumbnail":["https:\/\/rms-enlinea.com.ar\/wp-content\/uploads\/2025\/06\/D_684216-MLA48417592154_122021-F-450x450.jpg",450,450,true],"woocommerce_single":["https:\/\/rms-enlinea.com.ar\/wp-content\/uploads\/2025\/06\/D_684216-MLA48417592154_122021-F-600x911.jpg",600,911,true],"woocommerce_gallery_thumbnail":["https:\/\/rms-enlinea.com.ar\/wp-content\/uploads\/2025\/06\/D_684216-MLA48417592154_122021-F-100x100.jpg",100,100,true]},"uagb_author_info":{"display_name":"l0071054","author_link":"https:\/\/rms-enlinea.com.ar\/tienda\/author\/"},"uagb_comment_info":0,"uagb_excerpt":"Pro Bass Wave 15 ofrece un sonido natural, con una gran claridad y precisi\u00f3n, que se dispersa de manera uniforme. Un parlante que asegura potencia y calidad por igual en la reproducci\u00f3n de contenidos multimedia. Para toda ocasi\u00f3n Disfrutar de un amplio espectro de sonidos tanto en la reproducci\u00f3n de voces como de notas musicales&hellip;","_links":{"self":[{"href":"https:\/\/rms-enlinea.com.ar\/tienda\/wp-json\/wp\/v2\/product\/20230","targetHints":{"allow":["GET"]}}],"collection":[{"href":"https:\/\/rms-enlinea.com.ar\/tienda\/wp-json\/wp\/v2\/product"}],"about":[{"href":"https:\/\/rms-enlinea.com.ar\/tienda\/wp-json\/wp\/v2\/types\/product"}],"replies":[{"embeddable":true,"href":"https:\/\/rms-enlinea.com.ar\/tienda\/wp-json\/wp\/v2\/comments?post=20230"}],"wp:featuredmedia":[{"embeddable":true,"href":"https:\/\/rms-enlinea.com.ar\/tienda\/wp-json\/wp\/v2\/media\/20231"}],"wp:attachment":[{"href":"https:\/\/rms-enlinea.com.ar\/tienda\/wp-json\/wp\/v2\/media?parent=20230"}],"wp:term":[{"taxonomy":"product_brand","embeddable":true,"href":"https:\/\/rms-enlinea.com.ar\/tienda\/wp-json\/wp\/v2\/product_brand?post=20230"},{"taxonomy":"product_cat","embeddable":true,"href":"https:\/\/rms-enlinea.com.ar\/tienda\/wp-json\/wp\/v2\/product_cat?post=20230"},{"taxonomy":"product_tag","embeddable":true,"href":"https:\/\/rms-enlinea.com.ar\/tienda\/wp-json\/wp\/v2\/product_tag?post=20230"}],"curies":[{"name":"wp","href":"https:\/\/api.w.org\/{rel}","templated":true}]}}