{"id":20275,"date":"2025-06-12T08:54:20","date_gmt":"2025-06-12T11:54:20","guid":{"rendered":"https:\/\/rms-enlinea.com.ar\/tienda\/producto\/cable-x-10m-de-microfono-stereo-adam-hall-ahkit-0017\/"},"modified":"2026-04-09T16:40:23","modified_gmt":"2026-04-09T19:40:23","slug":"cable-x-10m-de-microfono-stereo-adam-hall-ahkit-0017","status":"publish","type":"product","link":"https:\/\/rms-enlinea.com.ar\/tienda\/producto\/cable-x-10m-de-microfono-stereo-adam-hall-ahkit-0017\/","title":{"rendered":"Cable X 10m De Microfono Stereo Adam Hall Ahkit-0017"},"content":{"rendered":"<p>TIPO: CABLE DE MICR\u00d3FONO<br \/>COLOR: NEGRO<br \/>DI\u00c1METRO TOTAL: 6MM<br \/>SECCI\u00d3N TRANSVERSAL DEL CONDUCTOR CENTRAL: 0,22 MM\u00b2<br \/>MATERIAL DEL CONDUCTOR CENTRAL: DE C<br \/>CONSTRUCCI\u00d3N DEL CONDUCTOR CENTRAL: 28X0,2MM<br \/>N\u00daMERO DE CONDUCTORES INTERNOS: 2<br \/>IMPEDANCIA DE SOBRETENSI\u00d3N DE L\u00cdNEA: 100 OHMIOS<br \/>RESISTENCIA DE L\u00cdNEA: 53 OHMIOS<br \/>CAPACIDAD: 58 PF\/M<br \/>MATERIAL DE LA CHAQUETA: CLORURO DE POLIVINILO<br \/>PESO: 0,048KG<\/p>\n","protected":false},"excerpt":{"rendered":"<p>TIPO: CABLE DE MICR\u00d3FONOCOLOR: NEGRODI\u00c1METRO TOTAL: 6MMSECCI\u00d3N TRANSVERSAL DEL CONDUCTOR CENTRAL: 0,22 MM\u00b2MATERIAL DEL CONDUCTOR CENTRAL: DE CCONSTRUCCI\u00d3N DEL CONDUCTOR CENTRAL: 28X0,2MMN\u00daMERO DE CONDUCTORES INTERNOS: 2IMPEDANCIA DE SOBRETENSI\u00d3N DE L\u00cdNEA: 100 OHMIOSRESISTENCIA DE L\u00cdNEA: 53 OHMIOSCAPACIDAD: 58 PF\/MMATERIAL DE LA CHAQUETA: CLORURO DE POLIVINILOPESO: 0,048KG<\/p>\n","protected":false},"featured_media":20273,"comment_status":"open","ping_status":"closed","template":"","meta":{"_uag_custom_page_level_css":""},"product_brand":[674],"product_cat":[57],"product_tag":[],"class_list":{"0":"post-20275","1":"product","2":"type-product","3":"status-publish","4":"has-post-thumbnail","6":"product_brand-adamhall","7":"product_cat-cables","9":"first","10":"instock","11":"sale","12":"taxable","13":"shipping-taxable","14":"purchasable","15":"product-type-simple"},"uagb_featured_image_src":{"full":["https:\/\/rms-enlinea.com.ar\/wp-content\/uploads\/2025\/06\/D_657926-MLA54784943840_032023-F.jpg",501,796,false],"thumbnail":["https:\/\/rms-enlinea.com.ar\/wp-content\/uploads\/2025\/06\/D_657926-MLA54784943840_032023-F-150x150.jpg",150,150,true],"medium":["https:\/\/rms-enlinea.com.ar\/wp-content\/uploads\/2025\/06\/D_657926-MLA54784943840_032023-F-189x300.jpg",189,300,true],"medium_large":["https:\/\/rms-enlinea.com.ar\/wp-content\/uploads\/2025\/06\/D_657926-MLA54784943840_032023-F.jpg",501,796,false],"large":["https:\/\/rms-enlinea.com.ar\/wp-content\/uploads\/2025\/06\/D_657926-MLA54784943840_032023-F.jpg",501,796,false],"1536x1536":["https:\/\/rms-enlinea.com.ar\/wp-content\/uploads\/2025\/06\/D_657926-MLA54784943840_032023-F.jpg",501,796,false],"2048x2048":["https:\/\/rms-enlinea.com.ar\/wp-content\/uploads\/2025\/06\/D_657926-MLA54784943840_032023-F.jpg",501,796,false],"woocommerce_thumbnail":["https:\/\/rms-enlinea.com.ar\/wp-content\/uploads\/2025\/06\/D_657926-MLA54784943840_032023-F-450x450.jpg",450,450,true],"woocommerce_single":["https:\/\/rms-enlinea.com.ar\/wp-content\/uploads\/2025\/06\/D_657926-MLA54784943840_032023-F.jpg",501,796,false],"woocommerce_gallery_thumbnail":["https:\/\/rms-enlinea.com.ar\/wp-content\/uploads\/2025\/06\/D_657926-MLA54784943840_032023-F-100x100.jpg",100,100,true]},"uagb_author_info":{"display_name":"l0071054","author_link":"https:\/\/rms-enlinea.com.ar\/tienda\/author\/"},"uagb_comment_info":0,"uagb_excerpt":"TIPO: CABLE DE MICR\u00d3FONOCOLOR: NEGRODI\u00c1METRO TOTAL: 6MMSECCI\u00d3N TRANSVERSAL DEL CONDUCTOR CENTRAL: 0,22 MM\u00b2MATERIAL DEL CONDUCTOR CENTRAL: DE CCONSTRUCCI\u00d3N DEL CONDUCTOR CENTRAL: 28X0,2MMN\u00daMERO DE CONDUCTORES INTERNOS: 2IMPEDANCIA DE SOBRETENSI\u00d3N DE L\u00cdNEA: 100 OHMIOSRESISTENCIA DE L\u00cdNEA: 53 OHMIOSCAPACIDAD: 58 PF\/MMATERIAL DE LA CHAQUETA: CLORURO DE POLIVINILOPESO: 0,048KG","_links":{"self":[{"href":"https:\/\/rms-enlinea.com.ar\/tienda\/wp-json\/wp\/v2\/product\/20275","targetHints":{"allow":["GET"]}}],"collection":[{"href":"https:\/\/rms-enlinea.com.ar\/tienda\/wp-json\/wp\/v2\/product"}],"about":[{"href":"https:\/\/rms-enlinea.com.ar\/tienda\/wp-json\/wp\/v2\/types\/product"}],"replies":[{"embeddable":true,"href":"https:\/\/rms-enlinea.com.ar\/tienda\/wp-json\/wp\/v2\/comments?post=20275"}],"wp:featuredmedia":[{"embeddable":true,"href":"https:\/\/rms-enlinea.com.ar\/tienda\/wp-json\/wp\/v2\/media\/20273"}],"wp:attachment":[{"href":"https:\/\/rms-enlinea.com.ar\/tienda\/wp-json\/wp\/v2\/media?parent=20275"}],"wp:term":[{"taxonomy":"product_brand","embeddable":true,"href":"https:\/\/rms-enlinea.com.ar\/tienda\/wp-json\/wp\/v2\/product_brand?post=20275"},{"taxonomy":"product_cat","embeddable":true,"href":"https:\/\/rms-enlinea.com.ar\/tienda\/wp-json\/wp\/v2\/product_cat?post=20275"},{"taxonomy":"product_tag","embeddable":true,"href":"https:\/\/rms-enlinea.com.ar\/tienda\/wp-json\/wp\/v2\/product_tag?post=20275"}],"curies":[{"name":"wp","href":"https:\/\/api.w.org\/{rel}","templated":true}]}}