{"id":2028,"date":"2025-06-12T02:19:02","date_gmt":"2025-06-12T05:19:02","guid":{"rendered":"https:\/\/rms-enlinea.com.ar\/tienda\/producto\/mother-msi-pro-b760m-g-ddr4-lga-1700-12va-13va-14va-gen\/"},"modified":"2026-02-18T06:09:53","modified_gmt":"2026-02-18T09:09:53","slug":"mother-msi-pro-b760m-g-ddr4-lga-1700-12va-13va-14va-gen","status":"publish","type":"product","link":"https:\/\/rms-enlinea.com.ar\/tienda\/producto\/mother-msi-pro-b760m-g-ddr4-lga-1700-12va-13va-14va-gen\/","title":{"rendered":"Mother Msi Pro B760m-g Ddr4 Lga 1700 12va 13va 14va Gen"},"content":{"rendered":"<p>La motherboard MSI PRO B760M-G DDR4 es la elecci\u00f3n ideal para quienes buscan un rendimiento s\u00f3lido y confiable en sus sistemas. Dise\u00f1ada con un factor de forma Micro ATX, se adapta perfectamente a una variedad de gabinetes, optimizando el espacio sin sacrificar la funcionalidad. Su socket LGA 1700 es compatible con la \u00faltima generaci\u00f3n de procesadores Intel, lo que garantiza un rendimiento excepcional en tareas exigentes.<\/p>\n<p>Con un chipset Intel\u00ae B760, esta placa base ofrece una conectividad robusta y una gesti\u00f3n eficiente de recursos. Dispone de una ranura de expansi\u00f3n PCI Express x16, permitiendo la instalaci\u00f3n de tarjetas gr\u00e1ficas de alto rendimiento para aquellos que buscan mejorar su experiencia visual y de juego. Adem\u00e1s, soporta hasta 64 GB de memoria RAM DDR4, lo que proporciona la capacidad necesaria para multitareas y aplicaciones intensivas.<\/p>\n<p>El dise\u00f1o en color negro no solo aporta un toque est\u00e9tico, sino que tambi\u00e9n facilita la integraci\u00f3n en cualquier configuraci\u00f3n de hardware. La MSI PRO B760M-G es perfecta para entusiastas de la tecnolog\u00eda y gamers que desean construir un sistema potente y duradero. Con esta motherboard, cada componente de tu PC trabajar\u00e1 en perfecta armon\u00eda, asegurando un rendimiento \u00f3ptimo en todo momento.<\/p>\n","protected":false},"excerpt":{"rendered":"<p>La motherboard MSI PRO B760M-G DDR4 es la elecci\u00f3n ideal para quienes buscan un rendimiento s\u00f3lido y confiable en sus sistemas. Dise\u00f1ada con un factor de forma Micro ATX, se adapta perfectamente a una variedad de gabinetes, optimizando el espacio sin sacrificar la funcionalidad. Su socket LGA 1700 es compatible con la \u00faltima generaci\u00f3n de [&hellip;]<\/p>\n","protected":false},"featured_media":2029,"comment_status":"open","ping_status":"closed","template":"","meta":{"_uag_custom_page_level_css":""},"product_brand":[557],"product_cat":[115],"product_tag":[],"class_list":{"0":"post-2028","1":"product","2":"type-product","3":"status-publish","4":"has-post-thumbnail","6":"product_brand-msi","7":"product_cat-mother","9":"first","10":"outofstock","11":"sale","12":"taxable","13":"shipping-taxable","14":"purchasable","15":"product-type-simple"},"uagb_featured_image_src":{"full":["https:\/\/rms-enlinea.com.ar\/wp-content\/uploads\/2025\/06\/D_832843-MLU70217154843_062023-F.jpg",500,313,false],"thumbnail":["https:\/\/rms-enlinea.com.ar\/wp-content\/uploads\/2025\/06\/D_832843-MLU70217154843_062023-F-150x150.jpg",150,150,true],"medium":["https:\/\/rms-enlinea.com.ar\/wp-content\/uploads\/2025\/06\/D_832843-MLU70217154843_062023-F-300x188.jpg",300,188,true],"medium_large":["https:\/\/rms-enlinea.com.ar\/wp-content\/uploads\/2025\/06\/D_832843-MLU70217154843_062023-F.jpg",500,313,false],"large":["https:\/\/rms-enlinea.com.ar\/wp-content\/uploads\/2025\/06\/D_832843-MLU70217154843_062023-F.jpg",500,313,false],"1536x1536":["https:\/\/rms-enlinea.com.ar\/wp-content\/uploads\/2025\/06\/D_832843-MLU70217154843_062023-F.jpg",500,313,false],"2048x2048":["https:\/\/rms-enlinea.com.ar\/wp-content\/uploads\/2025\/06\/D_832843-MLU70217154843_062023-F.jpg",500,313,false],"woocommerce_thumbnail":["https:\/\/rms-enlinea.com.ar\/wp-content\/uploads\/2025\/06\/D_832843-MLU70217154843_062023-F-450x313.jpg",450,313,true],"woocommerce_single":["https:\/\/rms-enlinea.com.ar\/wp-content\/uploads\/2025\/06\/D_832843-MLU70217154843_062023-F.jpg",500,313,false],"woocommerce_gallery_thumbnail":["https:\/\/rms-enlinea.com.ar\/wp-content\/uploads\/2025\/06\/D_832843-MLU70217154843_062023-F-100x100.jpg",100,100,true]},"uagb_author_info":{"display_name":"l0071054","author_link":"https:\/\/rms-enlinea.com.ar\/tienda\/author\/"},"uagb_comment_info":0,"uagb_excerpt":"La motherboard MSI PRO B760M-G DDR4 es la elecci\u00f3n ideal para quienes buscan un rendimiento s\u00f3lido y confiable en sus sistemas. Dise\u00f1ada con un factor de forma Micro ATX, se adapta perfectamente a una variedad de gabinetes, optimizando el espacio sin sacrificar la funcionalidad. Su socket LGA 1700 es compatible con la \u00faltima generaci\u00f3n de&hellip;","_links":{"self":[{"href":"https:\/\/rms-enlinea.com.ar\/tienda\/wp-json\/wp\/v2\/product\/2028","targetHints":{"allow":["GET"]}}],"collection":[{"href":"https:\/\/rms-enlinea.com.ar\/tienda\/wp-json\/wp\/v2\/product"}],"about":[{"href":"https:\/\/rms-enlinea.com.ar\/tienda\/wp-json\/wp\/v2\/types\/product"}],"replies":[{"embeddable":true,"href":"https:\/\/rms-enlinea.com.ar\/tienda\/wp-json\/wp\/v2\/comments?post=2028"}],"wp:featuredmedia":[{"embeddable":true,"href":"https:\/\/rms-enlinea.com.ar\/tienda\/wp-json\/wp\/v2\/media\/2029"}],"wp:attachment":[{"href":"https:\/\/rms-enlinea.com.ar\/tienda\/wp-json\/wp\/v2\/media?parent=2028"}],"wp:term":[{"taxonomy":"product_brand","embeddable":true,"href":"https:\/\/rms-enlinea.com.ar\/tienda\/wp-json\/wp\/v2\/product_brand?post=2028"},{"taxonomy":"product_cat","embeddable":true,"href":"https:\/\/rms-enlinea.com.ar\/tienda\/wp-json\/wp\/v2\/product_cat?post=2028"},{"taxonomy":"product_tag","embeddable":true,"href":"https:\/\/rms-enlinea.com.ar\/tienda\/wp-json\/wp\/v2\/product_tag?post=2028"}],"curies":[{"name":"wp","href":"https:\/\/api.w.org\/{rel}","templated":true}]}}