{"id":20289,"date":"2025-06-12T08:54:44","date_gmt":"2025-06-12T11:54:44","guid":{"rendered":"https:\/\/rms-enlinea.com.ar\/tienda\/producto\/cierre-de-embutir-grande-rack-anvil-penn-elcom-5450\/"},"modified":"2026-04-21T04:00:47","modified_gmt":"2026-04-21T07:00:47","slug":"cierre-de-embutir-grande-rack-anvil-penn-elcom-5450","status":"publish","type":"product","link":"https:\/\/rms-enlinea.com.ar\/tienda\/producto\/cierre-de-embutir-grande-rack-anvil-penn-elcom-5450\/","title":{"rendered":"Cierre De Embutir Grande Rack Anvil Penn Elcom 5450"},"content":{"rendered":"<p>TIPO DE PRODUCTO: CIERRE DE EMBUTIR<br \/>\nTIPO: MARIPOSA<br \/>\nMATERIAL: ACERO<br \/>\nSUPERFICIE: GALVANIZADO<br \/>\nORIFICIOS DE MONTAJE: 5MM<br \/>\nPORTACANDADO: SI<br \/>\nOFF SET: SI<br \/>\nPROTECCI\u00d3N REMACHADA: NO<br \/>\nCON RESORTE: S\u00cd<br \/>\nFUNCI\u00d3N PUSH-FLAT: NO<\/p>\n","protected":false},"excerpt":{"rendered":"<p>TIPO DE PRODUCTO: CIERRE DE EMBUTIR TIPO: MARIPOSA MATERIAL: ACERO SUPERFICIE: GALVANIZADO ORIFICIOS DE MONTAJE: 5MM PORTACANDADO: SI OFF SET: SI PROTECCI\u00d3N REMACHADA: NO CON RESORTE: S\u00cd FUNCI\u00d3N PUSH-FLAT: NO<\/p>\n","protected":false},"featured_media":20290,"comment_status":"open","ping_status":"closed","template":"","meta":{"_uag_custom_page_level_css":""},"product_brand":[493],"product_cat":[39],"product_tag":[],"class_list":{"0":"post-20289","1":"product","2":"type-product","3":"status-publish","4":"has-post-thumbnail","6":"product_brand-rab","7":"product_cat-cierres","9":"first","10":"outofstock","11":"sale","12":"taxable","13":"shipping-taxable","14":"purchasable","15":"product-type-simple"},"uagb_featured_image_src":{"full":["https:\/\/rms-enlinea.com.ar\/wp-content\/uploads\/2025\/06\/D_740879-MLA75213545941_032024-F.jpg",813,1074,false],"thumbnail":["https:\/\/rms-enlinea.com.ar\/wp-content\/uploads\/2025\/06\/D_740879-MLA75213545941_032024-F-150x150.jpg",150,150,true],"medium":["https:\/\/rms-enlinea.com.ar\/wp-content\/uploads\/2025\/06\/D_740879-MLA75213545941_032024-F-227x300.jpg",227,300,true],"medium_large":["https:\/\/rms-enlinea.com.ar\/wp-content\/uploads\/2025\/06\/D_740879-MLA75213545941_032024-F-768x1015.jpg",768,1015,true],"large":["https:\/\/rms-enlinea.com.ar\/wp-content\/uploads\/2025\/06\/D_740879-MLA75213545941_032024-F-775x1024.jpg",775,1024,true],"1536x1536":["https:\/\/rms-enlinea.com.ar\/wp-content\/uploads\/2025\/06\/D_740879-MLA75213545941_032024-F.jpg",813,1074,false],"2048x2048":["https:\/\/rms-enlinea.com.ar\/wp-content\/uploads\/2025\/06\/D_740879-MLA75213545941_032024-F.jpg",813,1074,false],"woocommerce_thumbnail":["https:\/\/rms-enlinea.com.ar\/wp-content\/uploads\/2025\/06\/D_740879-MLA75213545941_032024-F-450x450.jpg",450,450,true],"woocommerce_single":["https:\/\/rms-enlinea.com.ar\/wp-content\/uploads\/2025\/06\/D_740879-MLA75213545941_032024-F-600x793.jpg",600,793,true],"woocommerce_gallery_thumbnail":["https:\/\/rms-enlinea.com.ar\/wp-content\/uploads\/2025\/06\/D_740879-MLA75213545941_032024-F-100x100.jpg",100,100,true]},"uagb_author_info":{"display_name":"l0071054","author_link":"https:\/\/rms-enlinea.com.ar\/tienda\/author\/"},"uagb_comment_info":0,"uagb_excerpt":"TIPO DE PRODUCTO: CIERRE DE EMBUTIR TIPO: MARIPOSA MATERIAL: ACERO SUPERFICIE: GALVANIZADO ORIFICIOS DE MONTAJE: 5MM PORTACANDADO: SI OFF SET: SI PROTECCI\u00d3N REMACHADA: NO CON RESORTE: S\u00cd FUNCI\u00d3N PUSH-FLAT: NO","_links":{"self":[{"href":"https:\/\/rms-enlinea.com.ar\/tienda\/wp-json\/wp\/v2\/product\/20289","targetHints":{"allow":["GET"]}}],"collection":[{"href":"https:\/\/rms-enlinea.com.ar\/tienda\/wp-json\/wp\/v2\/product"}],"about":[{"href":"https:\/\/rms-enlinea.com.ar\/tienda\/wp-json\/wp\/v2\/types\/product"}],"replies":[{"embeddable":true,"href":"https:\/\/rms-enlinea.com.ar\/tienda\/wp-json\/wp\/v2\/comments?post=20289"}],"wp:featuredmedia":[{"embeddable":true,"href":"https:\/\/rms-enlinea.com.ar\/tienda\/wp-json\/wp\/v2\/media\/20290"}],"wp:attachment":[{"href":"https:\/\/rms-enlinea.com.ar\/tienda\/wp-json\/wp\/v2\/media?parent=20289"}],"wp:term":[{"taxonomy":"product_brand","embeddable":true,"href":"https:\/\/rms-enlinea.com.ar\/tienda\/wp-json\/wp\/v2\/product_brand?post=20289"},{"taxonomy":"product_cat","embeddable":true,"href":"https:\/\/rms-enlinea.com.ar\/tienda\/wp-json\/wp\/v2\/product_cat?post=20289"},{"taxonomy":"product_tag","embeddable":true,"href":"https:\/\/rms-enlinea.com.ar\/tienda\/wp-json\/wp\/v2\/product_tag?post=20289"}],"curies":[{"name":"wp","href":"https:\/\/api.w.org\/{rel}","templated":true}]}}