{"id":2033,"date":"2025-06-12T02:19:16","date_gmt":"2025-06-12T05:19:16","guid":{"rendered":"https:\/\/rms-enlinea.com.ar\/tienda\/producto\/mother-gigabyte-b760m-d3hp-ddr4-s1700-12va-13va-14va-gen\/"},"modified":"2026-04-11T19:50:19","modified_gmt":"2026-04-11T22:50:19","slug":"mother-gigabyte-b760m-d3hp-ddr4-s1700-12va-13va-14va-gen","status":"publish","type":"product","link":"https:\/\/rms-enlinea.com.ar\/tienda\/producto\/mother-gigabyte-b760m-d3hp-ddr4-s1700-12va-13va-14va-gen\/","title":{"rendered":"Mother Gigabyte B760m D3hp Ddr4 S1700 12va 13va 14va Gen"},"content":{"rendered":"<p>Procesador<br \/>Z\u00f3calo LGA1700: Compatibilidad con procesadores Intel\u00ae Core\u2122, Pentium\u00ae Gold y Celeron\u00ae de 14.\u00aa, 13.\u00aa y 12.\u00aa generaci\u00f3n.<br \/> \tLa cach\u00e9 L3 var\u00eda seg\u00fan la CPU<\/p>\n<p>Conjunto de chips<\/p>\n<p>Conjunto de chips Intel\u00ae B760 Express<br \/>Memoria<br \/>Soporte para m\u00f3dulos de memoria DDR4 5333(OC)\/ 5133(OC)\/ 5000(OC)\/ 4933(OC)\/ 4800(OC)\/ 4700(OC)\/ 4600(OC)\/ 4500(OC)\/ 4400(OC)\/ 4300(OC)\/ 4266(OC)\/ 4133(OC)<br \/>\/ 4000(OC)\/ 3866(OC)\/ 3800(OC)\/ 3733(OC)\/ 3666(OC)\/ 3600(OC)\/ 3466(OC)\/ 3400(OC)\/ 3333(OC)\/ 3300(OC)\/3200\/3000\/2933\/2666\/2400\/2133 MT\/s<br \/> \t4 x DIMM DDR4 Z\u00f3calos que admiten hasta 128 GB (capacidad de DIMM individual de 32 GB) de memoria del sistema<br \/> \tArquitectura de memoria de doble canal<br \/> \tCompatibilidad con m\u00f3dulos de memoria DIMM 1Rx8\/2Rx8 sin b\u00fafer ECC (funcionan en modo no ECC)<br \/> \tCompatibilidad con m\u00f3dulos de memoria DIMM 1Rx8\/2Rx8\/1Rx16 sin b\u00fafer ECC<br \/> \tCompatibilidad con m\u00f3dulos de memoria Extreme Memory Profile (XMP)<br \/>Gr\u00e1ficos integrados<br \/>Procesador de gr\u00e1ficos integrado: compatibilidad con gr\u00e1ficos Intel\u00ae HD:<br \/> \t&#8211; 1 puerto D-Sub, que admite una resoluci\u00f3n m\u00e1xima de 1920 x 1200 a 60 Hz<br \/> \t&#8211; 1 puerto HDMI, que admite una resoluci\u00f3n m\u00e1xima de 4096 x 2160 a 60 Hz<br \/> \t&#8211; 1 x DisplayPort, que admite una resoluci\u00f3n m\u00e1xima de 4096&#215;2304 a 60 Hz<br \/> \tAdmite hasta tres pantallas al mismo tiempo<br \/>Audio<br \/>CODEC de audio Realtek\u00ae<br \/> \tAudio de alta definici\u00f3n de<br \/> \t2\/4\/5.1\/7.1 canales<br \/>Red local<br \/>Chip LAN Realtek\u00ae GbE (1 Gbps\/100 Mbps\/10 Mbps)<br \/>BIOS<br \/>1 x 128 Mbit flash<br \/> \tUso de AMI UEFI BIOS<br \/> \tPnP 1.0a, DMI 2.7, WfM 2.0, SM BIOS 2.7, ACPI 5.0 con licencia<\/p>\n<p>Caracter\u00edsticas \u00fanicas<\/p>\n<p>Soporte para el Centro de Control de GIGABYTE (GCC)<br \/> \tSoporte para Q-Flash<br \/> \tSoporte para Q-Flash Plus<br \/> Software incluido\t<br \/>Software de gesti\u00f3n de ancho de banda LAN Norton\u00ae Internet Security (versi\u00f3n OEM)<br \/>Sistema Operativo<br \/>Soporte para Windows 11 de 64 bits<br \/> \tSoporte para Windows 10 de 64 bits<br \/>Dise\u00f1o<br \/>Factor de forma Micro ATX; 24,4 cm x 24,4 cm<\/p>\n","protected":false},"excerpt":{"rendered":"<p>ProcesadorZ\u00f3calo LGA1700: Compatibilidad con procesadores Intel\u00ae Core\u2122, Pentium\u00ae Gold y Celeron\u00ae de 14.\u00aa, 13.\u00aa y 12.\u00aa generaci\u00f3n. La cach\u00e9 L3 var\u00eda seg\u00fan la CPU Conjunto de chips Conjunto de chips Intel\u00ae B760 ExpressMemoriaSoporte para m\u00f3dulos de memoria DDR4 5333(OC)\/ 5133(OC)\/ 5000(OC)\/ 4933(OC)\/ 4800(OC)\/ 4700(OC)\/ 4600(OC)\/ 4500(OC)\/ 4400(OC)\/ 4300(OC)\/ 4266(OC)\/ 4133(OC)\/ 4000(OC)\/ 3866(OC)\/ 3800(OC)\/ 3733(OC)\/ 3666(OC)\/ [&hellip;]<\/p>\n","protected":false},"featured_media":2034,"comment_status":"open","ping_status":"closed","template":"","meta":{"_uag_custom_page_level_css":""},"product_brand":[532],"product_cat":[115],"product_tag":[],"class_list":{"0":"post-2033","1":"product","2":"type-product","3":"status-publish","4":"has-post-thumbnail","6":"product_brand-gigabyte","7":"product_cat-mother","9":"first","10":"instock","11":"sale","12":"taxable","13":"shipping-taxable","14":"purchasable","15":"product-type-simple"},"uagb_featured_image_src":{"full":["https:\/\/rms-enlinea.com.ar\/wp-content\/uploads\/2025\/06\/D_867352-MLA80821039493_112024-F.jpg",1061,642,false],"thumbnail":["https:\/\/rms-enlinea.com.ar\/wp-content\/uploads\/2025\/06\/D_867352-MLA80821039493_112024-F-150x150.jpg",150,150,true],"medium":["https:\/\/rms-enlinea.com.ar\/wp-content\/uploads\/2025\/06\/D_867352-MLA80821039493_112024-F-300x182.jpg",300,182,true],"medium_large":["https:\/\/rms-enlinea.com.ar\/wp-content\/uploads\/2025\/06\/D_867352-MLA80821039493_112024-F-768x465.jpg",768,465,true],"large":["https:\/\/rms-enlinea.com.ar\/wp-content\/uploads\/2025\/06\/D_867352-MLA80821039493_112024-F-1024x620.jpg",1024,620,true],"1536x1536":["https:\/\/rms-enlinea.com.ar\/wp-content\/uploads\/2025\/06\/D_867352-MLA80821039493_112024-F.jpg",1061,642,false],"2048x2048":["https:\/\/rms-enlinea.com.ar\/wp-content\/uploads\/2025\/06\/D_867352-MLA80821039493_112024-F.jpg",1061,642,false],"woocommerce_thumbnail":["https:\/\/rms-enlinea.com.ar\/wp-content\/uploads\/2025\/06\/D_867352-MLA80821039493_112024-F-450x450.jpg",450,450,true],"woocommerce_single":["https:\/\/rms-enlinea.com.ar\/wp-content\/uploads\/2025\/06\/D_867352-MLA80821039493_112024-F-600x363.jpg",600,363,true],"woocommerce_gallery_thumbnail":["https:\/\/rms-enlinea.com.ar\/wp-content\/uploads\/2025\/06\/D_867352-MLA80821039493_112024-F-100x100.jpg",100,100,true]},"uagb_author_info":{"display_name":"l0071054","author_link":"https:\/\/rms-enlinea.com.ar\/tienda\/author\/"},"uagb_comment_info":0,"uagb_excerpt":"ProcesadorZ\u00f3calo LGA1700: Compatibilidad con procesadores Intel\u00ae Core\u2122, Pentium\u00ae Gold y Celeron\u00ae de 14.\u00aa, 13.\u00aa y 12.\u00aa generaci\u00f3n. La cach\u00e9 L3 var\u00eda seg\u00fan la CPU Conjunto de chips Conjunto de chips Intel\u00ae B760 ExpressMemoriaSoporte para m\u00f3dulos de memoria DDR4 5333(OC)\/ 5133(OC)\/ 5000(OC)\/ 4933(OC)\/ 4800(OC)\/ 4700(OC)\/ 4600(OC)\/ 4500(OC)\/ 4400(OC)\/ 4300(OC)\/ 4266(OC)\/ 4133(OC)\/ 4000(OC)\/ 3866(OC)\/ 3800(OC)\/ 3733(OC)\/ 3666(OC)\/&hellip;","_links":{"self":[{"href":"https:\/\/rms-enlinea.com.ar\/tienda\/wp-json\/wp\/v2\/product\/2033","targetHints":{"allow":["GET"]}}],"collection":[{"href":"https:\/\/rms-enlinea.com.ar\/tienda\/wp-json\/wp\/v2\/product"}],"about":[{"href":"https:\/\/rms-enlinea.com.ar\/tienda\/wp-json\/wp\/v2\/types\/product"}],"replies":[{"embeddable":true,"href":"https:\/\/rms-enlinea.com.ar\/tienda\/wp-json\/wp\/v2\/comments?post=2033"}],"wp:featuredmedia":[{"embeddable":true,"href":"https:\/\/rms-enlinea.com.ar\/tienda\/wp-json\/wp\/v2\/media\/2034"}],"wp:attachment":[{"href":"https:\/\/rms-enlinea.com.ar\/tienda\/wp-json\/wp\/v2\/media?parent=2033"}],"wp:term":[{"taxonomy":"product_brand","embeddable":true,"href":"https:\/\/rms-enlinea.com.ar\/tienda\/wp-json\/wp\/v2\/product_brand?post=2033"},{"taxonomy":"product_cat","embeddable":true,"href":"https:\/\/rms-enlinea.com.ar\/tienda\/wp-json\/wp\/v2\/product_cat?post=2033"},{"taxonomy":"product_tag","embeddable":true,"href":"https:\/\/rms-enlinea.com.ar\/tienda\/wp-json\/wp\/v2\/product_tag?post=2033"}],"curies":[{"name":"wp","href":"https:\/\/api.w.org\/{rel}","templated":true}]}}