{"id":20330,"date":"2025-06-12T08:55:32","date_gmt":"2025-06-12T11:55:32","guid":{"rendered":"https:\/\/rms-enlinea.com.ar\/tienda\/producto\/monitor-de-estudio-8-pulgadas-yamaha-hs8-activos-120w-rms\/"},"modified":"2026-04-21T03:58:33","modified_gmt":"2026-04-21T06:58:33","slug":"monitor-de-estudio-8-pulgadas-yamaha-hs8-activos-120w-rms","status":"publish","type":"product","link":"https:\/\/rms-enlinea.com.ar\/tienda\/producto\/monitor-de-estudio-8-pulgadas-yamaha-hs8-activos-120w-rms\/","title":{"rendered":"Monitor De Estudio 8 Pulgadas Yamaha Hs8 Activos 120w Rms"},"content":{"rendered":"<p>HS8 MONITOR DE ESTUDIO AUTOAMPLIFICADO<\/p>\n<p>Monitor de estudio de 2 v\u00edas y campo cercano, bass-reflex biamplificado, con woofer de cono de 8 pulgadas y tweeter de c\u00fapula de 1 pulgada.<\/p>\n<p>Monitor de estudio de 2 v\u00edas y campo cercano, con woofer de cono de 8 pulgadas y tweeter de c\u00fapula de 1 pulgada<br \/>\nRespuesta de frecuencia de 38Hz &#8211; 30kHz.<br \/>\nSistema biamplificado con 75W LF m\u00e1s 45W HF para una amplificaci\u00f3n de alto rendimiento de 120W<br \/>\nControles de respuesta ROOM CONTROL y HIGH TRIM<br \/>\nEntradas de jack telef\u00f3nico XLR y TRS que aceptan se\u00f1ales balanceadas y no balanceadas<\/p>\n<p>TODOS NUESTROS PRODUCTOS SON ORIGINALES Y POSEEN GARANT\u00cdA OFICIAL DEL FABRICANTE<\/p>\n","protected":false},"excerpt":{"rendered":"<p>HS8 MONITOR DE ESTUDIO AUTOAMPLIFICADO Monitor de estudio de 2 v\u00edas y campo cercano, bass-reflex biamplificado, con woofer de cono de 8 pulgadas y tweeter de c\u00fapula de 1 pulgada. Monitor de estudio de 2 v\u00edas y campo cercano, con woofer de cono de 8 pulgadas y tweeter de c\u00fapula de 1 pulgada Respuesta de [&hellip;]<\/p>\n","protected":false},"featured_media":20323,"comment_status":"open","ping_status":"closed","template":"","meta":{"_uag_custom_page_level_css":""},"product_brand":[496],"product_cat":[76],"product_tag":[],"class_list":{"0":"post-20330","1":"product","2":"type-product","3":"status-publish","4":"has-post-thumbnail","6":"product_brand-yamaha","7":"product_cat-monitores-de-estudio","9":"first","10":"outofstock","11":"sale","12":"taxable","13":"shipping-taxable","14":"purchasable","15":"product-type-simple"},"uagb_featured_image_src":{"full":["https:\/\/rms-enlinea.com.ar\/wp-content\/uploads\/2025\/06\/D_739928-MLA49475705687_032022-F.jpg",652,1094,false],"thumbnail":["https:\/\/rms-enlinea.com.ar\/wp-content\/uploads\/2025\/06\/D_739928-MLA49475705687_032022-F-150x150.jpg",150,150,true],"medium":["https:\/\/rms-enlinea.com.ar\/wp-content\/uploads\/2025\/06\/D_739928-MLA49475705687_032022-F-179x300.jpg",179,300,true],"medium_large":["https:\/\/rms-enlinea.com.ar\/wp-content\/uploads\/2025\/06\/D_739928-MLA49475705687_032022-F.jpg",652,1094,false],"large":["https:\/\/rms-enlinea.com.ar\/wp-content\/uploads\/2025\/06\/D_739928-MLA49475705687_032022-F-610x1024.jpg",610,1024,true],"1536x1536":["https:\/\/rms-enlinea.com.ar\/wp-content\/uploads\/2025\/06\/D_739928-MLA49475705687_032022-F.jpg",652,1094,false],"2048x2048":["https:\/\/rms-enlinea.com.ar\/wp-content\/uploads\/2025\/06\/D_739928-MLA49475705687_032022-F.jpg",652,1094,false],"woocommerce_thumbnail":["https:\/\/rms-enlinea.com.ar\/wp-content\/uploads\/2025\/06\/D_739928-MLA49475705687_032022-F-450x450.jpg",450,450,true],"woocommerce_single":["https:\/\/rms-enlinea.com.ar\/wp-content\/uploads\/2025\/06\/D_739928-MLA49475705687_032022-F-600x1007.jpg",600,1007,true],"woocommerce_gallery_thumbnail":["https:\/\/rms-enlinea.com.ar\/wp-content\/uploads\/2025\/06\/D_739928-MLA49475705687_032022-F-100x100.jpg",100,100,true]},"uagb_author_info":{"display_name":"l0071054","author_link":"https:\/\/rms-enlinea.com.ar\/tienda\/author\/"},"uagb_comment_info":0,"uagb_excerpt":"HS8 MONITOR DE ESTUDIO AUTOAMPLIFICADO Monitor de estudio de 2 v\u00edas y campo cercano, bass-reflex biamplificado, con woofer de cono de 8 pulgadas y tweeter de c\u00fapula de 1 pulgada. Monitor de estudio de 2 v\u00edas y campo cercano, con woofer de cono de 8 pulgadas y tweeter de c\u00fapula de 1 pulgada Respuesta de&hellip;","_links":{"self":[{"href":"https:\/\/rms-enlinea.com.ar\/tienda\/wp-json\/wp\/v2\/product\/20330","targetHints":{"allow":["GET"]}}],"collection":[{"href":"https:\/\/rms-enlinea.com.ar\/tienda\/wp-json\/wp\/v2\/product"}],"about":[{"href":"https:\/\/rms-enlinea.com.ar\/tienda\/wp-json\/wp\/v2\/types\/product"}],"replies":[{"embeddable":true,"href":"https:\/\/rms-enlinea.com.ar\/tienda\/wp-json\/wp\/v2\/comments?post=20330"}],"wp:featuredmedia":[{"embeddable":true,"href":"https:\/\/rms-enlinea.com.ar\/tienda\/wp-json\/wp\/v2\/media\/20323"}],"wp:attachment":[{"href":"https:\/\/rms-enlinea.com.ar\/tienda\/wp-json\/wp\/v2\/media?parent=20330"}],"wp:term":[{"taxonomy":"product_brand","embeddable":true,"href":"https:\/\/rms-enlinea.com.ar\/tienda\/wp-json\/wp\/v2\/product_brand?post=20330"},{"taxonomy":"product_cat","embeddable":true,"href":"https:\/\/rms-enlinea.com.ar\/tienda\/wp-json\/wp\/v2\/product_cat?post=20330"},{"taxonomy":"product_tag","embeddable":true,"href":"https:\/\/rms-enlinea.com.ar\/tienda\/wp-json\/wp\/v2\/product_tag?post=20330"}],"curies":[{"name":"wp","href":"https:\/\/api.w.org\/{rel}","templated":true}]}}