{"id":20433,"date":"2025-06-12T08:57:38","date_gmt":"2025-06-12T11:57:38","guid":{"rendered":"https:\/\/rms-enlinea.com.ar\/tienda\/producto\/consola-yamaha-mg16-mixer-mg-de-mezcla-16ch-100v-240v\/"},"modified":"2026-04-21T04:59:06","modified_gmt":"2026-04-21T07:59:06","slug":"consola-yamaha-mg16-mixer-mg-de-mezcla-16ch-100v-240v","status":"publish","type":"product","link":"https:\/\/rms-enlinea.com.ar\/tienda\/producto\/consola-yamaha-mg16-mixer-mg-de-mezcla-16ch-100v-240v\/","title":{"rendered":"Consola Yamaha Mg16 Mixer Mg De Mezcla 16ch 100v\/240v"},"content":{"rendered":"<p>Yamaha inspira y potencia a quienes aman la m\u00fasica. Con sus productos, reconocidos a nivel mundial, das un paso al frente. Tus sue\u00f1os se hacen realidad de la mano de Yamaha.<\/p>\n<p>Alimentaci\u00f3n fantasma<br \/>\nLa alimentaci\u00f3n fantasma, o alimentaci\u00f3n phantom, proporciona corriente continua a los dispositivos que lo necesitan, por ejemplo un micr\u00f3fono. Este tipo de alimentaci\u00f3n hace que estos dispositivos se estandaricen y que sea m\u00e1s c\u00f3modo y pr\u00e1ctico el proceso de instalaci\u00f3n, ya que no requiere muchas fuentes de alimentaci\u00f3n separadas.<\/p>\n<p>MG16 Consola de mezclas<br \/>\nPrecio de venta recomendado: 580,00 \u20ac<br \/>\nMesa de mezclas de 16 canales: m\u00e1ximo 10 entradas de micro\/16 de l\u00ednea (8 mono + 4 est\u00e9reo); 4 buses de grupo + 1 bus est\u00e9reo; 4 env\u00edos AUX.<\/p>\n<p>Mesa de mezclas de 16 canales<br \/>\nHasta un m\u00e1ximo de 10 entradas de micro\/16 de l\u00ednea (8 mono + 4 est\u00e9reo)<br \/>\n4 buses de grupo + 1 bus est\u00e9reo<br \/>\n4 env\u00edos AUX<br \/>\nPreamplificadores de micro \u201cD-PRE\u201d con circuito Darlington invertido<br \/>\nCompresores de mando \u00fanico<br \/>\nInterruptor de atenuaci\u00f3n (PAD) en las entradas mono<br \/>\nAlimentaci\u00f3n phantom +48 V<br \/>\nSalidas XLR balanceadas<br \/>\nFuente de alimentaci\u00f3n interna universal para poder utilizar la mesa en cualquier parte del mundo<br \/>\nKit para montaje en rack incluido<br \/>\nChasis met\u00e1lico<br \/>\nDimensiones (ancho x alto x profundo): 444 mm x 130 mm x 500 mm<br \/>\nPeso neto: 6,6 kg<\/p>\n","protected":false},"excerpt":{"rendered":"<p>Yamaha inspira y potencia a quienes aman la m\u00fasica. Con sus productos, reconocidos a nivel mundial, das un paso al frente. Tus sue\u00f1os se hacen realidad de la mano de Yamaha. Alimentaci\u00f3n fantasma La alimentaci\u00f3n fantasma, o alimentaci\u00f3n phantom, proporciona corriente continua a los dispositivos que lo necesitan, por ejemplo un micr\u00f3fono. Este tipo de [&hellip;]<\/p>\n","protected":false},"featured_media":20434,"comment_status":"open","ping_status":"closed","template":"","meta":{"_uag_custom_page_level_css":""},"product_brand":[496],"product_cat":[59],"product_tag":[],"class_list":{"0":"post-20433","1":"product","2":"type-product","3":"status-publish","4":"has-post-thumbnail","6":"product_brand-yamaha","7":"product_cat-consolas-y-mixers","9":"first","10":"outofstock","11":"sale","12":"taxable","13":"shipping-taxable","14":"purchasable","15":"product-type-simple"},"uagb_featured_image_src":{"full":["https:\/\/rms-enlinea.com.ar\/wp-content\/uploads\/2025\/06\/D_924290-MLA49429529019_032022-F.jpg",948,888,false],"thumbnail":["https:\/\/rms-enlinea.com.ar\/wp-content\/uploads\/2025\/06\/D_924290-MLA49429529019_032022-F-150x150.jpg",150,150,true],"medium":["https:\/\/rms-enlinea.com.ar\/wp-content\/uploads\/2025\/06\/D_924290-MLA49429529019_032022-F-300x281.jpg",300,281,true],"medium_large":["https:\/\/rms-enlinea.com.ar\/wp-content\/uploads\/2025\/06\/D_924290-MLA49429529019_032022-F-768x719.jpg",768,719,true],"large":["https:\/\/rms-enlinea.com.ar\/wp-content\/uploads\/2025\/06\/D_924290-MLA49429529019_032022-F.jpg",948,888,false],"1536x1536":["https:\/\/rms-enlinea.com.ar\/wp-content\/uploads\/2025\/06\/D_924290-MLA49429529019_032022-F.jpg",948,888,false],"2048x2048":["https:\/\/rms-enlinea.com.ar\/wp-content\/uploads\/2025\/06\/D_924290-MLA49429529019_032022-F.jpg",948,888,false],"woocommerce_thumbnail":["https:\/\/rms-enlinea.com.ar\/wp-content\/uploads\/2025\/06\/D_924290-MLA49429529019_032022-F-450x450.jpg",450,450,true],"woocommerce_single":["https:\/\/rms-enlinea.com.ar\/wp-content\/uploads\/2025\/06\/D_924290-MLA49429529019_032022-F-600x562.jpg",600,562,true],"woocommerce_gallery_thumbnail":["https:\/\/rms-enlinea.com.ar\/wp-content\/uploads\/2025\/06\/D_924290-MLA49429529019_032022-F-100x100.jpg",100,100,true]},"uagb_author_info":{"display_name":"l0071054","author_link":"https:\/\/rms-enlinea.com.ar\/tienda\/author\/"},"uagb_comment_info":0,"uagb_excerpt":"Yamaha inspira y potencia a quienes aman la m\u00fasica. Con sus productos, reconocidos a nivel mundial, das un paso al frente. Tus sue\u00f1os se hacen realidad de la mano de Yamaha. Alimentaci\u00f3n fantasma La alimentaci\u00f3n fantasma, o alimentaci\u00f3n phantom, proporciona corriente continua a los dispositivos que lo necesitan, por ejemplo un micr\u00f3fono. Este tipo de&hellip;","_links":{"self":[{"href":"https:\/\/rms-enlinea.com.ar\/tienda\/wp-json\/wp\/v2\/product\/20433","targetHints":{"allow":["GET"]}}],"collection":[{"href":"https:\/\/rms-enlinea.com.ar\/tienda\/wp-json\/wp\/v2\/product"}],"about":[{"href":"https:\/\/rms-enlinea.com.ar\/tienda\/wp-json\/wp\/v2\/types\/product"}],"replies":[{"embeddable":true,"href":"https:\/\/rms-enlinea.com.ar\/tienda\/wp-json\/wp\/v2\/comments?post=20433"}],"wp:featuredmedia":[{"embeddable":true,"href":"https:\/\/rms-enlinea.com.ar\/tienda\/wp-json\/wp\/v2\/media\/20434"}],"wp:attachment":[{"href":"https:\/\/rms-enlinea.com.ar\/tienda\/wp-json\/wp\/v2\/media?parent=20433"}],"wp:term":[{"taxonomy":"product_brand","embeddable":true,"href":"https:\/\/rms-enlinea.com.ar\/tienda\/wp-json\/wp\/v2\/product_brand?post=20433"},{"taxonomy":"product_cat","embeddable":true,"href":"https:\/\/rms-enlinea.com.ar\/tienda\/wp-json\/wp\/v2\/product_cat?post=20433"},{"taxonomy":"product_tag","embeddable":true,"href":"https:\/\/rms-enlinea.com.ar\/tienda\/wp-json\/wp\/v2\/product_tag?post=20433"}],"curies":[{"name":"wp","href":"https:\/\/api.w.org\/{rel}","templated":true}]}}