{"id":2058,"date":"2025-06-12T02:19:47","date_gmt":"2025-06-12T05:19:47","guid":{"rendered":"https:\/\/rms-enlinea.com.ar\/tienda\/producto\/motherboard-gigabyte-a620m-h-ddr5-am5-7000-8000\/"},"modified":"2026-04-21T04:38:49","modified_gmt":"2026-04-21T07:38:49","slug":"motherboard-gigabyte-a620m-h-ddr5-am5-7000-8000","status":"publish","type":"product","link":"https:\/\/rms-enlinea.com.ar\/tienda\/producto\/motherboard-gigabyte-a620m-h-ddr5-am5-7000-8000\/","title":{"rendered":"Motherboard Gigabyte A620m H Ddr5 Am5 7000 8000"},"content":{"rendered":"<p>UPC<br \/>AMD Socket AM5, soporte para: Procesadores AMD Ryzen\u2122 7000\/ Ryzen\u2122 8000 Series<br \/>conjunto de chips<br \/>AMD A620<br \/>Memoria<br \/>1. Compatibilidad con m\u00f3dulos de memoria DDR5 6400(OC)\/6200(OC)\/6000(OC)\/5600(OC)\/5200\/4800\/4400 MT\/s<br \/> \t2. 2 x z\u00f3calos DIMM DDR5 que admiten hasta 96 GB (48 GB de capacidad DIMM \u00fanica) de memoria del sistema<br \/> \t3. Arquitectura de memoria de doble canal<br \/> \t4. Compatibilidad con m\u00f3dulos de memoria DIMM 1Rx8\/2Rx8\/1Rx16 sin b\u00fafer y sin ECC<\/p>\n<p>5. Compatibilidad con los m\u00f3dulos de memoria AMD EXtended Profiles for Overclocking (AMD EXPO\u2122) y<\/p>\n<p>Extreme Memory Profile (XMP)<\/p>\n<p>Gr\u00e1ficos integrados<br \/>Procesador de gr\u00e1ficos integrado:<br \/> \t1. 1 x DisplayPort, compatible con una resoluci\u00f3n m\u00e1xima de 3840&#215;2160@144 Hz<br \/> \t* Compatibilidad con la versi\u00f3n DisplayPort 1.4.<br \/> \t2. 1 x puerto HDMI, que admite una resoluci\u00f3n m\u00e1xima de 4096&#215;2160@60 Hz<br \/> \t* Compatibilidad con la versi\u00f3n HDMI 2.1 y HDCP 2.3.<br \/> \t** Compatibilidad con puertos nativos compatibles con HDMI 2.1 TMDS.<br \/>Audio<br \/>1. CODEC de audio Realtek\u00ae<br \/> \t2. Audio de alta definici\u00f3n<br \/> \t3. 2\/4\/5.1\/7.1 canales<br \/>LAN<br \/>Chip LAN Realtek\u00ae GbE (1 Gbps\/100 Mbps\/10 Mbps)<br \/>BIOS<br \/>1. 1 flash de 256 Mbit<br \/> \t2. Uso de BIOS AMI UEFI con licencia<br \/> \t3. PnP 1.0a, DMI 2.7, WfM 2.0, SM BIOS 2.7, ACPI 5.0<br \/>Caracter\u00edsticas unicas<br \/>1. Soporte para GIGABYTE Control Center (GCC)<br \/> \t2. Soporte para Q-Flash Plus<br \/> \t3. Soporte para Q-Flash<br \/>Software incluido<br \/>1. Norton\u00ae Internet Security (versi\u00f3n OEM)<br \/> \t2. Software de gesti\u00f3n de ancho de banda LAN<br \/>Sistema operativo<br \/>1. Soporte para Windows 11 de 64 bits<br \/> \t2. Soporte para Windows 10 de 64 bits<br \/>Factor de forma<br \/>Factor de forma Micro ATX; 23,0 x 22,5 cm.<\/p>\n","protected":false},"excerpt":{"rendered":"<p>UPCAMD Socket AM5, soporte para: Procesadores AMD Ryzen\u2122 7000\/ Ryzen\u2122 8000 Seriesconjunto de chipsAMD A620Memoria1. Compatibilidad con m\u00f3dulos de memoria DDR5 6400(OC)\/6200(OC)\/6000(OC)\/5600(OC)\/5200\/4800\/4400 MT\/s 2. 2 x z\u00f3calos DIMM DDR5 que admiten hasta 96 GB (48 GB de capacidad DIMM \u00fanica) de memoria del sistema 3. Arquitectura de memoria de doble canal 4. Compatibilidad con m\u00f3dulos [&hellip;]<\/p>\n","protected":false},"featured_media":2059,"comment_status":"open","ping_status":"closed","template":"","meta":{"_uag_custom_page_level_css":""},"product_brand":[532],"product_cat":[115],"product_tag":[],"class_list":{"0":"post-2058","1":"product","2":"type-product","3":"status-publish","4":"has-post-thumbnail","6":"product_brand-gigabyte","7":"product_cat-mother","9":"first","10":"outofstock","11":"sale","12":"taxable","13":"shipping-taxable","14":"purchasable","15":"product-type-simple"},"uagb_featured_image_src":{"full":["https:\/\/rms-enlinea.com.ar\/wp-content\/uploads\/2025\/06\/D_705764-MLA74247193331_012024-F.jpg",1074,682,false],"thumbnail":["https:\/\/rms-enlinea.com.ar\/wp-content\/uploads\/2025\/06\/D_705764-MLA74247193331_012024-F-150x150.jpg",150,150,true],"medium":["https:\/\/rms-enlinea.com.ar\/wp-content\/uploads\/2025\/06\/D_705764-MLA74247193331_012024-F-300x191.jpg",300,191,true],"medium_large":["https:\/\/rms-enlinea.com.ar\/wp-content\/uploads\/2025\/06\/D_705764-MLA74247193331_012024-F-768x488.jpg",768,488,true],"large":["https:\/\/rms-enlinea.com.ar\/wp-content\/uploads\/2025\/06\/D_705764-MLA74247193331_012024-F-1024x650.jpg",1024,650,true],"1536x1536":["https:\/\/rms-enlinea.com.ar\/wp-content\/uploads\/2025\/06\/D_705764-MLA74247193331_012024-F.jpg",1074,682,false],"2048x2048":["https:\/\/rms-enlinea.com.ar\/wp-content\/uploads\/2025\/06\/D_705764-MLA74247193331_012024-F.jpg",1074,682,false],"woocommerce_thumbnail":["https:\/\/rms-enlinea.com.ar\/wp-content\/uploads\/2025\/06\/D_705764-MLA74247193331_012024-F-450x450.jpg",450,450,true],"woocommerce_single":["https:\/\/rms-enlinea.com.ar\/wp-content\/uploads\/2025\/06\/D_705764-MLA74247193331_012024-F-600x381.jpg",600,381,true],"woocommerce_gallery_thumbnail":["https:\/\/rms-enlinea.com.ar\/wp-content\/uploads\/2025\/06\/D_705764-MLA74247193331_012024-F-100x100.jpg",100,100,true]},"uagb_author_info":{"display_name":"l0071054","author_link":"https:\/\/rms-enlinea.com.ar\/tienda\/author\/"},"uagb_comment_info":0,"uagb_excerpt":"UPCAMD Socket AM5, soporte para: Procesadores AMD Ryzen\u2122 7000\/ Ryzen\u2122 8000 Seriesconjunto de chipsAMD A620Memoria1. Compatibilidad con m\u00f3dulos de memoria DDR5 6400(OC)\/6200(OC)\/6000(OC)\/5600(OC)\/5200\/4800\/4400 MT\/s 2. 2 x z\u00f3calos DIMM DDR5 que admiten hasta 96 GB (48 GB de capacidad DIMM \u00fanica) de memoria del sistema 3. Arquitectura de memoria de doble canal 4. Compatibilidad con m\u00f3dulos&hellip;","_links":{"self":[{"href":"https:\/\/rms-enlinea.com.ar\/tienda\/wp-json\/wp\/v2\/product\/2058","targetHints":{"allow":["GET"]}}],"collection":[{"href":"https:\/\/rms-enlinea.com.ar\/tienda\/wp-json\/wp\/v2\/product"}],"about":[{"href":"https:\/\/rms-enlinea.com.ar\/tienda\/wp-json\/wp\/v2\/types\/product"}],"replies":[{"embeddable":true,"href":"https:\/\/rms-enlinea.com.ar\/tienda\/wp-json\/wp\/v2\/comments?post=2058"}],"wp:featuredmedia":[{"embeddable":true,"href":"https:\/\/rms-enlinea.com.ar\/tienda\/wp-json\/wp\/v2\/media\/2059"}],"wp:attachment":[{"href":"https:\/\/rms-enlinea.com.ar\/tienda\/wp-json\/wp\/v2\/media?parent=2058"}],"wp:term":[{"taxonomy":"product_brand","embeddable":true,"href":"https:\/\/rms-enlinea.com.ar\/tienda\/wp-json\/wp\/v2\/product_brand?post=2058"},{"taxonomy":"product_cat","embeddable":true,"href":"https:\/\/rms-enlinea.com.ar\/tienda\/wp-json\/wp\/v2\/product_cat?post=2058"},{"taxonomy":"product_tag","embeddable":true,"href":"https:\/\/rms-enlinea.com.ar\/tienda\/wp-json\/wp\/v2\/product_tag?post=2058"}],"curies":[{"name":"wp","href":"https:\/\/api.w.org\/{rel}","templated":true}]}}