{"id":20595,"date":"2025-06-12T09:01:42","date_gmt":"2025-06-12T12:01:42","guid":{"rendered":"https:\/\/rms-enlinea.com.ar\/tienda\/producto\/palillos-2b-con-punta-de-madera-wotan-w2bpm\/"},"modified":"2026-05-04T09:34:55","modified_gmt":"2026-05-04T12:34:55","slug":"palillos-2b-con-punta-de-madera-wotan-w2bpm","status":"publish","type":"product","link":"https:\/\/rms-enlinea.com.ar\/tienda\/producto\/palillos-2b-con-punta-de-madera-wotan-w2bpm\/","title":{"rendered":"Palillos 2b Con Punta De Madera Wotan W2bpm"},"content":{"rendered":"<p>EN WOTAN PENSAMOS HASTA EL \u00daLTIMO DETALLE Y BUSCAMOS LA COMBINACI\u00d3N PERFECTA DE DURABILIDAD, SENSACI\u00d3N Y SONIDO EN NUESTROS PRODUCTOS. ESTE PAR DE BAQUETAS FUE DISE\u00d1ADO METICULOSAMENTE PARA BRINDARTE LO MEJOR Y QUE PUEDAS BRILLAR TANTO EN ENSAYOS COMO EN SHOWS EN VIVOS. ELABORADAS CON TECNOLOG\u00cdA DE PUNTA Y CON MADERA SELECCIONADA Y ESTACIONADA DE PLANTAS EN CONSTANTE REFORESTACI\u00d3N. OFRECEN MAYOR DENSIDAD DE MADERA, MENOS CANTIDAD DE AIRE INTERNO Y MEJOR DURABILIDAD Y RESISTENCIA QUE EL COM\u00daN DE LAS BAQUETAS. RECUBIERTAS CON CERA PARA DAR BRILLO, MAYOR PESO Y REFORZAR EL GRIP EN SU USO.<\/p>\n","protected":false},"excerpt":{"rendered":"<p>EN WOTAN PENSAMOS HASTA EL \u00daLTIMO DETALLE Y BUSCAMOS LA COMBINACI\u00d3N PERFECTA DE DURABILIDAD, SENSACI\u00d3N Y SONIDO EN NUESTROS PRODUCTOS. ESTE PAR DE BAQUETAS FUE DISE\u00d1ADO METICULOSAMENTE PARA BRINDARTE LO MEJOR Y QUE PUEDAS BRILLAR TANTO EN ENSAYOS COMO EN SHOWS EN VIVOS. ELABORADAS CON TECNOLOG\u00cdA DE PUNTA Y CON MADERA SELECCIONADA Y ESTACIONADA DE [&hellip;]<\/p>\n","protected":false},"featured_media":20596,"comment_status":"open","ping_status":"closed","template":"","meta":{"_uag_custom_page_level_css":""},"product_brand":[545],"product_cat":[70],"product_tag":[],"class_list":{"0":"post-20595","1":"product","2":"type-product","3":"status-publish","4":"has-post-thumbnail","6":"product_brand-wotan","7":"product_cat-palillos","9":"first","10":"outofstock","11":"sale","12":"taxable","13":"shipping-taxable","14":"purchasable","15":"product-type-simple"},"uagb_featured_image_src":{"full":["https:\/\/rms-enlinea.com.ar\/wp-content\/uploads\/2025\/06\/D_730953-MLA54591324718_032023-F.jpg",1037,740,false],"thumbnail":["https:\/\/rms-enlinea.com.ar\/wp-content\/uploads\/2025\/06\/D_730953-MLA54591324718_032023-F-150x150.jpg",150,150,true],"medium":["https:\/\/rms-enlinea.com.ar\/wp-content\/uploads\/2025\/06\/D_730953-MLA54591324718_032023-F-300x214.jpg",300,214,true],"medium_large":["https:\/\/rms-enlinea.com.ar\/wp-content\/uploads\/2025\/06\/D_730953-MLA54591324718_032023-F-768x548.jpg",768,548,true],"large":["https:\/\/rms-enlinea.com.ar\/wp-content\/uploads\/2025\/06\/D_730953-MLA54591324718_032023-F-1024x731.jpg",1024,731,true],"1536x1536":["https:\/\/rms-enlinea.com.ar\/wp-content\/uploads\/2025\/06\/D_730953-MLA54591324718_032023-F.jpg",1037,740,false],"2048x2048":["https:\/\/rms-enlinea.com.ar\/wp-content\/uploads\/2025\/06\/D_730953-MLA54591324718_032023-F.jpg",1037,740,false],"woocommerce_thumbnail":["https:\/\/rms-enlinea.com.ar\/wp-content\/uploads\/2025\/06\/D_730953-MLA54591324718_032023-F-450x450.jpg",450,450,true],"woocommerce_single":["https:\/\/rms-enlinea.com.ar\/wp-content\/uploads\/2025\/06\/D_730953-MLA54591324718_032023-F-600x428.jpg",600,428,true],"woocommerce_gallery_thumbnail":["https:\/\/rms-enlinea.com.ar\/wp-content\/uploads\/2025\/06\/D_730953-MLA54591324718_032023-F-100x100.jpg",100,100,true]},"uagb_author_info":{"display_name":"l0071054","author_link":"https:\/\/rms-enlinea.com.ar\/tienda\/author\/"},"uagb_comment_info":0,"uagb_excerpt":"EN WOTAN PENSAMOS HASTA EL \u00daLTIMO DETALLE Y BUSCAMOS LA COMBINACI\u00d3N PERFECTA DE DURABILIDAD, SENSACI\u00d3N Y SONIDO EN NUESTROS PRODUCTOS. ESTE PAR DE BAQUETAS FUE DISE\u00d1ADO METICULOSAMENTE PARA BRINDARTE LO MEJOR Y QUE PUEDAS BRILLAR TANTO EN ENSAYOS COMO EN SHOWS EN VIVOS. ELABORADAS CON TECNOLOG\u00cdA DE PUNTA Y CON MADERA SELECCIONADA Y ESTACIONADA DE&hellip;","_links":{"self":[{"href":"https:\/\/rms-enlinea.com.ar\/tienda\/wp-json\/wp\/v2\/product\/20595","targetHints":{"allow":["GET"]}}],"collection":[{"href":"https:\/\/rms-enlinea.com.ar\/tienda\/wp-json\/wp\/v2\/product"}],"about":[{"href":"https:\/\/rms-enlinea.com.ar\/tienda\/wp-json\/wp\/v2\/types\/product"}],"replies":[{"embeddable":true,"href":"https:\/\/rms-enlinea.com.ar\/tienda\/wp-json\/wp\/v2\/comments?post=20595"}],"wp:featuredmedia":[{"embeddable":true,"href":"https:\/\/rms-enlinea.com.ar\/tienda\/wp-json\/wp\/v2\/media\/20596"}],"wp:attachment":[{"href":"https:\/\/rms-enlinea.com.ar\/tienda\/wp-json\/wp\/v2\/media?parent=20595"}],"wp:term":[{"taxonomy":"product_brand","embeddable":true,"href":"https:\/\/rms-enlinea.com.ar\/tienda\/wp-json\/wp\/v2\/product_brand?post=20595"},{"taxonomy":"product_cat","embeddable":true,"href":"https:\/\/rms-enlinea.com.ar\/tienda\/wp-json\/wp\/v2\/product_cat?post=20595"},{"taxonomy":"product_tag","embeddable":true,"href":"https:\/\/rms-enlinea.com.ar\/tienda\/wp-json\/wp\/v2\/product_tag?post=20595"}],"curies":[{"name":"wp","href":"https:\/\/api.w.org\/{rel}","templated":true}]}}