{"id":20692,"date":"2025-06-12T09:04:20","date_gmt":"2025-06-12T12:04:20","guid":{"rendered":"https:\/\/rms-enlinea.com.ar\/tienda\/producto\/consola-yamaha-mg12xuk-mixer-de-mesa-12-canales-efectos\/"},"modified":"2026-04-21T03:20:34","modified_gmt":"2026-04-21T06:20:34","slug":"consola-yamaha-mg12xuk-mixer-de-mesa-12-canales-efectos","status":"publish","type":"product","link":"https:\/\/rms-enlinea.com.ar\/tienda\/producto\/consola-yamaha-mg12xuk-mixer-de-mesa-12-canales-efectos\/","title":{"rendered":"Consola Yamaha Mg12xuk Mixer De Mesa 12 Canales Efectos"},"content":{"rendered":"<p>Yamaha inspira y potencia a quienes aman la m\u00fasica. Con sus productos, reconocidos a nivel mundial, das un paso al frente. Tus sue\u00f1os se hacen realidad de la mano de Yamaha.<\/p>\n<p>Alimentaci\u00f3n fantasma<br \/>\nLa alimentaci\u00f3n fantasma, o alimentaci\u00f3n phantom, proporciona corriente continua a los dispositivos que lo necesitan, por ejemplo un micr\u00f3fono. Este tipo de alimentaci\u00f3n hace que estos dispositivos se estandaricen y que sea m\u00e1s c\u00f3modo y pr\u00e1ctico el proceso de instalaci\u00f3n, ya que no requiere muchas fuentes de alimentaci\u00f3n separadas.<\/p>\n<p>Se\u00f1al combinada<br \/>\nSu 1 bus permite combinar se\u00f1ales de distintas entradas y hacer sub-grupos de mezcla para aplicarlos en diferentes pistas<\/p>\n<p>MESA DE MEZCLAS DE 12 CANALES: MAX. 6 ENTRADAS DE MICR\u00d3FONO \/ 12 L\u00cdNEAS (6 MONO + 3 EST\u00c9REO) \/ 1 BUS EST\u00c9REO \/ 1 AUX (INCLUIDO FX)<\/p>\n<p>MESA DE MEZCLAS DE 12 CANALES<br \/>\nMAX. 6 ENTRADAS DE MICR\u00d3FONO \/ 12 L\u00cdNEAS (6 MONO + 3 EST\u00c9REO)<br \/>\n1 BUS EST\u00c9REO<br \/>\n1 AUX (INCL. FX)<br \/>\nPREVIOS DE MICR\u00d3FONO &#8220;D-PRE&#8221; CON UN CIRCUITO DARLINGTON INVERTIDO<br \/>\nCOMPRESORES DE 1KNOB<br \/>\nEFECTOS DE ALTA CALIDAD: SPX CON 24 PROGRAMAS<br \/>\nFUNCIONES DE AUDIO POR USB 24-BIT \/ 192KHZ 2IN \/ 2OUT<br \/>\nFUNCIONA CON EL IPAD (2 O POSTERIOR) A TRAV\u00c9S DEL APPLE IPAD CAMERA CONNECTION KIT \/ ADAPTADOR LIGHTNING TO USB.<br \/>\nINCLUYE DESCARGA DEL SOFTWARE CUBASE AL DAW<br \/>\nCUBASIS LE PARA IPAD DISPONIBLE EN LA APP STORE<br \/>\nINTERRUPTOR PAD EN ENTRADAS MONO<br \/>\nALIMENTACI\u00d3N PHANTOM DE +48V<br \/>\nSALIDAS BALANCEADAS XLR<br \/>\nCHASIS MET\u00c1LICO<br \/>\nDIMENSIONES (ALXANXPR): 315 MM X 91 MM X 297 MM (12,4&#8243; X3,6&#8243; X11,7&#8243;)<br \/>\nPESO NETO: 3.0 KG (6.62 LBS.)<\/p>\n","protected":false},"excerpt":{"rendered":"<p>Yamaha inspira y potencia a quienes aman la m\u00fasica. Con sus productos, reconocidos a nivel mundial, das un paso al frente. Tus sue\u00f1os se hacen realidad de la mano de Yamaha. Alimentaci\u00f3n fantasma La alimentaci\u00f3n fantasma, o alimentaci\u00f3n phantom, proporciona corriente continua a los dispositivos que lo necesitan, por ejemplo un micr\u00f3fono. Este tipo de [&hellip;]<\/p>\n","protected":false},"featured_media":20693,"comment_status":"open","ping_status":"closed","template":"","meta":{"_uag_custom_page_level_css":""},"product_brand":[496],"product_cat":[59],"product_tag":[],"class_list":{"0":"post-20692","1":"product","2":"type-product","3":"status-publish","4":"has-post-thumbnail","6":"product_brand-yamaha","7":"product_cat-consolas-y-mixers","9":"first","10":"outofstock","11":"sale","12":"taxable","13":"shipping-taxable","14":"purchasable","15":"product-type-simple"},"uagb_featured_image_src":{"full":["https:\/\/rms-enlinea.com.ar\/wp-content\/uploads\/2025\/06\/D_983523-MLA46332856724_062021-F.jpg",1200,1099,false],"thumbnail":["https:\/\/rms-enlinea.com.ar\/wp-content\/uploads\/2025\/06\/D_983523-MLA46332856724_062021-F-150x150.jpg",150,150,true],"medium":["https:\/\/rms-enlinea.com.ar\/wp-content\/uploads\/2025\/06\/D_983523-MLA46332856724_062021-F-300x275.jpg",300,275,true],"medium_large":["https:\/\/rms-enlinea.com.ar\/wp-content\/uploads\/2025\/06\/D_983523-MLA46332856724_062021-F-768x703.jpg",768,703,true],"large":["https:\/\/rms-enlinea.com.ar\/wp-content\/uploads\/2025\/06\/D_983523-MLA46332856724_062021-F-1024x938.jpg",1024,938,true],"1536x1536":["https:\/\/rms-enlinea.com.ar\/wp-content\/uploads\/2025\/06\/D_983523-MLA46332856724_062021-F.jpg",1200,1099,false],"2048x2048":["https:\/\/rms-enlinea.com.ar\/wp-content\/uploads\/2025\/06\/D_983523-MLA46332856724_062021-F.jpg",1200,1099,false],"woocommerce_thumbnail":["https:\/\/rms-enlinea.com.ar\/wp-content\/uploads\/2025\/06\/D_983523-MLA46332856724_062021-F-450x450.jpg",450,450,true],"woocommerce_single":["https:\/\/rms-enlinea.com.ar\/wp-content\/uploads\/2025\/06\/D_983523-MLA46332856724_062021-F-600x550.jpg",600,550,true],"woocommerce_gallery_thumbnail":["https:\/\/rms-enlinea.com.ar\/wp-content\/uploads\/2025\/06\/D_983523-MLA46332856724_062021-F-100x100.jpg",100,100,true]},"uagb_author_info":{"display_name":"l0071054","author_link":"https:\/\/rms-enlinea.com.ar\/tienda\/author\/"},"uagb_comment_info":0,"uagb_excerpt":"Yamaha inspira y potencia a quienes aman la m\u00fasica. Con sus productos, reconocidos a nivel mundial, das un paso al frente. Tus sue\u00f1os se hacen realidad de la mano de Yamaha. Alimentaci\u00f3n fantasma La alimentaci\u00f3n fantasma, o alimentaci\u00f3n phantom, proporciona corriente continua a los dispositivos que lo necesitan, por ejemplo un micr\u00f3fono. Este tipo de&hellip;","_links":{"self":[{"href":"https:\/\/rms-enlinea.com.ar\/tienda\/wp-json\/wp\/v2\/product\/20692","targetHints":{"allow":["GET"]}}],"collection":[{"href":"https:\/\/rms-enlinea.com.ar\/tienda\/wp-json\/wp\/v2\/product"}],"about":[{"href":"https:\/\/rms-enlinea.com.ar\/tienda\/wp-json\/wp\/v2\/types\/product"}],"replies":[{"embeddable":true,"href":"https:\/\/rms-enlinea.com.ar\/tienda\/wp-json\/wp\/v2\/comments?post=20692"}],"wp:featuredmedia":[{"embeddable":true,"href":"https:\/\/rms-enlinea.com.ar\/tienda\/wp-json\/wp\/v2\/media\/20693"}],"wp:attachment":[{"href":"https:\/\/rms-enlinea.com.ar\/tienda\/wp-json\/wp\/v2\/media?parent=20692"}],"wp:term":[{"taxonomy":"product_brand","embeddable":true,"href":"https:\/\/rms-enlinea.com.ar\/tienda\/wp-json\/wp\/v2\/product_brand?post=20692"},{"taxonomy":"product_cat","embeddable":true,"href":"https:\/\/rms-enlinea.com.ar\/tienda\/wp-json\/wp\/v2\/product_cat?post=20692"},{"taxonomy":"product_tag","embeddable":true,"href":"https:\/\/rms-enlinea.com.ar\/tienda\/wp-json\/wp\/v2\/product_tag?post=20692"}],"curies":[{"name":"wp","href":"https:\/\/api.w.org\/{rel}","templated":true}]}}