{"id":20773,"date":"2025-06-12T09:06:35","date_gmt":"2025-06-12T12:06:35","guid":{"rendered":"https:\/\/rms-enlinea.com.ar\/tienda\/producto\/cable-de-audio-4-jack-mono-6-3mm-3m-adam-hall-k3tpp0300\/"},"modified":"2026-04-21T06:25:19","modified_gmt":"2026-04-21T09:25:19","slug":"cable-de-audio-4-jack-mono-6-3mm-3m-adam-hall-k3tpp0300","status":"publish","type":"product","link":"https:\/\/rms-enlinea.com.ar\/tienda\/producto\/cable-de-audio-4-jack-mono-6-3mm-3m-adam-hall-k3tpp0300\/","title":{"rendered":"Cable De Audio 4 Jack Mono 6.3mm 3m Adam Hall K3tpp0300"},"content":{"rendered":"<p>TIPO DE PRODUCTO CABLES CONFECCIONADOS<br \/>\nTIPO CABLE DE AUDIO<br \/>\nLONGITUD 3 M<br \/>\nCOLOR NEGRO<br \/>\nDI\u00c1METRO DEL CABLE 5,8 MM<br \/>\nSECCI\u00d3N DEL CONDUCTOR INTERIOR 0,22 MM\u00b2<br \/>\nCONECTOR 1 JACK DE 6,3 MM<br \/>\nN\u00daMERO DE CONECTORES 1 2<br \/>\nTIPO DE CONECTOR 1 MACHO<br \/>\nN\u00daMERO DE PINES DE CONECTOR 1 2<br \/>\nCONTACTOS DE CONECTOR 1 N\u00cdQUEL-PLATA<br \/>\nFABRICANTE DE CONECTOR 1 ADAM HALL<br \/>\nMODELO DE CONECTORES 1 CUSTOM MADE<\/p>\n<p>CONECTOR 2 JACK DE 6,3 MM<br \/>\nN\u00daMERO DE CONECTORES 2 2<br \/>\nTIPO DE CONECTOR 2 MACHO<br \/>\nN\u00daMERO DE PINES DE CONECTOR 2 2<br \/>\nCONTACTOS DE CONECTOR 2 N\u00cdQUEL-PLATA<br \/>\nFABRICANTE DE CONECTOR 2 ADAM HALL<br \/>\nMODELO DE CONECTORES 2 CUSTOM MADE<br \/>\nPESO 0,15 KG<\/p>\n","protected":false},"excerpt":{"rendered":"<p>TIPO DE PRODUCTO CABLES CONFECCIONADOS TIPO CABLE DE AUDIO LONGITUD 3 M COLOR NEGRO DI\u00c1METRO DEL CABLE 5,8 MM SECCI\u00d3N DEL CONDUCTOR INTERIOR 0,22 MM\u00b2 CONECTOR 1 JACK DE 6,3 MM N\u00daMERO DE CONECTORES 1 2 TIPO DE CONECTOR 1 MACHO N\u00daMERO DE PINES DE CONECTOR 1 2 CONTACTOS DE CONECTOR 1 N\u00cdQUEL-PLATA FABRICANTE DE [&hellip;]<\/p>\n","protected":false},"featured_media":20774,"comment_status":"open","ping_status":"closed","template":"","meta":{"_uag_custom_page_level_css":""},"product_brand":[510],"product_cat":[57],"product_tag":[],"class_list":{"0":"post-20773","1":"product","2":"type-product","3":"status-publish","4":"has-post-thumbnail","6":"product_brand-warwick","7":"product_cat-cables","9":"first","10":"outofstock","11":"sale","12":"taxable","13":"shipping-taxable","14":"purchasable","15":"product-type-simple"},"uagb_featured_image_src":{"full":["https:\/\/rms-enlinea.com.ar\/wp-content\/uploads\/2025\/06\/D_735261-MLA46305193436_062021-F.jpg",1000,1082,false],"thumbnail":["https:\/\/rms-enlinea.com.ar\/wp-content\/uploads\/2025\/06\/D_735261-MLA46305193436_062021-F-150x150.jpg",150,150,true],"medium":["https:\/\/rms-enlinea.com.ar\/wp-content\/uploads\/2025\/06\/D_735261-MLA46305193436_062021-F-277x300.jpg",277,300,true],"medium_large":["https:\/\/rms-enlinea.com.ar\/wp-content\/uploads\/2025\/06\/D_735261-MLA46305193436_062021-F-768x831.jpg",768,831,true],"large":["https:\/\/rms-enlinea.com.ar\/wp-content\/uploads\/2025\/06\/D_735261-MLA46305193436_062021-F-946x1024.jpg",946,1024,true],"1536x1536":["https:\/\/rms-enlinea.com.ar\/wp-content\/uploads\/2025\/06\/D_735261-MLA46305193436_062021-F.jpg",1000,1082,false],"2048x2048":["https:\/\/rms-enlinea.com.ar\/wp-content\/uploads\/2025\/06\/D_735261-MLA46305193436_062021-F.jpg",1000,1082,false],"woocommerce_thumbnail":["https:\/\/rms-enlinea.com.ar\/wp-content\/uploads\/2025\/06\/D_735261-MLA46305193436_062021-F-450x450.jpg",450,450,true],"woocommerce_single":["https:\/\/rms-enlinea.com.ar\/wp-content\/uploads\/2025\/06\/D_735261-MLA46305193436_062021-F-600x649.jpg",600,649,true],"woocommerce_gallery_thumbnail":["https:\/\/rms-enlinea.com.ar\/wp-content\/uploads\/2025\/06\/D_735261-MLA46305193436_062021-F-100x100.jpg",100,100,true]},"uagb_author_info":{"display_name":"l0071054","author_link":"https:\/\/rms-enlinea.com.ar\/tienda\/author\/"},"uagb_comment_info":0,"uagb_excerpt":"TIPO DE PRODUCTO CABLES CONFECCIONADOS TIPO CABLE DE AUDIO LONGITUD 3 M COLOR NEGRO DI\u00c1METRO DEL CABLE 5,8 MM SECCI\u00d3N DEL CONDUCTOR INTERIOR 0,22 MM\u00b2 CONECTOR 1 JACK DE 6,3 MM N\u00daMERO DE CONECTORES 1 2 TIPO DE CONECTOR 1 MACHO N\u00daMERO DE PINES DE CONECTOR 1 2 CONTACTOS DE CONECTOR 1 N\u00cdQUEL-PLATA FABRICANTE DE&hellip;","_links":{"self":[{"href":"https:\/\/rms-enlinea.com.ar\/tienda\/wp-json\/wp\/v2\/product\/20773","targetHints":{"allow":["GET"]}}],"collection":[{"href":"https:\/\/rms-enlinea.com.ar\/tienda\/wp-json\/wp\/v2\/product"}],"about":[{"href":"https:\/\/rms-enlinea.com.ar\/tienda\/wp-json\/wp\/v2\/types\/product"}],"replies":[{"embeddable":true,"href":"https:\/\/rms-enlinea.com.ar\/tienda\/wp-json\/wp\/v2\/comments?post=20773"}],"wp:featuredmedia":[{"embeddable":true,"href":"https:\/\/rms-enlinea.com.ar\/tienda\/wp-json\/wp\/v2\/media\/20774"}],"wp:attachment":[{"href":"https:\/\/rms-enlinea.com.ar\/tienda\/wp-json\/wp\/v2\/media?parent=20773"}],"wp:term":[{"taxonomy":"product_brand","embeddable":true,"href":"https:\/\/rms-enlinea.com.ar\/tienda\/wp-json\/wp\/v2\/product_brand?post=20773"},{"taxonomy":"product_cat","embeddable":true,"href":"https:\/\/rms-enlinea.com.ar\/tienda\/wp-json\/wp\/v2\/product_cat?post=20773"},{"taxonomy":"product_tag","embeddable":true,"href":"https:\/\/rms-enlinea.com.ar\/tienda\/wp-json\/wp\/v2\/product_tag?post=20773"}],"curies":[{"name":"wp","href":"https:\/\/api.w.org\/{rel}","templated":true}]}}