{"id":20810,"date":"2025-06-12T09:07:57","date_gmt":"2025-06-12T12:07:57","guid":{"rendered":"https:\/\/rms-enlinea.com.ar\/tienda\/producto\/bafle-pasivo-12-150w-rms-108db-ampro-tecshow-bam-1200\/"},"modified":"2026-04-06T11:38:19","modified_gmt":"2026-04-06T14:38:19","slug":"bafle-pasivo-12-150w-rms-108db-ampro-tecshow-bam-1200","status":"publish","type":"product","link":"https:\/\/rms-enlinea.com.ar\/tienda\/producto\/bafle-pasivo-12-150w-rms-108db-ampro-tecshow-bam-1200\/","title":{"rendered":"Bafle Pasivo 12 150w Rms 108db Ampro Tecshow Bam-1200"},"content":{"rendered":"<p>BAM 12 ES UN ALTAVOZ PASIVO DE 2 V\u00cdAS QUE CUENTA CON UN PARLANTE DE 12&#8243; Y UN DRIVER DE 1&#8243;, CON UNA DISPERSI\u00d3N 90\u00baX45\u00ba. CON UNA POTENCIA NOMINAL DE 150W RMS, EL ALTAVOZ POSEE UNA RESPUESTA DE FRECUENCIA DE 55HZ A 18KHZ, ALCANZANDO UN SPL M\u00c1XIMO DE 108 DB. BAM 12, EN LO QUE SE REFIERE A SU DISE\u00d1O, TIENE UN GABINETE DE COPOL\u00cdMERO DE ALTO IMPACTO, IDEAL PARA APLICACIONES M\u00d3VILES O COMERCIALES COMO CONFERENCIAS DE PRENSA, BARES, AUDITORIOS Y GIMNASIOS<\/p>\n<p>ESPECIFICACIONESCOMPONENTES<br \/>\nLF: ALTAVOZ DE 12&#8243;, CON BOBINA DE 2&#8243;<br \/>\nHF: DRIVER DE 1&#8243;<\/p>\n<p>CARACTER\u00cdSTICAS<br \/>\nPOTENCIA NOMINAL: 150W RMS<br \/>\nIMPEDANCIA NOMINAL: 8-OHM<br \/>\nRESPUESTA DE FRECUENCIA (-10DB): 55HZ-18KHZ<br \/>\nFRECUENCIA DE CORTE: 3500HZ<br \/>\nSENSIBILIDAD: 96DB \/W\/M<br \/>\nPICO SPL @ 1M: 108 DB<br \/>\nDISPERSI\u00d3N NOMINAL (HXV): 90\u00baX45\u00ba<\/p>\n<p>F\u00cdSICO<br \/>\nDIMENSIONES: 425X345X640 MM. \/ 16,7X13,5X25 PULG.<br \/>\nPESO: 9 KG. \/ 20 LBS.<\/p>\n","protected":false},"excerpt":{"rendered":"<p>BAM 12 ES UN ALTAVOZ PASIVO DE 2 V\u00cdAS QUE CUENTA CON UN PARLANTE DE 12&#8243; Y UN DRIVER DE 1&#8243;, CON UNA DISPERSI\u00d3N 90\u00baX45\u00ba. CON UNA POTENCIA NOMINAL DE 150W RMS, EL ALTAVOZ POSEE UNA RESPUESTA DE FRECUENCIA DE 55HZ A 18KHZ, ALCANZANDO UN SPL M\u00c1XIMO DE 108 DB. BAM 12, EN LO QUE [&hellip;]<\/p>\n","protected":false},"featured_media":20811,"comment_status":"open","ping_status":"closed","template":"","meta":{"_uag_custom_page_level_css":""},"product_brand":[477],"product_cat":[36],"product_tag":[],"class_list":{"0":"post-20810","1":"product","2":"type-product","3":"status-publish","4":"has-post-thumbnail","6":"product_brand-ampro","7":"product_cat-bafles","9":"first","10":"outofstock","11":"sale","12":"taxable","13":"shipping-taxable","14":"purchasable","15":"product-type-simple"},"uagb_featured_image_src":{"full":["https:\/\/rms-enlinea.com.ar\/wp-content\/uploads\/2025\/06\/D_861792-MLA49635608865_042022-F.jpg",343,534,false],"thumbnail":["https:\/\/rms-enlinea.com.ar\/wp-content\/uploads\/2025\/06\/D_861792-MLA49635608865_042022-F-150x150.jpg",150,150,true],"medium":["https:\/\/rms-enlinea.com.ar\/wp-content\/uploads\/2025\/06\/D_861792-MLA49635608865_042022-F-193x300.jpg",193,300,true],"medium_large":["https:\/\/rms-enlinea.com.ar\/wp-content\/uploads\/2025\/06\/D_861792-MLA49635608865_042022-F.jpg",343,534,false],"large":["https:\/\/rms-enlinea.com.ar\/wp-content\/uploads\/2025\/06\/D_861792-MLA49635608865_042022-F.jpg",343,534,false],"1536x1536":["https:\/\/rms-enlinea.com.ar\/wp-content\/uploads\/2025\/06\/D_861792-MLA49635608865_042022-F.jpg",343,534,false],"2048x2048":["https:\/\/rms-enlinea.com.ar\/wp-content\/uploads\/2025\/06\/D_861792-MLA49635608865_042022-F.jpg",343,534,false],"woocommerce_thumbnail":["https:\/\/rms-enlinea.com.ar\/wp-content\/uploads\/2025\/06\/D_861792-MLA49635608865_042022-F-343x450.jpg",343,450,true],"woocommerce_single":["https:\/\/rms-enlinea.com.ar\/wp-content\/uploads\/2025\/06\/D_861792-MLA49635608865_042022-F.jpg",343,534,false],"woocommerce_gallery_thumbnail":["https:\/\/rms-enlinea.com.ar\/wp-content\/uploads\/2025\/06\/D_861792-MLA49635608865_042022-F-100x100.jpg",100,100,true]},"uagb_author_info":{"display_name":"l0071054","author_link":"https:\/\/rms-enlinea.com.ar\/tienda\/author\/"},"uagb_comment_info":0,"uagb_excerpt":"BAM 12 ES UN ALTAVOZ PASIVO DE 2 V\u00cdAS QUE CUENTA CON UN PARLANTE DE 12&#8243; Y UN DRIVER DE 1&#8243;, CON UNA DISPERSI\u00d3N 90\u00baX45\u00ba. CON UNA POTENCIA NOMINAL DE 150W RMS, EL ALTAVOZ POSEE UNA RESPUESTA DE FRECUENCIA DE 55HZ A 18KHZ, ALCANZANDO UN SPL M\u00c1XIMO DE 108 DB. BAM 12, EN LO QUE&hellip;","_links":{"self":[{"href":"https:\/\/rms-enlinea.com.ar\/tienda\/wp-json\/wp\/v2\/product\/20810","targetHints":{"allow":["GET"]}}],"collection":[{"href":"https:\/\/rms-enlinea.com.ar\/tienda\/wp-json\/wp\/v2\/product"}],"about":[{"href":"https:\/\/rms-enlinea.com.ar\/tienda\/wp-json\/wp\/v2\/types\/product"}],"replies":[{"embeddable":true,"href":"https:\/\/rms-enlinea.com.ar\/tienda\/wp-json\/wp\/v2\/comments?post=20810"}],"wp:featuredmedia":[{"embeddable":true,"href":"https:\/\/rms-enlinea.com.ar\/tienda\/wp-json\/wp\/v2\/media\/20811"}],"wp:attachment":[{"href":"https:\/\/rms-enlinea.com.ar\/tienda\/wp-json\/wp\/v2\/media?parent=20810"}],"wp:term":[{"taxonomy":"product_brand","embeddable":true,"href":"https:\/\/rms-enlinea.com.ar\/tienda\/wp-json\/wp\/v2\/product_brand?post=20810"},{"taxonomy":"product_cat","embeddable":true,"href":"https:\/\/rms-enlinea.com.ar\/tienda\/wp-json\/wp\/v2\/product_cat?post=20810"},{"taxonomy":"product_tag","embeddable":true,"href":"https:\/\/rms-enlinea.com.ar\/tienda\/wp-json\/wp\/v2\/product_tag?post=20810"}],"curies":[{"name":"wp","href":"https:\/\/api.w.org\/{rel}","templated":true}]}}