{"id":2089,"date":"2025-06-12T02:20:34","date_gmt":"2025-06-12T05:20:34","guid":{"rendered":"https:\/\/rms-enlinea.com.ar\/tienda\/producto\/mother-msi-pro-a620m-e-am5-ddr5-amd-5ta-gen-pci-e-4-0\/"},"modified":"2026-04-21T03:29:42","modified_gmt":"2026-04-21T06:29:42","slug":"mother-msi-pro-a620m-e-am5-ddr5-amd-5ta-gen-pci-e-4-0","status":"publish","type":"product","link":"https:\/\/rms-enlinea.com.ar\/tienda\/producto\/mother-msi-pro-a620m-e-am5-ddr5-amd-5ta-gen-pci-e-4-0\/","title":{"rendered":"Mother Msi Pro A620m-e Am5 Ddr5 Amd 5ta Gen Pci-e 4.0"},"content":{"rendered":"<p>PRO A620M-E<br \/>Suporte para processadores AMD Ryzen\u2122 s\u00e9rie 7000<br \/>Suporte para mem\u00f3ria DDR5, Dual Channel DDR5 6000+MHz (OC)<br \/>Core Boost: Design premium e alimenta\u00e7\u00e3o digital para suportar mais n\u00facleos e proporcionar melhor desempenho<br \/>Memory Boost: Tecnologia avan\u00e7ada para fornecer sinais de dados puros para melhor desempenho, estabilidade e compatibilidade<br \/>Experi\u00eancia de jogo ultrarr\u00e1pida: Slot PCIe 4.0, Lightning Gen 4 x4 M.2<br \/>REFOR\u00c7O DE \u00c1UDIO: Recompense seus ouvidos com qualidade de som de est\u00fadio para a experi\u00eancia de jogo mais imersiva<br \/>Steel Armor: Prote\u00e7\u00e3o para placas de v\u00eddeo contra flex\u00f5es e EMI para melhor desempenho, estabilidade e resist\u00eancia.<\/p>\n","protected":false},"excerpt":{"rendered":"<p>PRO A620M-ESuporte para processadores AMD Ryzen\u2122 s\u00e9rie 7000Suporte para mem\u00f3ria DDR5, Dual Channel DDR5 6000+MHz (OC)Core Boost: Design premium e alimenta\u00e7\u00e3o digital para suportar mais n\u00facleos e proporcionar melhor desempenhoMemory Boost: Tecnologia avan\u00e7ada para fornecer sinais de dados puros para melhor desempenho, estabilidade e compatibilidadeExperi\u00eancia de jogo ultrarr\u00e1pida: Slot PCIe 4.0, Lightning Gen 4 x4 [&hellip;]<\/p>\n","protected":false},"featured_media":2090,"comment_status":"open","ping_status":"closed","template":"","meta":{"_uag_custom_page_level_css":""},"product_brand":[557],"product_cat":[115],"product_tag":[],"class_list":{"0":"post-2089","1":"product","2":"type-product","3":"status-publish","4":"has-post-thumbnail","6":"product_brand-msi","7":"product_cat-mother","9":"first","10":"outofstock","11":"sale","12":"taxable","13":"shipping-taxable","14":"purchasable","15":"product-type-simple"},"uagb_featured_image_src":{"full":["https:\/\/rms-enlinea.com.ar\/wp-content\/uploads\/2025\/06\/D_786348-MLU71532403455_092023-F.jpg",650,745,false],"thumbnail":["https:\/\/rms-enlinea.com.ar\/wp-content\/uploads\/2025\/06\/D_786348-MLU71532403455_092023-F-150x150.jpg",150,150,true],"medium":["https:\/\/rms-enlinea.com.ar\/wp-content\/uploads\/2025\/06\/D_786348-MLU71532403455_092023-F-262x300.jpg",262,300,true],"medium_large":["https:\/\/rms-enlinea.com.ar\/wp-content\/uploads\/2025\/06\/D_786348-MLU71532403455_092023-F.jpg",650,745,false],"large":["https:\/\/rms-enlinea.com.ar\/wp-content\/uploads\/2025\/06\/D_786348-MLU71532403455_092023-F.jpg",650,745,false],"1536x1536":["https:\/\/rms-enlinea.com.ar\/wp-content\/uploads\/2025\/06\/D_786348-MLU71532403455_092023-F.jpg",650,745,false],"2048x2048":["https:\/\/rms-enlinea.com.ar\/wp-content\/uploads\/2025\/06\/D_786348-MLU71532403455_092023-F.jpg",650,745,false],"woocommerce_thumbnail":["https:\/\/rms-enlinea.com.ar\/wp-content\/uploads\/2025\/06\/D_786348-MLU71532403455_092023-F-450x450.jpg",450,450,true],"woocommerce_single":["https:\/\/rms-enlinea.com.ar\/wp-content\/uploads\/2025\/06\/D_786348-MLU71532403455_092023-F-600x688.jpg",600,688,true],"woocommerce_gallery_thumbnail":["https:\/\/rms-enlinea.com.ar\/wp-content\/uploads\/2025\/06\/D_786348-MLU71532403455_092023-F-100x100.jpg",100,100,true]},"uagb_author_info":{"display_name":"l0071054","author_link":"https:\/\/rms-enlinea.com.ar\/tienda\/author\/"},"uagb_comment_info":0,"uagb_excerpt":"PRO A620M-ESuporte para processadores AMD Ryzen\u2122 s\u00e9rie 7000Suporte para mem\u00f3ria DDR5, Dual Channel DDR5 6000+MHz (OC)Core Boost: Design premium e alimenta\u00e7\u00e3o digital para suportar mais n\u00facleos e proporcionar melhor desempenhoMemory Boost: Tecnologia avan\u00e7ada para fornecer sinais de dados puros para melhor desempenho, estabilidade e compatibilidadeExperi\u00eancia de jogo ultrarr\u00e1pida: Slot PCIe 4.0, Lightning Gen 4 x4&hellip;","_links":{"self":[{"href":"https:\/\/rms-enlinea.com.ar\/tienda\/wp-json\/wp\/v2\/product\/2089","targetHints":{"allow":["GET"]}}],"collection":[{"href":"https:\/\/rms-enlinea.com.ar\/tienda\/wp-json\/wp\/v2\/product"}],"about":[{"href":"https:\/\/rms-enlinea.com.ar\/tienda\/wp-json\/wp\/v2\/types\/product"}],"replies":[{"embeddable":true,"href":"https:\/\/rms-enlinea.com.ar\/tienda\/wp-json\/wp\/v2\/comments?post=2089"}],"wp:featuredmedia":[{"embeddable":true,"href":"https:\/\/rms-enlinea.com.ar\/tienda\/wp-json\/wp\/v2\/media\/2090"}],"wp:attachment":[{"href":"https:\/\/rms-enlinea.com.ar\/tienda\/wp-json\/wp\/v2\/media?parent=2089"}],"wp:term":[{"taxonomy":"product_brand","embeddable":true,"href":"https:\/\/rms-enlinea.com.ar\/tienda\/wp-json\/wp\/v2\/product_brand?post=2089"},{"taxonomy":"product_cat","embeddable":true,"href":"https:\/\/rms-enlinea.com.ar\/tienda\/wp-json\/wp\/v2\/product_cat?post=2089"},{"taxonomy":"product_tag","embeddable":true,"href":"https:\/\/rms-enlinea.com.ar\/tienda\/wp-json\/wp\/v2\/product_tag?post=2089"}],"curies":[{"name":"wp","href":"https:\/\/api.w.org\/{rel}","templated":true}]}}