{"id":20933,"date":"2025-06-12T09:11:21","date_gmt":"2025-06-12T12:11:21","guid":{"rendered":"https:\/\/rms-enlinea.com.ar\/tienda\/producto\/manija-fleje-con-alma-de-acero-rack-anvil-penn-elcom-h1013\/"},"modified":"2026-04-16T06:31:26","modified_gmt":"2026-04-16T09:31:26","slug":"manija-fleje-con-alma-de-acero-rack-anvil-penn-elcom-h1013","status":"publish","type":"product","link":"https:\/\/rms-enlinea.com.ar\/tienda\/producto\/manija-fleje-con-alma-de-acero-rack-anvil-penn-elcom-h1013\/","title":{"rendered":"Manija Fleje Con Alma De Acero Rack Anvil Penn Elcom H1013"},"content":{"rendered":"<p>TIPO DE PRODUCTO: MANIJA<br \/>TIPO: EXTERIOR \/ MALETIN<br \/>MATERIAL: ACERO<br \/>COLOR: NEGRO<br \/>MATERIAL DE SUJECI\u00d3N: ACERO<br \/>SUPERFICIE DE MONTAJE: NEGRO<br \/>COLOR DE SUJECI\u00d3N: NEGRO<br \/>N\u00daMERO DE ORIFICIOS DE MONTAJE: 1<br \/>ORIFICIOS DE MONTAJE: 4.5 MM<\/p>\n","protected":false},"excerpt":{"rendered":"<p>TIPO DE PRODUCTO: MANIJATIPO: EXTERIOR \/ MALETINMATERIAL: ACEROCOLOR: NEGROMATERIAL DE SUJECI\u00d3N: ACEROSUPERFICIE DE MONTAJE: NEGROCOLOR DE SUJECI\u00d3N: NEGRON\u00daMERO DE ORIFICIOS DE MONTAJE: 1ORIFICIOS DE MONTAJE: 4.5 MM<\/p>\n","protected":false},"featured_media":20934,"comment_status":"open","ping_status":"closed","template":"","meta":{"_uag_custom_page_level_css":""},"product_brand":[471],"product_cat":[46],"product_tag":[],"class_list":{"0":"post-20933","1":"product","2":"type-product","3":"status-publish","4":"has-post-thumbnail","6":"product_brand-penn-elcom","7":"product_cat-manijas","9":"first","10":"instock","11":"sale","12":"taxable","13":"shipping-taxable","14":"purchasable","15":"product-type-simple"},"uagb_featured_image_src":{"full":["https:\/\/rms-enlinea.com.ar\/wp-content\/uploads\/2025\/06\/D_798727-MLA40775304648_022020-F.jpg",709,554,false],"thumbnail":["https:\/\/rms-enlinea.com.ar\/wp-content\/uploads\/2025\/06\/D_798727-MLA40775304648_022020-F-150x150.jpg",150,150,true],"medium":["https:\/\/rms-enlinea.com.ar\/wp-content\/uploads\/2025\/06\/D_798727-MLA40775304648_022020-F-300x234.jpg",300,234,true],"medium_large":["https:\/\/rms-enlinea.com.ar\/wp-content\/uploads\/2025\/06\/D_798727-MLA40775304648_022020-F.jpg",709,554,false],"large":["https:\/\/rms-enlinea.com.ar\/wp-content\/uploads\/2025\/06\/D_798727-MLA40775304648_022020-F.jpg",709,554,false],"1536x1536":["https:\/\/rms-enlinea.com.ar\/wp-content\/uploads\/2025\/06\/D_798727-MLA40775304648_022020-F.jpg",709,554,false],"2048x2048":["https:\/\/rms-enlinea.com.ar\/wp-content\/uploads\/2025\/06\/D_798727-MLA40775304648_022020-F.jpg",709,554,false],"woocommerce_thumbnail":["https:\/\/rms-enlinea.com.ar\/wp-content\/uploads\/2025\/06\/D_798727-MLA40775304648_022020-F-450x450.jpg",450,450,true],"woocommerce_single":["https:\/\/rms-enlinea.com.ar\/wp-content\/uploads\/2025\/06\/D_798727-MLA40775304648_022020-F-600x469.jpg",600,469,true],"woocommerce_gallery_thumbnail":["https:\/\/rms-enlinea.com.ar\/wp-content\/uploads\/2025\/06\/D_798727-MLA40775304648_022020-F-100x100.jpg",100,100,true]},"uagb_author_info":{"display_name":"l0071054","author_link":"https:\/\/rms-enlinea.com.ar\/tienda\/author\/"},"uagb_comment_info":0,"uagb_excerpt":"TIPO DE PRODUCTO: MANIJATIPO: EXTERIOR \/ MALETINMATERIAL: ACEROCOLOR: NEGROMATERIAL DE SUJECI\u00d3N: ACEROSUPERFICIE DE MONTAJE: NEGROCOLOR DE SUJECI\u00d3N: NEGRON\u00daMERO DE ORIFICIOS DE MONTAJE: 1ORIFICIOS DE MONTAJE: 4.5 MM","_links":{"self":[{"href":"https:\/\/rms-enlinea.com.ar\/tienda\/wp-json\/wp\/v2\/product\/20933","targetHints":{"allow":["GET"]}}],"collection":[{"href":"https:\/\/rms-enlinea.com.ar\/tienda\/wp-json\/wp\/v2\/product"}],"about":[{"href":"https:\/\/rms-enlinea.com.ar\/tienda\/wp-json\/wp\/v2\/types\/product"}],"replies":[{"embeddable":true,"href":"https:\/\/rms-enlinea.com.ar\/tienda\/wp-json\/wp\/v2\/comments?post=20933"}],"wp:featuredmedia":[{"embeddable":true,"href":"https:\/\/rms-enlinea.com.ar\/tienda\/wp-json\/wp\/v2\/media\/20934"}],"wp:attachment":[{"href":"https:\/\/rms-enlinea.com.ar\/tienda\/wp-json\/wp\/v2\/media?parent=20933"}],"wp:term":[{"taxonomy":"product_brand","embeddable":true,"href":"https:\/\/rms-enlinea.com.ar\/tienda\/wp-json\/wp\/v2\/product_brand?post=20933"},{"taxonomy":"product_cat","embeddable":true,"href":"https:\/\/rms-enlinea.com.ar\/tienda\/wp-json\/wp\/v2\/product_cat?post=20933"},{"taxonomy":"product_tag","embeddable":true,"href":"https:\/\/rms-enlinea.com.ar\/tienda\/wp-json\/wp\/v2\/product_tag?post=20933"}],"curies":[{"name":"wp","href":"https:\/\/api.w.org\/{rel}","templated":true}]}}