{"id":20959,"date":"2025-06-12T09:11:56","date_gmt":"2025-06-12T12:11:56","guid":{"rendered":"https:\/\/rms-enlinea.com.ar\/tienda\/producto\/microfono-inalimbrico-de-mano-vhf-gemini-vhf-01m\/"},"modified":"2026-04-21T04:04:49","modified_gmt":"2026-04-21T07:04:49","slug":"microfono-inalimbrico-de-mano-vhf-gemini-vhf-01m","status":"publish","type":"product","link":"https:\/\/rms-enlinea.com.ar\/tienda\/producto\/microfono-inalimbrico-de-mano-vhf-gemini-vhf-01m\/","title":{"rendered":"Microfono Inalimbrico De Mano Vhf Gemini Vhf-01m"},"content":{"rendered":"<p>TIPO DE PRODUCTO: MICROFONO INALAMBRICO<br \/>\nTIPO: DE MANO<br \/>\nSISTEMA: INAL\u00c1MBRICO DE UN SOLO CANAL<br \/>\nRECEPTOR: DE METAL RESISTENTE Y M\u00daLTIPLES OPCIONES DE CONEXI\u00d3N<br \/>\nFRECUENCIAS: 170-260 MHZ<br \/>\nEL VHF-01M ES PERFECTO PARA INSTRUCTORES DE FITNESS, ARTISTAS ESC\u00c9NICOS O CUALQUIER PERSONA QUE NECESITE UNA AMPLIFICACI\u00d3N DE VOZ DE ALTA CALIDAD.<\/p>\n","protected":false},"excerpt":{"rendered":"<p>TIPO DE PRODUCTO: MICROFONO INALAMBRICO TIPO: DE MANO SISTEMA: INAL\u00c1MBRICO DE UN SOLO CANAL RECEPTOR: DE METAL RESISTENTE Y M\u00daLTIPLES OPCIONES DE CONEXI\u00d3N FRECUENCIAS: 170-260 MHZ EL VHF-01M ES PERFECTO PARA INSTRUCTORES DE FITNESS, ARTISTAS ESC\u00c9NICOS O CUALQUIER PERSONA QUE NECESITE UNA AMPLIFICACI\u00d3N DE VOZ DE ALTA CALIDAD.<\/p>\n","protected":false},"featured_media":20960,"comment_status":"open","ping_status":"closed","template":"","meta":{"_uag_custom_page_level_css":""},"product_brand":[535],"product_cat":[75],"product_tag":[],"class_list":{"0":"post-20959","1":"product","2":"type-product","3":"status-publish","4":"has-post-thumbnail","6":"product_brand-gemini","7":"product_cat-microfonos","9":"first","10":"outofstock","11":"sale","12":"taxable","13":"shipping-taxable","14":"purchasable","15":"product-type-simple"},"uagb_featured_image_src":{"full":["https:\/\/rms-enlinea.com.ar\/wp-content\/uploads\/2025\/06\/D_712717-MLA41069259592_032020-F.jpg",828,457,false],"thumbnail":["https:\/\/rms-enlinea.com.ar\/wp-content\/uploads\/2025\/06\/D_712717-MLA41069259592_032020-F-150x150.jpg",150,150,true],"medium":["https:\/\/rms-enlinea.com.ar\/wp-content\/uploads\/2025\/06\/D_712717-MLA41069259592_032020-F-300x166.jpg",300,166,true],"medium_large":["https:\/\/rms-enlinea.com.ar\/wp-content\/uploads\/2025\/06\/D_712717-MLA41069259592_032020-F-768x424.jpg",768,424,true],"large":["https:\/\/rms-enlinea.com.ar\/wp-content\/uploads\/2025\/06\/D_712717-MLA41069259592_032020-F.jpg",828,457,false],"1536x1536":["https:\/\/rms-enlinea.com.ar\/wp-content\/uploads\/2025\/06\/D_712717-MLA41069259592_032020-F.jpg",828,457,false],"2048x2048":["https:\/\/rms-enlinea.com.ar\/wp-content\/uploads\/2025\/06\/D_712717-MLA41069259592_032020-F.jpg",828,457,false],"woocommerce_thumbnail":["https:\/\/rms-enlinea.com.ar\/wp-content\/uploads\/2025\/06\/D_712717-MLA41069259592_032020-F-450x450.jpg",450,450,true],"woocommerce_single":["https:\/\/rms-enlinea.com.ar\/wp-content\/uploads\/2025\/06\/D_712717-MLA41069259592_032020-F-600x331.jpg",600,331,true],"woocommerce_gallery_thumbnail":["https:\/\/rms-enlinea.com.ar\/wp-content\/uploads\/2025\/06\/D_712717-MLA41069259592_032020-F-100x100.jpg",100,100,true]},"uagb_author_info":{"display_name":"l0071054","author_link":"https:\/\/rms-enlinea.com.ar\/tienda\/author\/"},"uagb_comment_info":0,"uagb_excerpt":"TIPO DE PRODUCTO: MICROFONO INALAMBRICO TIPO: DE MANO SISTEMA: INAL\u00c1MBRICO DE UN SOLO CANAL RECEPTOR: DE METAL RESISTENTE Y M\u00daLTIPLES OPCIONES DE CONEXI\u00d3N FRECUENCIAS: 170-260 MHZ EL VHF-01M ES PERFECTO PARA INSTRUCTORES DE FITNESS, ARTISTAS ESC\u00c9NICOS O CUALQUIER PERSONA QUE NECESITE UNA AMPLIFICACI\u00d3N DE VOZ DE ALTA CALIDAD.","_links":{"self":[{"href":"https:\/\/rms-enlinea.com.ar\/tienda\/wp-json\/wp\/v2\/product\/20959","targetHints":{"allow":["GET"]}}],"collection":[{"href":"https:\/\/rms-enlinea.com.ar\/tienda\/wp-json\/wp\/v2\/product"}],"about":[{"href":"https:\/\/rms-enlinea.com.ar\/tienda\/wp-json\/wp\/v2\/types\/product"}],"replies":[{"embeddable":true,"href":"https:\/\/rms-enlinea.com.ar\/tienda\/wp-json\/wp\/v2\/comments?post=20959"}],"wp:featuredmedia":[{"embeddable":true,"href":"https:\/\/rms-enlinea.com.ar\/tienda\/wp-json\/wp\/v2\/media\/20960"}],"wp:attachment":[{"href":"https:\/\/rms-enlinea.com.ar\/tienda\/wp-json\/wp\/v2\/media?parent=20959"}],"wp:term":[{"taxonomy":"product_brand","embeddable":true,"href":"https:\/\/rms-enlinea.com.ar\/tienda\/wp-json\/wp\/v2\/product_brand?post=20959"},{"taxonomy":"product_cat","embeddable":true,"href":"https:\/\/rms-enlinea.com.ar\/tienda\/wp-json\/wp\/v2\/product_cat?post=20959"},{"taxonomy":"product_tag","embeddable":true,"href":"https:\/\/rms-enlinea.com.ar\/tienda\/wp-json\/wp\/v2\/product_tag?post=20959"}],"curies":[{"name":"wp","href":"https:\/\/api.w.org\/{rel}","templated":true}]}}