{"id":20964,"date":"2025-06-12T09:12:02","date_gmt":"2025-06-12T12:12:02","guid":{"rendered":"https:\/\/rms-enlinea.com.ar\/tienda\/producto\/microfono-inalimbrico-vincha-y-corbatero-vhf-gemini-vhf-01hl\/"},"modified":"2026-04-06T14:25:15","modified_gmt":"2026-04-06T17:25:15","slug":"microfono-inalimbrico-vincha-y-corbatero-vhf-gemini-vhf-01hl","status":"publish","type":"product","link":"https:\/\/rms-enlinea.com.ar\/tienda\/producto\/microfono-inalimbrico-vincha-y-corbatero-vhf-gemini-vhf-01hl\/","title":{"rendered":"Microfono Inalimbrico Vincha Y Corbatero Vhf Gemini Vhf-01hl"},"content":{"rendered":"<p>TIPO DE PRODUCTO: MICROFONO INALAMBRICO<br \/>\nTIPO: VINCHA Y CORBATERO<br \/>\nSISTEMA: INAL\u00c1MBRICO DE UN SOLO CANAL<br \/>\nRECEPTOR: DE METAL RESISTENTE Y M\u00daLTIPLES OPCIONES DE CONEXI\u00d3N<br \/>\nFRECUENCIAS: 170-260 MHZ<br \/>\nEL VHF-01L ES PERFECTO PARA INSTRUCTORES DE FITNESS, ARTISTAS ESC\u00c9NICOS O CUALQUIER PERSONA QUE NECESITE UNA AMPLIFICACI\u00d3N DE VOZ DE ALTA CALIDAD.<\/p>\n","protected":false},"excerpt":{"rendered":"<p>TIPO DE PRODUCTO: MICROFONO INALAMBRICO TIPO: VINCHA Y CORBATERO SISTEMA: INAL\u00c1MBRICO DE UN SOLO CANAL RECEPTOR: DE METAL RESISTENTE Y M\u00daLTIPLES OPCIONES DE CONEXI\u00d3N FRECUENCIAS: 170-260 MHZ EL VHF-01L ES PERFECTO PARA INSTRUCTORES DE FITNESS, ARTISTAS ESC\u00c9NICOS O CUALQUIER PERSONA QUE NECESITE UNA AMPLIFICACI\u00d3N DE VOZ DE ALTA CALIDAD.<\/p>\n","protected":false},"featured_media":20965,"comment_status":"open","ping_status":"closed","template":"","meta":{"_uag_custom_page_level_css":""},"product_brand":[535],"product_cat":[75],"product_tag":[],"class_list":{"0":"post-20964","1":"product","2":"type-product","3":"status-publish","4":"has-post-thumbnail","6":"product_brand-gemini","7":"product_cat-microfonos","9":"first","10":"outofstock","11":"sale","12":"taxable","13":"shipping-taxable","14":"purchasable","15":"product-type-simple"},"uagb_featured_image_src":{"full":["https:\/\/rms-enlinea.com.ar\/wp-content\/uploads\/2025\/06\/D_888114-MLA41069457693_032020-F.jpg",828,564,false],"thumbnail":["https:\/\/rms-enlinea.com.ar\/wp-content\/uploads\/2025\/06\/D_888114-MLA41069457693_032020-F-150x150.jpg",150,150,true],"medium":["https:\/\/rms-enlinea.com.ar\/wp-content\/uploads\/2025\/06\/D_888114-MLA41069457693_032020-F-300x204.jpg",300,204,true],"medium_large":["https:\/\/rms-enlinea.com.ar\/wp-content\/uploads\/2025\/06\/D_888114-MLA41069457693_032020-F-768x523.jpg",768,523,true],"large":["https:\/\/rms-enlinea.com.ar\/wp-content\/uploads\/2025\/06\/D_888114-MLA41069457693_032020-F.jpg",828,564,false],"1536x1536":["https:\/\/rms-enlinea.com.ar\/wp-content\/uploads\/2025\/06\/D_888114-MLA41069457693_032020-F.jpg",828,564,false],"2048x2048":["https:\/\/rms-enlinea.com.ar\/wp-content\/uploads\/2025\/06\/D_888114-MLA41069457693_032020-F.jpg",828,564,false],"woocommerce_thumbnail":["https:\/\/rms-enlinea.com.ar\/wp-content\/uploads\/2025\/06\/D_888114-MLA41069457693_032020-F-450x450.jpg",450,450,true],"woocommerce_single":["https:\/\/rms-enlinea.com.ar\/wp-content\/uploads\/2025\/06\/D_888114-MLA41069457693_032020-F-600x409.jpg",600,409,true],"woocommerce_gallery_thumbnail":["https:\/\/rms-enlinea.com.ar\/wp-content\/uploads\/2025\/06\/D_888114-MLA41069457693_032020-F-100x100.jpg",100,100,true]},"uagb_author_info":{"display_name":"l0071054","author_link":"https:\/\/rms-enlinea.com.ar\/tienda\/author\/"},"uagb_comment_info":0,"uagb_excerpt":"TIPO DE PRODUCTO: MICROFONO INALAMBRICO TIPO: VINCHA Y CORBATERO SISTEMA: INAL\u00c1MBRICO DE UN SOLO CANAL RECEPTOR: DE METAL RESISTENTE Y M\u00daLTIPLES OPCIONES DE CONEXI\u00d3N FRECUENCIAS: 170-260 MHZ EL VHF-01L ES PERFECTO PARA INSTRUCTORES DE FITNESS, ARTISTAS ESC\u00c9NICOS O CUALQUIER PERSONA QUE NECESITE UNA AMPLIFICACI\u00d3N DE VOZ DE ALTA CALIDAD.","_links":{"self":[{"href":"https:\/\/rms-enlinea.com.ar\/tienda\/wp-json\/wp\/v2\/product\/20964","targetHints":{"allow":["GET"]}}],"collection":[{"href":"https:\/\/rms-enlinea.com.ar\/tienda\/wp-json\/wp\/v2\/product"}],"about":[{"href":"https:\/\/rms-enlinea.com.ar\/tienda\/wp-json\/wp\/v2\/types\/product"}],"replies":[{"embeddable":true,"href":"https:\/\/rms-enlinea.com.ar\/tienda\/wp-json\/wp\/v2\/comments?post=20964"}],"wp:featuredmedia":[{"embeddable":true,"href":"https:\/\/rms-enlinea.com.ar\/tienda\/wp-json\/wp\/v2\/media\/20965"}],"wp:attachment":[{"href":"https:\/\/rms-enlinea.com.ar\/tienda\/wp-json\/wp\/v2\/media?parent=20964"}],"wp:term":[{"taxonomy":"product_brand","embeddable":true,"href":"https:\/\/rms-enlinea.com.ar\/tienda\/wp-json\/wp\/v2\/product_brand?post=20964"},{"taxonomy":"product_cat","embeddable":true,"href":"https:\/\/rms-enlinea.com.ar\/tienda\/wp-json\/wp\/v2\/product_cat?post=20964"},{"taxonomy":"product_tag","embeddable":true,"href":"https:\/\/rms-enlinea.com.ar\/tienda\/wp-json\/wp\/v2\/product_tag?post=20964"}],"curies":[{"name":"wp","href":"https:\/\/api.w.org\/{rel}","templated":true}]}}