{"id":21035,"date":"2025-06-12T09:13:34","date_gmt":"2025-06-12T12:13:34","guid":{"rendered":"https:\/\/rms-enlinea.com.ar\/tienda\/producto\/controlador-tp-link-cloud-omada-oc300-gestion-500-equipos\/"},"modified":"2026-04-21T06:13:33","modified_gmt":"2026-04-21T09:13:33","slug":"controlador-tp-link-cloud-omada-oc300-gestion-500-equipos","status":"publish","type":"product","link":"https:\/\/rms-enlinea.com.ar\/tienda\/producto\/controlador-tp-link-cloud-omada-oc300-gestion-500-equipos\/","title":{"rendered":"Controlador Tp-link Cloud Omada Oc300 Gestion 500 Equipos"},"content":{"rendered":"<p>Gesti\u00f3n centralizada de hasta 500 puntos de acceso Omada, Switchess JetStream y Switches SafeStream.<br \/>Acceso gratuito a la nube: administre y supervise con la aplicaci\u00f3n Omada o la interfaz de usuario web desde cualquier lugar y en cualquier momento.<br \/>Administraci\u00f3n en las instalaciones: Supervise y administre localmente los dispositivos con la m\u00e1xima seguridad y estabilidad.<br \/>Dise\u00f1o de hardware l\u00edder en la industria: un potente conjunto de chips, una carcasa de metal resistente, un puerto USB 3.0 para copia de seguridad autom\u00e1tica y dos puertos Gigabit<br \/>Monitoreo de red f\u00e1cil e inteligente: el panel f\u00e1cil de usar simplifica la visualizaci\u00f3n del estado de la red y la distribuci\u00f3n del tr\u00e1fico en tiempo real.<br \/>Topolog\u00eda de red en tiempo real: ayuda a los administradores de TI a ver y solucionar problemas de conexiones r\u00e1pidamente de un vistazo.<br \/>Mantenimiento de red m\u00e1s f\u00e1cil: simulador de mapa de cobertura WiFi, informe de red visualizable y administraci\u00f3n de lotes y sitios m\u00faltiples que benefician el mantenimiento de la red.<\/p>\n","protected":false},"excerpt":{"rendered":"<p>Gesti\u00f3n centralizada de hasta 500 puntos de acceso Omada, Switchess JetStream y Switches SafeStream.Acceso gratuito a la nube: administre y supervise con la aplicaci\u00f3n Omada o la interfaz de usuario web desde cualquier lugar y en cualquier momento.Administraci\u00f3n en las instalaciones: Supervise y administre localmente los dispositivos con la m\u00e1xima seguridad y estabilidad.Dise\u00f1o de hardware [&hellip;]<\/p>\n","protected":false},"featured_media":21036,"comment_status":"open","ping_status":"closed","template":"","meta":{"_uag_custom_page_level_css":""},"product_brand":[546],"product_cat":[122],"product_tag":[],"class_list":{"0":"post-21035","1":"product","2":"type-product","3":"status-publish","4":"has-post-thumbnail","6":"product_brand-tplink","7":"product_cat-redes-y-conectividad","9":"first","10":"outofstock","11":"sale","12":"taxable","13":"shipping-taxable","14":"purchasable","15":"product-type-simple"},"uagb_featured_image_src":{"full":["https:\/\/rms-enlinea.com.ar\/wp-content\/uploads\/2025\/06\/D_860318-MLU73655903903_122023-F.jpg",1200,336,false],"thumbnail":["https:\/\/rms-enlinea.com.ar\/wp-content\/uploads\/2025\/06\/D_860318-MLU73655903903_122023-F-150x150.jpg",150,150,true],"medium":["https:\/\/rms-enlinea.com.ar\/wp-content\/uploads\/2025\/06\/D_860318-MLU73655903903_122023-F-300x84.jpg",300,84,true],"medium_large":["https:\/\/rms-enlinea.com.ar\/wp-content\/uploads\/2025\/06\/D_860318-MLU73655903903_122023-F-768x215.jpg",768,215,true],"large":["https:\/\/rms-enlinea.com.ar\/wp-content\/uploads\/2025\/06\/D_860318-MLU73655903903_122023-F-1024x287.jpg",1024,287,true],"1536x1536":["https:\/\/rms-enlinea.com.ar\/wp-content\/uploads\/2025\/06\/D_860318-MLU73655903903_122023-F.jpg",1200,336,false],"2048x2048":["https:\/\/rms-enlinea.com.ar\/wp-content\/uploads\/2025\/06\/D_860318-MLU73655903903_122023-F.jpg",1200,336,false],"woocommerce_thumbnail":["https:\/\/rms-enlinea.com.ar\/wp-content\/uploads\/2025\/06\/D_860318-MLU73655903903_122023-F-450x336.jpg",450,336,true],"woocommerce_single":["https:\/\/rms-enlinea.com.ar\/wp-content\/uploads\/2025\/06\/D_860318-MLU73655903903_122023-F-600x168.jpg",600,168,true],"woocommerce_gallery_thumbnail":["https:\/\/rms-enlinea.com.ar\/wp-content\/uploads\/2025\/06\/D_860318-MLU73655903903_122023-F-100x100.jpg",100,100,true]},"uagb_author_info":{"display_name":"l0071054","author_link":"https:\/\/rms-enlinea.com.ar\/tienda\/author\/"},"uagb_comment_info":0,"uagb_excerpt":"Gesti\u00f3n centralizada de hasta 500 puntos de acceso Omada, Switchess JetStream y Switches SafeStream.Acceso gratuito a la nube: administre y supervise con la aplicaci\u00f3n Omada o la interfaz de usuario web desde cualquier lugar y en cualquier momento.Administraci\u00f3n en las instalaciones: Supervise y administre localmente los dispositivos con la m\u00e1xima seguridad y estabilidad.Dise\u00f1o de hardware&hellip;","_links":{"self":[{"href":"https:\/\/rms-enlinea.com.ar\/tienda\/wp-json\/wp\/v2\/product\/21035","targetHints":{"allow":["GET"]}}],"collection":[{"href":"https:\/\/rms-enlinea.com.ar\/tienda\/wp-json\/wp\/v2\/product"}],"about":[{"href":"https:\/\/rms-enlinea.com.ar\/tienda\/wp-json\/wp\/v2\/types\/product"}],"replies":[{"embeddable":true,"href":"https:\/\/rms-enlinea.com.ar\/tienda\/wp-json\/wp\/v2\/comments?post=21035"}],"wp:featuredmedia":[{"embeddable":true,"href":"https:\/\/rms-enlinea.com.ar\/tienda\/wp-json\/wp\/v2\/media\/21036"}],"wp:attachment":[{"href":"https:\/\/rms-enlinea.com.ar\/tienda\/wp-json\/wp\/v2\/media?parent=21035"}],"wp:term":[{"taxonomy":"product_brand","embeddable":true,"href":"https:\/\/rms-enlinea.com.ar\/tienda\/wp-json\/wp\/v2\/product_brand?post=21035"},{"taxonomy":"product_cat","embeddable":true,"href":"https:\/\/rms-enlinea.com.ar\/tienda\/wp-json\/wp\/v2\/product_cat?post=21035"},{"taxonomy":"product_tag","embeddable":true,"href":"https:\/\/rms-enlinea.com.ar\/tienda\/wp-json\/wp\/v2\/product_tag?post=21035"}],"curies":[{"name":"wp","href":"https:\/\/api.w.org\/{rel}","templated":true}]}}