{"id":21048,"date":"2025-06-12T09:13:51","date_gmt":"2025-06-12T12:13:51","guid":{"rendered":"https:\/\/rms-enlinea.com.ar\/tienda\/producto\/impresora-multifuncion-epson-l4260-sistema-continuo-wifi\/"},"modified":"2026-05-04T11:32:42","modified_gmt":"2026-05-04T14:32:42","slug":"impresora-multifuncion-epson-l4260-sistema-continuo-wifi","status":"publish","type":"product","link":"https:\/\/rms-enlinea.com.ar\/tienda\/producto\/impresora-multifuncion-epson-l4260-sistema-continuo-wifi\/","title":{"rendered":"Impresora Multifuncion Epson L4260 Sistema Cont\u00ednuo Wifi"},"content":{"rendered":"<p>La impresora multifuncional Epson L4260 de la l\u00ednea EcoTank es la soluci\u00f3n ideal para quienes buscan eficiencia y versatilidad en un solo equipo. Con tecnolog\u00eda de inyecci\u00f3n de tinta, esta impresora permite realizar impresiones en color de alta calidad, as\u00ed como copias y escaneos, todo desde la comodidad de su hogar o oficina.<\/p>\n<p>Su sistema de conexi\u00f3n Wi-Fi facilita la impresi\u00f3n desde dispositivos m\u00f3viles y computadoras sin necesidad de cables, brindando una experiencia de uso m\u00e1s c\u00f3moda y moderna. Adem\u00e1s, cuenta con un puerto USB para aquellos que prefieren una conexi\u00f3n directa.<\/p>\n<p>El modelo L4260 est\u00e1 dise\u00f1ado para ofrecer un rendimiento excepcional, lo que la convierte en una opci\u00f3n perfecta para estudiantes, profesionales y familias que requieren un equipo confiable y de bajo costo por impresi\u00f3n. Su dise\u00f1o compacto y elegante se adapta a cualquier espacio, optimizando el \u00e1rea de trabajo.<\/p>\n<p>Con la Epson L4260, disfrutar\u00e1s de una impresora que no solo cumple con tus necesidades de impresi\u00f3n, sino que tambi\u00e9n contribuye a un entorno m\u00e1s sostenible gracias a su sistema de tanque de tinta. Aumenta tu productividad y mejora tu experiencia de impresi\u00f3n con esta multifuncional de \u00faltima generaci\u00f3n.<\/p>\n","protected":false},"excerpt":{"rendered":"<p>La impresora multifuncional Epson L4260 de la l\u00ednea EcoTank es la soluci\u00f3n ideal para quienes buscan eficiencia y versatilidad en un solo equipo. Con tecnolog\u00eda de inyecci\u00f3n de tinta, esta impresora permite realizar impresiones en color de alta calidad, as\u00ed como copias y escaneos, todo desde la comodidad de su hogar o oficina. Su sistema [&hellip;]<\/p>\n","protected":false},"featured_media":21049,"comment_status":"open","ping_status":"closed","template":"","meta":{"_uag_custom_page_level_css":""},"product_brand":[553],"product_cat":[110],"product_tag":[],"class_list":{"0":"post-21048","1":"product","2":"type-product","3":"status-publish","4":"has-post-thumbnail","6":"product_brand-epson","7":"product_cat-impresoras","9":"first","10":"outofstock","11":"sale","12":"taxable","13":"shipping-taxable","14":"purchasable","15":"product-type-simple"},"uagb_featured_image_src":{"full":["https:\/\/rms-enlinea.com.ar\/wp-content\/uploads\/2025\/06\/D_706566-MLA84280785086_052025-F.jpg",1047,728,false],"thumbnail":["https:\/\/rms-enlinea.com.ar\/wp-content\/uploads\/2025\/06\/D_706566-MLA84280785086_052025-F-150x150.jpg",150,150,true],"medium":["https:\/\/rms-enlinea.com.ar\/wp-content\/uploads\/2025\/06\/D_706566-MLA84280785086_052025-F-300x209.jpg",300,209,true],"medium_large":["https:\/\/rms-enlinea.com.ar\/wp-content\/uploads\/2025\/06\/D_706566-MLA84280785086_052025-F-768x534.jpg",768,534,true],"large":["https:\/\/rms-enlinea.com.ar\/wp-content\/uploads\/2025\/06\/D_706566-MLA84280785086_052025-F-1024x712.jpg",1024,712,true],"1536x1536":["https:\/\/rms-enlinea.com.ar\/wp-content\/uploads\/2025\/06\/D_706566-MLA84280785086_052025-F.jpg",1047,728,false],"2048x2048":["https:\/\/rms-enlinea.com.ar\/wp-content\/uploads\/2025\/06\/D_706566-MLA84280785086_052025-F.jpg",1047,728,false],"woocommerce_thumbnail":["https:\/\/rms-enlinea.com.ar\/wp-content\/uploads\/2025\/06\/D_706566-MLA84280785086_052025-F-450x450.jpg",450,450,true],"woocommerce_single":["https:\/\/rms-enlinea.com.ar\/wp-content\/uploads\/2025\/06\/D_706566-MLA84280785086_052025-F-600x417.jpg",600,417,true],"woocommerce_gallery_thumbnail":["https:\/\/rms-enlinea.com.ar\/wp-content\/uploads\/2025\/06\/D_706566-MLA84280785086_052025-F-100x100.jpg",100,100,true]},"uagb_author_info":{"display_name":"l0071054","author_link":"https:\/\/rms-enlinea.com.ar\/tienda\/author\/"},"uagb_comment_info":0,"uagb_excerpt":"La impresora multifuncional Epson L4260 de la l\u00ednea EcoTank es la soluci\u00f3n ideal para quienes buscan eficiencia y versatilidad en un solo equipo. Con tecnolog\u00eda de inyecci\u00f3n de tinta, esta impresora permite realizar impresiones en color de alta calidad, as\u00ed como copias y escaneos, todo desde la comodidad de su hogar o oficina. Su sistema&hellip;","_links":{"self":[{"href":"https:\/\/rms-enlinea.com.ar\/tienda\/wp-json\/wp\/v2\/product\/21048","targetHints":{"allow":["GET"]}}],"collection":[{"href":"https:\/\/rms-enlinea.com.ar\/tienda\/wp-json\/wp\/v2\/product"}],"about":[{"href":"https:\/\/rms-enlinea.com.ar\/tienda\/wp-json\/wp\/v2\/types\/product"}],"replies":[{"embeddable":true,"href":"https:\/\/rms-enlinea.com.ar\/tienda\/wp-json\/wp\/v2\/comments?post=21048"}],"wp:featuredmedia":[{"embeddable":true,"href":"https:\/\/rms-enlinea.com.ar\/tienda\/wp-json\/wp\/v2\/media\/21049"}],"wp:attachment":[{"href":"https:\/\/rms-enlinea.com.ar\/tienda\/wp-json\/wp\/v2\/media?parent=21048"}],"wp:term":[{"taxonomy":"product_brand","embeddable":true,"href":"https:\/\/rms-enlinea.com.ar\/tienda\/wp-json\/wp\/v2\/product_brand?post=21048"},{"taxonomy":"product_cat","embeddable":true,"href":"https:\/\/rms-enlinea.com.ar\/tienda\/wp-json\/wp\/v2\/product_cat?post=21048"},{"taxonomy":"product_tag","embeddable":true,"href":"https:\/\/rms-enlinea.com.ar\/tienda\/wp-json\/wp\/v2\/product_tag?post=21048"}],"curies":[{"name":"wp","href":"https:\/\/api.w.org\/{rel}","templated":true}]}}