{"id":21060,"date":"2025-06-12T09:14:14","date_gmt":"2025-06-12T12:14:14","guid":{"rendered":"https:\/\/rms-enlinea.com.ar\/tienda\/producto\/mouse-pad-logitech-300x700mm-deskpad-lavanda-956-000036\/"},"modified":"2026-04-21T06:14:28","modified_gmt":"2026-04-21T09:14:28","slug":"mouse-pad-logitech-300x700mm-deskpad-lavanda-956-000036","status":"publish","type":"product","link":"https:\/\/rms-enlinea.com.ar\/tienda\/producto\/mouse-pad-logitech-300x700mm-deskpad-lavanda-956-000036\/","title":{"rendered":"Mouse Pad Logitech 300x700mm Deskpad Lavanda 956-000036"},"content":{"rendered":"<p>DIMENSIONES<br \/>Alfombrilla de escritorio<\/p>\n<p>Altura: 300 mm<br \/>Ancho: 700 mm<br \/>Grosor: 2 mm<br \/>Peso: 286 g<br \/>ESPECIFICACIONES T\u00c9CNICAS<br \/>Materiales<\/p>\n<p>100% POLI\u00c9STER RECICLADO<br \/>Superficie y capa interior<br \/>BASE ANTIDESLIZANTE<br \/>72% caucho natural<br \/>BORDES QUE NO SE DESHILACHAN<br \/>Nylon + Poli\u00e9ster<br \/>CONTENIDO DE LA CAJA<br \/>Alfombrilla de escritorio<br \/>Documentaci\u00f3n del usuario<br \/>INFORMACI\u00d3N DE GARANT\u00cdA<br \/>Dos a\u00f1os de garant\u00eda de hardware limitada<\/p>\n<p>N\u00daMERO DE REFERENCIA<br \/>Lavender: 956-000036<\/p>\n","protected":false},"excerpt":{"rendered":"<p>DIMENSIONESAlfombrilla de escritorio Altura: 300 mmAncho: 700 mmGrosor: 2 mmPeso: 286 gESPECIFICACIONES T\u00c9CNICASMateriales 100% POLI\u00c9STER RECICLADOSuperficie y capa interiorBASE ANTIDESLIZANTE72% caucho naturalBORDES QUE NO SE DESHILACHANNylon + Poli\u00e9sterCONTENIDO DE LA CAJAAlfombrilla de escritorioDocumentaci\u00f3n del usuarioINFORMACI\u00d3N DE GARANT\u00cdADos a\u00f1os de garant\u00eda de hardware limitada N\u00daMERO DE REFERENCIALavender: 956-000036<\/p>\n","protected":false},"featured_media":21061,"comment_status":"open","ping_status":"closed","template":"","meta":{"_uag_custom_page_level_css":""},"product_brand":[549],"product_cat":[125],"product_tag":[],"class_list":{"0":"post-21060","1":"product","2":"type-product","3":"status-publish","4":"has-post-thumbnail","6":"product_brand-logitech","7":"product_cat-teclados-y-mouses","9":"first","10":"outofstock","11":"sale","12":"taxable","13":"shipping-taxable","14":"purchasable","15":"product-type-simple"},"uagb_featured_image_src":{"full":["https:\/\/rms-enlinea.com.ar\/wp-content\/uploads\/2025\/06\/D_692045-MLU74246689873_012024-F.jpg",844,367,false],"thumbnail":["https:\/\/rms-enlinea.com.ar\/wp-content\/uploads\/2025\/06\/D_692045-MLU74246689873_012024-F-150x150.jpg",150,150,true],"medium":["https:\/\/rms-enlinea.com.ar\/wp-content\/uploads\/2025\/06\/D_692045-MLU74246689873_012024-F-300x130.jpg",300,130,true],"medium_large":["https:\/\/rms-enlinea.com.ar\/wp-content\/uploads\/2025\/06\/D_692045-MLU74246689873_012024-F-768x334.jpg",768,334,true],"large":["https:\/\/rms-enlinea.com.ar\/wp-content\/uploads\/2025\/06\/D_692045-MLU74246689873_012024-F.jpg",844,367,false],"1536x1536":["https:\/\/rms-enlinea.com.ar\/wp-content\/uploads\/2025\/06\/D_692045-MLU74246689873_012024-F.jpg",844,367,false],"2048x2048":["https:\/\/rms-enlinea.com.ar\/wp-content\/uploads\/2025\/06\/D_692045-MLU74246689873_012024-F.jpg",844,367,false],"woocommerce_thumbnail":["https:\/\/rms-enlinea.com.ar\/wp-content\/uploads\/2025\/06\/D_692045-MLU74246689873_012024-F-450x367.jpg",450,367,true],"woocommerce_single":["https:\/\/rms-enlinea.com.ar\/wp-content\/uploads\/2025\/06\/D_692045-MLU74246689873_012024-F-600x261.jpg",600,261,true],"woocommerce_gallery_thumbnail":["https:\/\/rms-enlinea.com.ar\/wp-content\/uploads\/2025\/06\/D_692045-MLU74246689873_012024-F-100x100.jpg",100,100,true]},"uagb_author_info":{"display_name":"l0071054","author_link":"https:\/\/rms-enlinea.com.ar\/tienda\/author\/"},"uagb_comment_info":0,"uagb_excerpt":"DIMENSIONESAlfombrilla de escritorio Altura: 300 mmAncho: 700 mmGrosor: 2 mmPeso: 286 gESPECIFICACIONES T\u00c9CNICASMateriales 100% POLI\u00c9STER RECICLADOSuperficie y capa interiorBASE ANTIDESLIZANTE72% caucho naturalBORDES QUE NO SE DESHILACHANNylon + Poli\u00e9sterCONTENIDO DE LA CAJAAlfombrilla de escritorioDocumentaci\u00f3n del usuarioINFORMACI\u00d3N DE GARANT\u00cdADos a\u00f1os de garant\u00eda de hardware limitada N\u00daMERO DE REFERENCIALavender: 956-000036","_links":{"self":[{"href":"https:\/\/rms-enlinea.com.ar\/tienda\/wp-json\/wp\/v2\/product\/21060","targetHints":{"allow":["GET"]}}],"collection":[{"href":"https:\/\/rms-enlinea.com.ar\/tienda\/wp-json\/wp\/v2\/product"}],"about":[{"href":"https:\/\/rms-enlinea.com.ar\/tienda\/wp-json\/wp\/v2\/types\/product"}],"replies":[{"embeddable":true,"href":"https:\/\/rms-enlinea.com.ar\/tienda\/wp-json\/wp\/v2\/comments?post=21060"}],"wp:featuredmedia":[{"embeddable":true,"href":"https:\/\/rms-enlinea.com.ar\/tienda\/wp-json\/wp\/v2\/media\/21061"}],"wp:attachment":[{"href":"https:\/\/rms-enlinea.com.ar\/tienda\/wp-json\/wp\/v2\/media?parent=21060"}],"wp:term":[{"taxonomy":"product_brand","embeddable":true,"href":"https:\/\/rms-enlinea.com.ar\/tienda\/wp-json\/wp\/v2\/product_brand?post=21060"},{"taxonomy":"product_cat","embeddable":true,"href":"https:\/\/rms-enlinea.com.ar\/tienda\/wp-json\/wp\/v2\/product_cat?post=21060"},{"taxonomy":"product_tag","embeddable":true,"href":"https:\/\/rms-enlinea.com.ar\/tienda\/wp-json\/wp\/v2\/product_tag?post=21060"}],"curies":[{"name":"wp","href":"https:\/\/api.w.org\/{rel}","templated":true}]}}