{"id":21078,"date":"2025-06-12T09:14:31","date_gmt":"2025-06-12T12:14:31","guid":{"rendered":"https:\/\/rms-enlinea.com.ar\/tienda\/producto\/mouse-logitech-m90-dark-midnight-gray-910-004053\/"},"modified":"2026-03-18T11:20:26","modified_gmt":"2026-03-18T14:20:26","slug":"mouse-logitech-m90-dark-midnight-gray-910-004053","status":"publish","type":"product","link":"https:\/\/rms-enlinea.com.ar\/tienda\/producto\/mouse-logitech-m90-dark-midnight-gray-910-004053\/","title":{"rendered":"Mouse Logitech M90 Dark Midnight Gray 910-004053"},"content":{"rendered":"<p>DIMENSIONES<br \/>Altura: 113 mm<\/p>\n<p>Ancho: 62 mm<\/p>\n<p>Profundidad: 38 mm<\/p>\n<p>Peso: 90 g<\/p>\n<p>Cable<br \/>Longitud del cable: 180 cm<\/p>\n<p>Tecnolog\u00eda de sensor<br \/>Seguimiento \u00f3ptico<\/p>\n<p>DPI (m\u00edn.\/m\u00e1x.) 1000\u00b1<\/p>\n<p>Botones<br \/>N\u00famero de botones: 3 (click izquierdo\/derecho, click de bot\u00f3n central)<\/p>\n<p>Desplazamiento<br \/>Desplazamiento l\u00ednea a l\u00ednea<\/p>\n<p>Rueda de desplazamiento: S\u00ed, \u00f3ptica<\/p>\n","protected":false},"excerpt":{"rendered":"<p>DIMENSIONESAltura: 113 mm Ancho: 62 mm Profundidad: 38 mm Peso: 90 g CableLongitud del cable: 180 cm Tecnolog\u00eda de sensorSeguimiento \u00f3ptico DPI (m\u00edn.\/m\u00e1x.) 1000\u00b1 BotonesN\u00famero de botones: 3 (click izquierdo\/derecho, click de bot\u00f3n central) DesplazamientoDesplazamiento l\u00ednea a l\u00ednea Rueda de desplazamiento: S\u00ed, \u00f3ptica<\/p>\n","protected":false},"featured_media":21079,"comment_status":"open","ping_status":"closed","template":"","meta":{"_uag_custom_page_level_css":""},"product_brand":[549],"product_cat":[125],"product_tag":[],"class_list":{"0":"post-21078","1":"product","2":"type-product","3":"status-publish","4":"has-post-thumbnail","6":"product_brand-logitech","7":"product_cat-teclados-y-mouses","9":"first","10":"instock","11":"sale","12":"taxable","13":"shipping-taxable","14":"purchasable","15":"product-type-simple"},"uagb_featured_image_src":{"full":["https:\/\/rms-enlinea.com.ar\/wp-content\/uploads\/2025\/06\/D_803492-MLU74196172429_012024-F.jpg",467,876,false],"thumbnail":["https:\/\/rms-enlinea.com.ar\/wp-content\/uploads\/2025\/06\/D_803492-MLU74196172429_012024-F-150x150.jpg",150,150,true],"medium":["https:\/\/rms-enlinea.com.ar\/wp-content\/uploads\/2025\/06\/D_803492-MLU74196172429_012024-F-160x300.jpg",160,300,true],"medium_large":["https:\/\/rms-enlinea.com.ar\/wp-content\/uploads\/2025\/06\/D_803492-MLU74196172429_012024-F.jpg",467,876,false],"large":["https:\/\/rms-enlinea.com.ar\/wp-content\/uploads\/2025\/06\/D_803492-MLU74196172429_012024-F.jpg",467,876,false],"1536x1536":["https:\/\/rms-enlinea.com.ar\/wp-content\/uploads\/2025\/06\/D_803492-MLU74196172429_012024-F.jpg",467,876,false],"2048x2048":["https:\/\/rms-enlinea.com.ar\/wp-content\/uploads\/2025\/06\/D_803492-MLU74196172429_012024-F.jpg",467,876,false],"woocommerce_thumbnail":["https:\/\/rms-enlinea.com.ar\/wp-content\/uploads\/2025\/06\/D_803492-MLU74196172429_012024-F-450x450.jpg",450,450,true],"woocommerce_single":["https:\/\/rms-enlinea.com.ar\/wp-content\/uploads\/2025\/06\/D_803492-MLU74196172429_012024-F.jpg",467,876,false],"woocommerce_gallery_thumbnail":["https:\/\/rms-enlinea.com.ar\/wp-content\/uploads\/2025\/06\/D_803492-MLU74196172429_012024-F-100x100.jpg",100,100,true]},"uagb_author_info":{"display_name":"l0071054","author_link":"https:\/\/rms-enlinea.com.ar\/tienda\/author\/"},"uagb_comment_info":0,"uagb_excerpt":"DIMENSIONESAltura: 113 mm Ancho: 62 mm Profundidad: 38 mm Peso: 90 g CableLongitud del cable: 180 cm Tecnolog\u00eda de sensorSeguimiento \u00f3ptico DPI (m\u00edn.\/m\u00e1x.) 1000\u00b1 BotonesN\u00famero de botones: 3 (click izquierdo\/derecho, click de bot\u00f3n central) DesplazamientoDesplazamiento l\u00ednea a l\u00ednea Rueda de desplazamiento: S\u00ed, \u00f3ptica","_links":{"self":[{"href":"https:\/\/rms-enlinea.com.ar\/tienda\/wp-json\/wp\/v2\/product\/21078","targetHints":{"allow":["GET"]}}],"collection":[{"href":"https:\/\/rms-enlinea.com.ar\/tienda\/wp-json\/wp\/v2\/product"}],"about":[{"href":"https:\/\/rms-enlinea.com.ar\/tienda\/wp-json\/wp\/v2\/types\/product"}],"replies":[{"embeddable":true,"href":"https:\/\/rms-enlinea.com.ar\/tienda\/wp-json\/wp\/v2\/comments?post=21078"}],"wp:featuredmedia":[{"embeddable":true,"href":"https:\/\/rms-enlinea.com.ar\/tienda\/wp-json\/wp\/v2\/media\/21079"}],"wp:attachment":[{"href":"https:\/\/rms-enlinea.com.ar\/tienda\/wp-json\/wp\/v2\/media?parent=21078"}],"wp:term":[{"taxonomy":"product_brand","embeddable":true,"href":"https:\/\/rms-enlinea.com.ar\/tienda\/wp-json\/wp\/v2\/product_brand?post=21078"},{"taxonomy":"product_cat","embeddable":true,"href":"https:\/\/rms-enlinea.com.ar\/tienda\/wp-json\/wp\/v2\/product_cat?post=21078"},{"taxonomy":"product_tag","embeddable":true,"href":"https:\/\/rms-enlinea.com.ar\/tienda\/wp-json\/wp\/v2\/product_tag?post=21078"}],"curies":[{"name":"wp","href":"https:\/\/api.w.org\/{rel}","templated":true}]}}