{"id":21114,"date":"2025-06-12T09:15:20","date_gmt":"2025-06-12T12:15:20","guid":{"rendered":"https:\/\/rms-enlinea.com.ar\/tienda\/producto\/mouse-gamer-logitech-g-pro-x-superlight-black-25000-dpi\/"},"modified":"2026-03-14T00:01:41","modified_gmt":"2026-03-14T03:01:41","slug":"mouse-gamer-logitech-g-pro-x-superlight-black-25000-dpi","status":"publish","type":"product","link":"https:\/\/rms-enlinea.com.ar\/tienda\/producto\/mouse-gamer-logitech-g-pro-x-superlight-black-25000-dpi\/","title":{"rendered":"Mouse Gamer Logitech G Pro X Superlight Black 25000 Dpi"},"content":{"rendered":"<p>ESPECIFICACIONES F\u00cdSICAS<br \/>Altura: 125,0 mm<br \/>Anchura: 63,5 mm<br \/>Profundidad: 40,0 mm<br \/>ESPECIFICACIONES T\u00c9CNICAS<br \/>Compatible con POWERPLAY<br \/>Tecnolog\u00eda inal\u00e1mbrica LIGHTSPEED<br \/>Memoria integrada <br \/>Sistema de tensi\u00f3n de click<br \/>Pies de PTFE sin aditivos<br \/>5 botones<br \/>SEGUIMIENTO<br \/>Sensor: HERO\u2122<br \/>Resoluci\u00f3n: 100 \u2013 25.600 DPI<br \/>Aceleraci\u00f3n m\u00e1xima: >40 G <br \/>Velocidad m\u00e1xima: >400 ips <br \/>Sin suavizado\/aceleraci\u00f3n\/filtros<\/p>\n","protected":false},"excerpt":{"rendered":"<p>ESPECIFICACIONES F\u00cdSICASAltura: 125,0 mmAnchura: 63,5 mmProfundidad: 40,0 mmESPECIFICACIONES T\u00c9CNICASCompatible con POWERPLAYTecnolog\u00eda inal\u00e1mbrica LIGHTSPEEDMemoria integrada Sistema de tensi\u00f3n de clickPies de PTFE sin aditivos5 botonesSEGUIMIENTOSensor: HERO\u2122Resoluci\u00f3n: 100 \u2013 25.600 DPIAceleraci\u00f3n m\u00e1xima: >40 G Velocidad m\u00e1xima: >400 ips Sin suavizado\/aceleraci\u00f3n\/filtros<\/p>\n","protected":false},"featured_media":21115,"comment_status":"open","ping_status":"closed","template":"","meta":{"_uag_custom_page_level_css":""},"product_brand":[549],"product_cat":[125],"product_tag":[],"class_list":{"0":"post-21114","1":"product","2":"type-product","3":"status-publish","4":"has-post-thumbnail","6":"product_brand-logitech","7":"product_cat-teclados-y-mouses","9":"first","10":"outofstock","11":"sale","12":"taxable","13":"shipping-taxable","14":"purchasable","15":"product-type-simple"},"uagb_featured_image_src":{"full":["https:\/\/rms-enlinea.com.ar\/wp-content\/uploads\/2025\/06\/D_619792-MLA85044296220_052025-F.jpg",514,1018,false],"thumbnail":["https:\/\/rms-enlinea.com.ar\/wp-content\/uploads\/2025\/06\/D_619792-MLA85044296220_052025-F-150x150.jpg",150,150,true],"medium":["https:\/\/rms-enlinea.com.ar\/wp-content\/uploads\/2025\/06\/D_619792-MLA85044296220_052025-F-151x300.jpg",151,300,true],"medium_large":["https:\/\/rms-enlinea.com.ar\/wp-content\/uploads\/2025\/06\/D_619792-MLA85044296220_052025-F.jpg",514,1018,false],"large":["https:\/\/rms-enlinea.com.ar\/wp-content\/uploads\/2025\/06\/D_619792-MLA85044296220_052025-F.jpg",514,1018,false],"1536x1536":["https:\/\/rms-enlinea.com.ar\/wp-content\/uploads\/2025\/06\/D_619792-MLA85044296220_052025-F.jpg",514,1018,false],"2048x2048":["https:\/\/rms-enlinea.com.ar\/wp-content\/uploads\/2025\/06\/D_619792-MLA85044296220_052025-F.jpg",514,1018,false],"woocommerce_thumbnail":["https:\/\/rms-enlinea.com.ar\/wp-content\/uploads\/2025\/06\/D_619792-MLA85044296220_052025-F-450x450.jpg",450,450,true],"woocommerce_single":["https:\/\/rms-enlinea.com.ar\/wp-content\/uploads\/2025\/06\/D_619792-MLA85044296220_052025-F.jpg",514,1018,false],"woocommerce_gallery_thumbnail":["https:\/\/rms-enlinea.com.ar\/wp-content\/uploads\/2025\/06\/D_619792-MLA85044296220_052025-F-100x100.jpg",100,100,true]},"uagb_author_info":{"display_name":"l0071054","author_link":"https:\/\/rms-enlinea.com.ar\/tienda\/author\/"},"uagb_comment_info":0,"uagb_excerpt":"ESPECIFICACIONES F\u00cdSICASAltura: 125,0 mmAnchura: 63,5 mmProfundidad: 40,0 mmESPECIFICACIONES T\u00c9CNICASCompatible con POWERPLAYTecnolog\u00eda inal\u00e1mbrica LIGHTSPEEDMemoria integrada Sistema de tensi\u00f3n de clickPies de PTFE sin aditivos5 botonesSEGUIMIENTOSensor: HERO\u2122Resoluci\u00f3n: 100 \u2013 25.600 DPIAceleraci\u00f3n m\u00e1xima: >40 G Velocidad m\u00e1xima: >400 ips Sin suavizado\/aceleraci\u00f3n\/filtros","_links":{"self":[{"href":"https:\/\/rms-enlinea.com.ar\/tienda\/wp-json\/wp\/v2\/product\/21114","targetHints":{"allow":["GET"]}}],"collection":[{"href":"https:\/\/rms-enlinea.com.ar\/tienda\/wp-json\/wp\/v2\/product"}],"about":[{"href":"https:\/\/rms-enlinea.com.ar\/tienda\/wp-json\/wp\/v2\/types\/product"}],"replies":[{"embeddable":true,"href":"https:\/\/rms-enlinea.com.ar\/tienda\/wp-json\/wp\/v2\/comments?post=21114"}],"wp:featuredmedia":[{"embeddable":true,"href":"https:\/\/rms-enlinea.com.ar\/tienda\/wp-json\/wp\/v2\/media\/21115"}],"wp:attachment":[{"href":"https:\/\/rms-enlinea.com.ar\/tienda\/wp-json\/wp\/v2\/media?parent=21114"}],"wp:term":[{"taxonomy":"product_brand","embeddable":true,"href":"https:\/\/rms-enlinea.com.ar\/tienda\/wp-json\/wp\/v2\/product_brand?post=21114"},{"taxonomy":"product_cat","embeddable":true,"href":"https:\/\/rms-enlinea.com.ar\/tienda\/wp-json\/wp\/v2\/product_cat?post=21114"},{"taxonomy":"product_tag","embeddable":true,"href":"https:\/\/rms-enlinea.com.ar\/tienda\/wp-json\/wp\/v2\/product_tag?post=21114"}],"curies":[{"name":"wp","href":"https:\/\/api.w.org\/{rel}","templated":true}]}}