{"id":21139,"date":"2025-06-12T09:15:56","date_gmt":"2025-06-12T12:15:56","guid":{"rendered":"https:\/\/rms-enlinea.com.ar\/tienda\/producto\/impresora-epson-ecotank-l3210-multifuncion-usb\/"},"modified":"2026-04-21T14:11:36","modified_gmt":"2026-04-21T17:11:36","slug":"impresora-epson-ecotank-l3210-multifuncion-usb","status":"publish","type":"product","link":"https:\/\/rms-enlinea.com.ar\/tienda\/producto\/impresora-epson-ecotank-l3210-multifuncion-usb\/","title":{"rendered":"Impresora Epson Ecotank L3210 Multifunci\u00f3n Usb"},"content":{"rendered":"<p>La impresora Epson Ecotank L3210 es la soluci\u00f3n ideal para quienes buscan eficiencia y versatilidad en un solo dispositivo. Con su tecnolog\u00eda de inyecci\u00f3n de tinta, esta multifuncional permite imprimir, copiar y gestionar documentos de manera sencilla y r\u00e1pida. Su dise\u00f1o compacto se adapta perfectamente a cualquier espacio de trabajo, ya sea en casa o en una oficina peque\u00f1a.<\/p>\n<p>El modelo L3210 destaca por su sistema de tanque de tinta, que reduce significativamente los costos de impresi\u00f3n y minimiza la necesidad de reemplazos frecuentes. Con la capacidad de imprimir en color, es perfecta para proyectos que requieren calidad y detalle, desde informes hasta fotograf\u00edas. Adem\u00e1s, su conexi\u00f3n USB facilita la integraci\u00f3n con computadoras y laptops, garantizando un rendimiento \u00f3ptimo.<\/p>\n<p>La Epson Ecotank L3210 es una opci\u00f3n ecol\u00f3gica, dise\u00f1ada para ofrecer un bajo consumo energ\u00e9tico y un menor impacto ambiental. Su facilidad de uso y mantenimiento la convierten en una herramienta indispensable para estudiantes, profesionales y familias que buscan un rendimiento confiable y econ\u00f3mico. Con esta impresora, cada impresi\u00f3n cuenta, brindando resultados excepcionales en cada p\u00e1gina.<\/p>\n","protected":false},"excerpt":{"rendered":"<p>La impresora Epson Ecotank L3210 es la soluci\u00f3n ideal para quienes buscan eficiencia y versatilidad en un solo dispositivo. Con su tecnolog\u00eda de inyecci\u00f3n de tinta, esta multifuncional permite imprimir, copiar y gestionar documentos de manera sencilla y r\u00e1pida. Su dise\u00f1o compacto se adapta perfectamente a cualquier espacio de trabajo, ya sea en casa o [&hellip;]<\/p>\n","protected":false},"featured_media":21140,"comment_status":"open","ping_status":"closed","template":"","meta":{"_uag_custom_page_level_css":""},"product_brand":[553],"product_cat":[110],"product_tag":[],"class_list":{"0":"post-21139","1":"product","2":"type-product","3":"status-publish","4":"has-post-thumbnail","6":"product_brand-epson","7":"product_cat-impresoras","9":"first","10":"outofstock","11":"sale","12":"taxable","13":"shipping-taxable","14":"purchasable","15":"product-type-simple"},"uagb_featured_image_src":{"full":["https:\/\/rms-enlinea.com.ar\/wp-content\/uploads\/2025\/06\/D_699157-MLA83188020620_042025-F.jpg",1200,916,false],"thumbnail":["https:\/\/rms-enlinea.com.ar\/wp-content\/uploads\/2025\/06\/D_699157-MLA83188020620_042025-F-150x150.jpg",150,150,true],"medium":["https:\/\/rms-enlinea.com.ar\/wp-content\/uploads\/2025\/06\/D_699157-MLA83188020620_042025-F-300x229.jpg",300,229,true],"medium_large":["https:\/\/rms-enlinea.com.ar\/wp-content\/uploads\/2025\/06\/D_699157-MLA83188020620_042025-F-768x586.jpg",768,586,true],"large":["https:\/\/rms-enlinea.com.ar\/wp-content\/uploads\/2025\/06\/D_699157-MLA83188020620_042025-F-1024x782.jpg",1024,782,true],"1536x1536":["https:\/\/rms-enlinea.com.ar\/wp-content\/uploads\/2025\/06\/D_699157-MLA83188020620_042025-F.jpg",1200,916,false],"2048x2048":["https:\/\/rms-enlinea.com.ar\/wp-content\/uploads\/2025\/06\/D_699157-MLA83188020620_042025-F.jpg",1200,916,false],"woocommerce_thumbnail":["https:\/\/rms-enlinea.com.ar\/wp-content\/uploads\/2025\/06\/D_699157-MLA83188020620_042025-F-450x450.jpg",450,450,true],"woocommerce_single":["https:\/\/rms-enlinea.com.ar\/wp-content\/uploads\/2025\/06\/D_699157-MLA83188020620_042025-F-600x458.jpg",600,458,true],"woocommerce_gallery_thumbnail":["https:\/\/rms-enlinea.com.ar\/wp-content\/uploads\/2025\/06\/D_699157-MLA83188020620_042025-F-100x100.jpg",100,100,true]},"uagb_author_info":{"display_name":"l0071054","author_link":"https:\/\/rms-enlinea.com.ar\/tienda\/author\/"},"uagb_comment_info":0,"uagb_excerpt":"La impresora Epson Ecotank L3210 es la soluci\u00f3n ideal para quienes buscan eficiencia y versatilidad en un solo dispositivo. Con su tecnolog\u00eda de inyecci\u00f3n de tinta, esta multifuncional permite imprimir, copiar y gestionar documentos de manera sencilla y r\u00e1pida. Su dise\u00f1o compacto se adapta perfectamente a cualquier espacio de trabajo, ya sea en casa o&hellip;","_links":{"self":[{"href":"https:\/\/rms-enlinea.com.ar\/tienda\/wp-json\/wp\/v2\/product\/21139","targetHints":{"allow":["GET"]}}],"collection":[{"href":"https:\/\/rms-enlinea.com.ar\/tienda\/wp-json\/wp\/v2\/product"}],"about":[{"href":"https:\/\/rms-enlinea.com.ar\/tienda\/wp-json\/wp\/v2\/types\/product"}],"replies":[{"embeddable":true,"href":"https:\/\/rms-enlinea.com.ar\/tienda\/wp-json\/wp\/v2\/comments?post=21139"}],"wp:featuredmedia":[{"embeddable":true,"href":"https:\/\/rms-enlinea.com.ar\/tienda\/wp-json\/wp\/v2\/media\/21140"}],"wp:attachment":[{"href":"https:\/\/rms-enlinea.com.ar\/tienda\/wp-json\/wp\/v2\/media?parent=21139"}],"wp:term":[{"taxonomy":"product_brand","embeddable":true,"href":"https:\/\/rms-enlinea.com.ar\/tienda\/wp-json\/wp\/v2\/product_brand?post=21139"},{"taxonomy":"product_cat","embeddable":true,"href":"https:\/\/rms-enlinea.com.ar\/tienda\/wp-json\/wp\/v2\/product_cat?post=21139"},{"taxonomy":"product_tag","embeddable":true,"href":"https:\/\/rms-enlinea.com.ar\/tienda\/wp-json\/wp\/v2\/product_tag?post=21139"}],"curies":[{"name":"wp","href":"https:\/\/api.w.org\/{rel}","templated":true}]}}