{"id":21144,"date":"2025-06-12T09:16:08","date_gmt":"2025-06-12T12:16:08","guid":{"rendered":"https:\/\/rms-enlinea.com.ar\/tienda\/producto\/impresora-monocromatica-epson-ecotank-m1120-simple-funcion\/"},"modified":"2026-04-16T19:12:48","modified_gmt":"2026-04-16T22:12:48","slug":"impresora-monocromatica-epson-ecotank-m1120-simple-funcion","status":"publish","type":"product","link":"https:\/\/rms-enlinea.com.ar\/tienda\/producto\/impresora-monocromatica-epson-ecotank-m1120-simple-funcion\/","title":{"rendered":"Impresora Monocrom\u00e1tica Epson Ecotank M1120 Simple Funci\u00f3n"},"content":{"rendered":"<p>La impresora monocrom\u00e1tica Epson Ecotank M1120 es la soluci\u00f3n ideal para quienes buscan eficiencia y calidad en la impresi\u00f3n de documentos. Con su tecnolog\u00eda de inyecci\u00f3n de tinta, esta impresora de simple funci\u00f3n se destaca por su capacidad para producir textos n\u00edtidos y claros, perfectos para entornos de oficina o uso personal.<\/p>\n<p>Dise\u00f1ada para optimizar el rendimiento, la M1120 permite imprimir sin complicaciones gracias a su puerto USB, facilitando la conexi\u00f3n a diferentes dispositivos. Aunque no cuenta con conectividad Wi-Fi, su dise\u00f1o compacto y funcional se adapta a cualquier espacio de trabajo, garantizando un uso pr\u00e1ctico y eficiente.<\/p>\n<p>La Epson Ecotank M1120 es una opci\u00f3n sostenible, ya que su sistema de tinta permite un menor consumo y una reducci\u00f3n en la generaci\u00f3n de residuos. Ideal para quienes valoran la econom\u00eda y el cuidado del medio ambiente, esta impresora es perfecta para quienes requieren un alto volumen de impresi\u00f3n sin sacrificar calidad.<\/p>\n","protected":false},"excerpt":{"rendered":"<p>La impresora monocrom\u00e1tica Epson Ecotank M1120 es la soluci\u00f3n ideal para quienes buscan eficiencia y calidad en la impresi\u00f3n de documentos. Con su tecnolog\u00eda de inyecci\u00f3n de tinta, esta impresora de simple funci\u00f3n se destaca por su capacidad para producir textos n\u00edtidos y claros, perfectos para entornos de oficina o uso personal. Dise\u00f1ada para optimizar [&hellip;]<\/p>\n","protected":false},"featured_media":21145,"comment_status":"open","ping_status":"closed","template":"","meta":{"_uag_custom_page_level_css":""},"product_brand":[553],"product_cat":[110],"product_tag":[],"class_list":{"0":"post-21144","1":"product","2":"type-product","3":"status-publish","4":"has-post-thumbnail","6":"product_brand-epson","7":"product_cat-impresoras","9":"first","10":"instock","11":"sale","12":"taxable","13":"shipping-taxable","14":"purchasable","15":"product-type-simple"},"uagb_featured_image_src":{"full":["https:\/\/rms-enlinea.com.ar\/wp-content\/uploads\/2025\/06\/D_903240-MLA83479055467_042025-F.jpg",1200,901,false],"thumbnail":["https:\/\/rms-enlinea.com.ar\/wp-content\/uploads\/2025\/06\/D_903240-MLA83479055467_042025-F-150x150.jpg",150,150,true],"medium":["https:\/\/rms-enlinea.com.ar\/wp-content\/uploads\/2025\/06\/D_903240-MLA83479055467_042025-F-300x225.jpg",300,225,true],"medium_large":["https:\/\/rms-enlinea.com.ar\/wp-content\/uploads\/2025\/06\/D_903240-MLA83479055467_042025-F-768x577.jpg",768,577,true],"large":["https:\/\/rms-enlinea.com.ar\/wp-content\/uploads\/2025\/06\/D_903240-MLA83479055467_042025-F-1024x769.jpg",1024,769,true],"1536x1536":["https:\/\/rms-enlinea.com.ar\/wp-content\/uploads\/2025\/06\/D_903240-MLA83479055467_042025-F.jpg",1200,901,false],"2048x2048":["https:\/\/rms-enlinea.com.ar\/wp-content\/uploads\/2025\/06\/D_903240-MLA83479055467_042025-F.jpg",1200,901,false],"woocommerce_thumbnail":["https:\/\/rms-enlinea.com.ar\/wp-content\/uploads\/2025\/06\/D_903240-MLA83479055467_042025-F-450x450.jpg",450,450,true],"woocommerce_single":["https:\/\/rms-enlinea.com.ar\/wp-content\/uploads\/2025\/06\/D_903240-MLA83479055467_042025-F-600x451.jpg",600,451,true],"woocommerce_gallery_thumbnail":["https:\/\/rms-enlinea.com.ar\/wp-content\/uploads\/2025\/06\/D_903240-MLA83479055467_042025-F-100x100.jpg",100,100,true]},"uagb_author_info":{"display_name":"l0071054","author_link":"https:\/\/rms-enlinea.com.ar\/tienda\/author\/"},"uagb_comment_info":0,"uagb_excerpt":"La impresora monocrom\u00e1tica Epson Ecotank M1120 es la soluci\u00f3n ideal para quienes buscan eficiencia y calidad en la impresi\u00f3n de documentos. Con su tecnolog\u00eda de inyecci\u00f3n de tinta, esta impresora de simple funci\u00f3n se destaca por su capacidad para producir textos n\u00edtidos y claros, perfectos para entornos de oficina o uso personal. Dise\u00f1ada para optimizar&hellip;","_links":{"self":[{"href":"https:\/\/rms-enlinea.com.ar\/tienda\/wp-json\/wp\/v2\/product\/21144","targetHints":{"allow":["GET"]}}],"collection":[{"href":"https:\/\/rms-enlinea.com.ar\/tienda\/wp-json\/wp\/v2\/product"}],"about":[{"href":"https:\/\/rms-enlinea.com.ar\/tienda\/wp-json\/wp\/v2\/types\/product"}],"replies":[{"embeddable":true,"href":"https:\/\/rms-enlinea.com.ar\/tienda\/wp-json\/wp\/v2\/comments?post=21144"}],"wp:featuredmedia":[{"embeddable":true,"href":"https:\/\/rms-enlinea.com.ar\/tienda\/wp-json\/wp\/v2\/media\/21145"}],"wp:attachment":[{"href":"https:\/\/rms-enlinea.com.ar\/tienda\/wp-json\/wp\/v2\/media?parent=21144"}],"wp:term":[{"taxonomy":"product_brand","embeddable":true,"href":"https:\/\/rms-enlinea.com.ar\/tienda\/wp-json\/wp\/v2\/product_brand?post=21144"},{"taxonomy":"product_cat","embeddable":true,"href":"https:\/\/rms-enlinea.com.ar\/tienda\/wp-json\/wp\/v2\/product_cat?post=21144"},{"taxonomy":"product_tag","embeddable":true,"href":"https:\/\/rms-enlinea.com.ar\/tienda\/wp-json\/wp\/v2\/product_tag?post=21144"}],"curies":[{"name":"wp","href":"https:\/\/api.w.org\/{rel}","templated":true}]}}