{"id":21216,"date":"2025-06-12T09:17:36","date_gmt":"2025-06-12T12:17:36","guid":{"rendered":"https:\/\/rms-enlinea.com.ar\/tienda\/producto\/auricular-inalambrico-logitech-g733-rgb-981-000889\/"},"modified":"2026-03-31T18:31:44","modified_gmt":"2026-03-31T21:31:44","slug":"auricular-inalambrico-logitech-g733-rgb-981-000889","status":"publish","type":"product","link":"https:\/\/rms-enlinea.com.ar\/tienda\/producto\/auricular-inalambrico-logitech-g733-rgb-981-000889\/","title":{"rendered":"Auricular Inalambrico Logitech G733 Rgb 981-000889"},"content":{"rendered":"<p>DIMENSIONES<br \/>Longitud: 194 mm<br \/>Ancho: 190 mm<br \/>Profundidad: 83 mm<br \/>Peso: 278 g<br \/>ESPECIFICACIONES T\u00c9CNICAS<br \/>AUD\u00cdFONO<\/p>\n<p>Transductor: PRO-G 40 mm<br \/>Respuesta de frecuencia: 20 Hz &#8211; 20 kHz<br \/>Impedancia: 39 ohmios (pasiva), 5 kilohmios (activa)<br \/>Sensibilidad: 87,5 dB SPL\/mW<br \/>MICR\u00d3FONO (VARILLA)<\/p>\n<p>Patr\u00f3n de captaci\u00f3n de micr\u00f3fono: Cardioide (unidireccional)<br \/>Tama\u00f1o: 6 mm<br \/>Respuesta de frecuencia: 100 Hz-10 KHz<br \/>Radio de acci\u00f3n inal\u00e1mbrico: Hasta 20 m 1Depende del uso y de los dispositivos.<br \/>DURACI\u00d3N DE BATER\u00cdA (RECARGABLE)<br \/>Sin iluminaci\u00f3n: 29 h<br \/>Iluminaci\u00f3n predeterminada: 20 horas<br \/>La duraci\u00f3n de la bater\u00eda se basa en un volumen de aud\u00edfonos configurado en 50%.<\/p>\n","protected":false},"excerpt":{"rendered":"<p>DIMENSIONESLongitud: 194 mmAncho: 190 mmProfundidad: 83 mmPeso: 278 gESPECIFICACIONES T\u00c9CNICASAUD\u00cdFONO Transductor: PRO-G 40 mmRespuesta de frecuencia: 20 Hz &#8211; 20 kHzImpedancia: 39 ohmios (pasiva), 5 kilohmios (activa)Sensibilidad: 87,5 dB SPL\/mWMICR\u00d3FONO (VARILLA) Patr\u00f3n de captaci\u00f3n de micr\u00f3fono: Cardioide (unidireccional)Tama\u00f1o: 6 mmRespuesta de frecuencia: 100 Hz-10 KHzRadio de acci\u00f3n inal\u00e1mbrico: Hasta 20 m 1Depende del uso y [&hellip;]<\/p>\n","protected":false},"featured_media":21217,"comment_status":"open","ping_status":"closed","template":"","meta":{"_uag_custom_page_level_css":""},"product_brand":[549],"product_cat":[99],"product_tag":[],"class_list":{"0":"post-21216","1":"product","2":"type-product","3":"status-publish","4":"has-post-thumbnail","6":"product_brand-logitech","7":"product_cat-auriculares-computacion","9":"first","10":"outofstock","11":"sale","12":"taxable","13":"shipping-taxable","14":"purchasable","15":"product-type-simple"},"uagb_featured_image_src":{"full":["https:\/\/rms-enlinea.com.ar\/wp-content\/uploads\/2025\/06\/D_638524-MLU72933231487_112023-F.jpg",1056,1180,false],"thumbnail":["https:\/\/rms-enlinea.com.ar\/wp-content\/uploads\/2025\/06\/D_638524-MLU72933231487_112023-F-150x150.jpg",150,150,true],"medium":["https:\/\/rms-enlinea.com.ar\/wp-content\/uploads\/2025\/06\/D_638524-MLU72933231487_112023-F-268x300.jpg",268,300,true],"medium_large":["https:\/\/rms-enlinea.com.ar\/wp-content\/uploads\/2025\/06\/D_638524-MLU72933231487_112023-F-768x858.jpg",768,858,true],"large":["https:\/\/rms-enlinea.com.ar\/wp-content\/uploads\/2025\/06\/D_638524-MLU72933231487_112023-F-916x1024.jpg",916,1024,true],"1536x1536":["https:\/\/rms-enlinea.com.ar\/wp-content\/uploads\/2025\/06\/D_638524-MLU72933231487_112023-F.jpg",1056,1180,false],"2048x2048":["https:\/\/rms-enlinea.com.ar\/wp-content\/uploads\/2025\/06\/D_638524-MLU72933231487_112023-F.jpg",1056,1180,false],"woocommerce_thumbnail":["https:\/\/rms-enlinea.com.ar\/wp-content\/uploads\/2025\/06\/D_638524-MLU72933231487_112023-F-450x450.jpg",450,450,true],"woocommerce_single":["https:\/\/rms-enlinea.com.ar\/wp-content\/uploads\/2025\/06\/D_638524-MLU72933231487_112023-F-600x670.jpg",600,670,true],"woocommerce_gallery_thumbnail":["https:\/\/rms-enlinea.com.ar\/wp-content\/uploads\/2025\/06\/D_638524-MLU72933231487_112023-F-100x100.jpg",100,100,true]},"uagb_author_info":{"display_name":"l0071054","author_link":"https:\/\/rms-enlinea.com.ar\/tienda\/author\/"},"uagb_comment_info":0,"uagb_excerpt":"DIMENSIONESLongitud: 194 mmAncho: 190 mmProfundidad: 83 mmPeso: 278 gESPECIFICACIONES T\u00c9CNICASAUD\u00cdFONO Transductor: PRO-G 40 mmRespuesta de frecuencia: 20 Hz &#8211; 20 kHzImpedancia: 39 ohmios (pasiva), 5 kilohmios (activa)Sensibilidad: 87,5 dB SPL\/mWMICR\u00d3FONO (VARILLA) Patr\u00f3n de captaci\u00f3n de micr\u00f3fono: Cardioide (unidireccional)Tama\u00f1o: 6 mmRespuesta de frecuencia: 100 Hz-10 KHzRadio de acci\u00f3n inal\u00e1mbrico: Hasta 20 m 1Depende del uso y&hellip;","_links":{"self":[{"href":"https:\/\/rms-enlinea.com.ar\/tienda\/wp-json\/wp\/v2\/product\/21216","targetHints":{"allow":["GET"]}}],"collection":[{"href":"https:\/\/rms-enlinea.com.ar\/tienda\/wp-json\/wp\/v2\/product"}],"about":[{"href":"https:\/\/rms-enlinea.com.ar\/tienda\/wp-json\/wp\/v2\/types\/product"}],"replies":[{"embeddable":true,"href":"https:\/\/rms-enlinea.com.ar\/tienda\/wp-json\/wp\/v2\/comments?post=21216"}],"wp:featuredmedia":[{"embeddable":true,"href":"https:\/\/rms-enlinea.com.ar\/tienda\/wp-json\/wp\/v2\/media\/21217"}],"wp:attachment":[{"href":"https:\/\/rms-enlinea.com.ar\/tienda\/wp-json\/wp\/v2\/media?parent=21216"}],"wp:term":[{"taxonomy":"product_brand","embeddable":true,"href":"https:\/\/rms-enlinea.com.ar\/tienda\/wp-json\/wp\/v2\/product_brand?post=21216"},{"taxonomy":"product_cat","embeddable":true,"href":"https:\/\/rms-enlinea.com.ar\/tienda\/wp-json\/wp\/v2\/product_cat?post=21216"},{"taxonomy":"product_tag","embeddable":true,"href":"https:\/\/rms-enlinea.com.ar\/tienda\/wp-json\/wp\/v2\/product_tag?post=21216"}],"curies":[{"name":"wp","href":"https:\/\/api.w.org\/{rel}","templated":true}]}}