{"id":21234,"date":"2025-06-12T09:18:05","date_gmt":"2025-06-12T12:18:05","guid":{"rendered":"https:\/\/rms-enlinea.com.ar\/tienda\/producto\/auriculares-inalambricos-logitech-g935-rgb-lightsync-gaming\/"},"modified":"2026-04-21T06:20:07","modified_gmt":"2026-04-21T09:20:07","slug":"auriculares-inalambricos-logitech-g935-rgb-lightsync-gaming","status":"publish","type":"product","link":"https:\/\/rms-enlinea.com.ar\/tienda\/producto\/auriculares-inalambricos-logitech-g935-rgb-lightsync-gaming\/","title":{"rendered":"Auriculares Inalambricos Logitech G935 Rgb Lightsync Gaming"},"content":{"rendered":"<p>ESPECIFICACIONES F\u00cdSICAS<br \/>Altura: 188 mm<br \/>Anchura: 195 mm<br \/>Profundidad: 87 mm<br \/>Peso (sin cables ni receptor USB): 379 g<br \/>Longitud de cable de carga: 2 m<br \/>Longitud de cable dispositivo m\u00f3vil: 1,5 m<br \/>ESPECIFICACIONES T\u00c9CNICAS<br \/>Aud\u00edfono<br \/>Transductor: Pro-G<br \/>Tama\u00f1o: 50 mm<br \/>Respuesta de frecuencia: 20 Hz-20 kHz<br \/>Impedancia: 39 ohmios (pasiva), 5 kilohmios (activa)<br \/>Sensibilidad: 93 dB SPL\/mW<br \/>Micr\u00f3fono (varilla)<br \/>Patr\u00f3n de captaci\u00f3n de micr\u00f3fono: Cardioide (unidireccional)<br \/>Tama\u00f1o: 6 mm<br \/>Respuesta de frecuencia: 100 Hz-10 kHz<br \/>Volteable para silenciar<br \/>Radio de acci\u00f3n inal\u00e1mbrico<br \/>Interiores: 15 metros<br \/>Exteriores: 20 metros<br \/>Tipo de conexi\u00f3n: USB<br \/>Duraci\u00f3n de la bater\u00eda (recargable)<br \/>Sin iluminaci\u00f3n: 12 horas<br \/>Iluminaci\u00f3n predeterminada: 8 horas<\/p>\n","protected":false},"excerpt":{"rendered":"<p>ESPECIFICACIONES F\u00cdSICASAltura: 188 mmAnchura: 195 mmProfundidad: 87 mmPeso (sin cables ni receptor USB): 379 gLongitud de cable de carga: 2 mLongitud de cable dispositivo m\u00f3vil: 1,5 mESPECIFICACIONES T\u00c9CNICASAud\u00edfonoTransductor: Pro-GTama\u00f1o: 50 mmRespuesta de frecuencia: 20 Hz-20 kHzImpedancia: 39 ohmios (pasiva), 5 kilohmios (activa)Sensibilidad: 93 dB SPL\/mWMicr\u00f3fono (varilla)Patr\u00f3n de captaci\u00f3n de micr\u00f3fono: Cardioide (unidireccional)Tama\u00f1o: 6 mmRespuesta de [&hellip;]<\/p>\n","protected":false},"featured_media":21235,"comment_status":"open","ping_status":"closed","template":"","meta":{"_uag_custom_page_level_css":""},"product_brand":[549],"product_cat":[99],"product_tag":[],"class_list":{"0":"post-21234","1":"product","2":"type-product","3":"status-publish","4":"has-post-thumbnail","6":"product_brand-logitech","7":"product_cat-auriculares-computacion","9":"first","10":"outofstock","11":"sale","12":"taxable","13":"shipping-taxable","14":"purchasable","15":"product-type-simple"},"uagb_featured_image_src":{"full":["https:\/\/rms-enlinea.com.ar\/wp-content\/uploads\/2025\/06\/D_600147-MLA81904369029_012025-F.jpg",477,520,false],"thumbnail":["https:\/\/rms-enlinea.com.ar\/wp-content\/uploads\/2025\/06\/D_600147-MLA81904369029_012025-F-150x150.jpg",150,150,true],"medium":["https:\/\/rms-enlinea.com.ar\/wp-content\/uploads\/2025\/06\/D_600147-MLA81904369029_012025-F-275x300.jpg",275,300,true],"medium_large":["https:\/\/rms-enlinea.com.ar\/wp-content\/uploads\/2025\/06\/D_600147-MLA81904369029_012025-F.jpg",477,520,false],"large":["https:\/\/rms-enlinea.com.ar\/wp-content\/uploads\/2025\/06\/D_600147-MLA81904369029_012025-F.jpg",477,520,false],"1536x1536":["https:\/\/rms-enlinea.com.ar\/wp-content\/uploads\/2025\/06\/D_600147-MLA81904369029_012025-F.jpg",477,520,false],"2048x2048":["https:\/\/rms-enlinea.com.ar\/wp-content\/uploads\/2025\/06\/D_600147-MLA81904369029_012025-F.jpg",477,520,false],"woocommerce_thumbnail":["https:\/\/rms-enlinea.com.ar\/wp-content\/uploads\/2025\/06\/D_600147-MLA81904369029_012025-F-450x450.jpg",450,450,true],"woocommerce_single":["https:\/\/rms-enlinea.com.ar\/wp-content\/uploads\/2025\/06\/D_600147-MLA81904369029_012025-F.jpg",477,520,false],"woocommerce_gallery_thumbnail":["https:\/\/rms-enlinea.com.ar\/wp-content\/uploads\/2025\/06\/D_600147-MLA81904369029_012025-F-100x100.jpg",100,100,true]},"uagb_author_info":{"display_name":"l0071054","author_link":"https:\/\/rms-enlinea.com.ar\/tienda\/author\/"},"uagb_comment_info":0,"uagb_excerpt":"ESPECIFICACIONES F\u00cdSICASAltura: 188 mmAnchura: 195 mmProfundidad: 87 mmPeso (sin cables ni receptor USB): 379 gLongitud de cable de carga: 2 mLongitud de cable dispositivo m\u00f3vil: 1,5 mESPECIFICACIONES T\u00c9CNICASAud\u00edfonoTransductor: Pro-GTama\u00f1o: 50 mmRespuesta de frecuencia: 20 Hz-20 kHzImpedancia: 39 ohmios (pasiva), 5 kilohmios (activa)Sensibilidad: 93 dB SPL\/mWMicr\u00f3fono (varilla)Patr\u00f3n de captaci\u00f3n de micr\u00f3fono: Cardioide (unidireccional)Tama\u00f1o: 6 mmRespuesta de&hellip;","_links":{"self":[{"href":"https:\/\/rms-enlinea.com.ar\/tienda\/wp-json\/wp\/v2\/product\/21234","targetHints":{"allow":["GET"]}}],"collection":[{"href":"https:\/\/rms-enlinea.com.ar\/tienda\/wp-json\/wp\/v2\/product"}],"about":[{"href":"https:\/\/rms-enlinea.com.ar\/tienda\/wp-json\/wp\/v2\/types\/product"}],"replies":[{"embeddable":true,"href":"https:\/\/rms-enlinea.com.ar\/tienda\/wp-json\/wp\/v2\/comments?post=21234"}],"wp:featuredmedia":[{"embeddable":true,"href":"https:\/\/rms-enlinea.com.ar\/tienda\/wp-json\/wp\/v2\/media\/21235"}],"wp:attachment":[{"href":"https:\/\/rms-enlinea.com.ar\/tienda\/wp-json\/wp\/v2\/media?parent=21234"}],"wp:term":[{"taxonomy":"product_brand","embeddable":true,"href":"https:\/\/rms-enlinea.com.ar\/tienda\/wp-json\/wp\/v2\/product_brand?post=21234"},{"taxonomy":"product_cat","embeddable":true,"href":"https:\/\/rms-enlinea.com.ar\/tienda\/wp-json\/wp\/v2\/product_cat?post=21234"},{"taxonomy":"product_tag","embeddable":true,"href":"https:\/\/rms-enlinea.com.ar\/tienda\/wp-json\/wp\/v2\/product_tag?post=21234"}],"curies":[{"name":"wp","href":"https:\/\/api.w.org\/{rel}","templated":true}]}}