{"id":21240,"date":"2025-06-12T09:18:11","date_gmt":"2025-06-12T12:18:11","guid":{"rendered":"https:\/\/rms-enlinea.com.ar\/tienda\/producto\/mouse-inalambrico-genius-nx-7010-blue-azul-1200dpi\/"},"modified":"2026-04-21T05:17:35","modified_gmt":"2026-04-21T08:17:35","slug":"mouse-inalambrico-genius-nx-7010-blue-azul-1200dpi","status":"publish","type":"product","link":"https:\/\/rms-enlinea.com.ar\/tienda\/producto\/mouse-inalambrico-genius-nx-7010-blue-azul-1200dpi\/","title":{"rendered":"Mouse Inalambrico Genius Nx-7010 Blue Azul 1200dpi"},"content":{"rendered":"<p>Nombre del modelo       NX-7010<br \/>Frecuencia RF    2.4 GHz<br \/>Unidad de sensor            BlueEye<br \/>Resoluci\u00f3n (DPI)              1200<br \/>Cantidad de botones     Tres <br \/>Tipo de bater\u00eda Una pila AA<br \/>Dimensiones (A x A x P) 58 x 100 x 39 mm <br \/>Soporte SmartGenius    S\u00ed<\/p>\n","protected":false},"excerpt":{"rendered":"<p>Nombre del modelo NX-7010Frecuencia RF 2.4 GHzUnidad de sensor BlueEyeResoluci\u00f3n (DPI) 1200Cantidad de botones Tres Tipo de bater\u00eda Una pila AADimensiones (A x A x P) 58 x 100 x 39 mm Soporte SmartGenius S\u00ed<\/p>\n","protected":false},"featured_media":21241,"comment_status":"open","ping_status":"closed","template":"","meta":{"_uag_custom_page_level_css":""},"product_brand":[550],"product_cat":[125],"product_tag":[],"class_list":{"0":"post-21240","1":"product","2":"type-product","3":"status-publish","4":"has-post-thumbnail","6":"product_brand-genius","7":"product_cat-teclados-y-mouses","9":"first","10":"outofstock","11":"sale","12":"taxable","13":"shipping-taxable","14":"purchasable","15":"product-type-simple"},"uagb_featured_image_src":{"full":["https:\/\/rms-enlinea.com.ar\/wp-content\/uploads\/2025\/06\/D_609415-MLA81621144802_012025-F.jpg",466,781,false],"thumbnail":["https:\/\/rms-enlinea.com.ar\/wp-content\/uploads\/2025\/06\/D_609415-MLA81621144802_012025-F-150x150.jpg",150,150,true],"medium":["https:\/\/rms-enlinea.com.ar\/wp-content\/uploads\/2025\/06\/D_609415-MLA81621144802_012025-F-179x300.jpg",179,300,true],"medium_large":["https:\/\/rms-enlinea.com.ar\/wp-content\/uploads\/2025\/06\/D_609415-MLA81621144802_012025-F.jpg",466,781,false],"large":["https:\/\/rms-enlinea.com.ar\/wp-content\/uploads\/2025\/06\/D_609415-MLA81621144802_012025-F.jpg",466,781,false],"1536x1536":["https:\/\/rms-enlinea.com.ar\/wp-content\/uploads\/2025\/06\/D_609415-MLA81621144802_012025-F.jpg",466,781,false],"2048x2048":["https:\/\/rms-enlinea.com.ar\/wp-content\/uploads\/2025\/06\/D_609415-MLA81621144802_012025-F.jpg",466,781,false],"woocommerce_thumbnail":["https:\/\/rms-enlinea.com.ar\/wp-content\/uploads\/2025\/06\/D_609415-MLA81621144802_012025-F-450x450.jpg",450,450,true],"woocommerce_single":["https:\/\/rms-enlinea.com.ar\/wp-content\/uploads\/2025\/06\/D_609415-MLA81621144802_012025-F.jpg",466,781,false],"woocommerce_gallery_thumbnail":["https:\/\/rms-enlinea.com.ar\/wp-content\/uploads\/2025\/06\/D_609415-MLA81621144802_012025-F-100x100.jpg",100,100,true]},"uagb_author_info":{"display_name":"l0071054","author_link":"https:\/\/rms-enlinea.com.ar\/tienda\/author\/"},"uagb_comment_info":0,"uagb_excerpt":"Nombre del modelo NX-7010Frecuencia RF 2.4 GHzUnidad de sensor BlueEyeResoluci\u00f3n (DPI) 1200Cantidad de botones Tres Tipo de bater\u00eda Una pila AADimensiones (A x A x P) 58 x 100 x 39 mm Soporte SmartGenius S\u00ed","_links":{"self":[{"href":"https:\/\/rms-enlinea.com.ar\/tienda\/wp-json\/wp\/v2\/product\/21240","targetHints":{"allow":["GET"]}}],"collection":[{"href":"https:\/\/rms-enlinea.com.ar\/tienda\/wp-json\/wp\/v2\/product"}],"about":[{"href":"https:\/\/rms-enlinea.com.ar\/tienda\/wp-json\/wp\/v2\/types\/product"}],"replies":[{"embeddable":true,"href":"https:\/\/rms-enlinea.com.ar\/tienda\/wp-json\/wp\/v2\/comments?post=21240"}],"wp:featuredmedia":[{"embeddable":true,"href":"https:\/\/rms-enlinea.com.ar\/tienda\/wp-json\/wp\/v2\/media\/21241"}],"wp:attachment":[{"href":"https:\/\/rms-enlinea.com.ar\/tienda\/wp-json\/wp\/v2\/media?parent=21240"}],"wp:term":[{"taxonomy":"product_brand","embeddable":true,"href":"https:\/\/rms-enlinea.com.ar\/tienda\/wp-json\/wp\/v2\/product_brand?post=21240"},{"taxonomy":"product_cat","embeddable":true,"href":"https:\/\/rms-enlinea.com.ar\/tienda\/wp-json\/wp\/v2\/product_cat?post=21240"},{"taxonomy":"product_tag","embeddable":true,"href":"https:\/\/rms-enlinea.com.ar\/tienda\/wp-json\/wp\/v2\/product_tag?post=21240"}],"curies":[{"name":"wp","href":"https:\/\/api.w.org\/{rel}","templated":true}]}}