{"id":21299,"date":"2025-06-12T09:19:32","date_gmt":"2025-06-12T12:19:32","guid":{"rendered":"https:\/\/rms-enlinea.com.ar\/tienda\/producto\/auricular-inalambrico-logitech-g733-rgb-981-000942\/"},"modified":"2026-03-31T18:52:54","modified_gmt":"2026-03-31T21:52:54","slug":"auricular-inalambrico-logitech-g733-rgb-981-000942","status":"publish","type":"product","link":"https:\/\/rms-enlinea.com.ar\/tienda\/producto\/auricular-inalambrico-logitech-g733-rgb-981-000942\/","title":{"rendered":"Auricular Inalambrico Logitech G733 Rgb 981-000942"},"content":{"rendered":"<p>ESPECIFICACIONES T\u00c9CNICAS<br \/>Aud\u00edfono:<\/p>\n<p>Peso: 278 g<\/p>\n<p>Transductor: PRO-G 40 mm<\/p>\n<p>Respuesta de frecuencia: 20 Hz-20 kHz<\/p>\n<p>Impedancia: 39 ohmios (pasiva), 5 kilohmios (activa)<\/p>\n<p>Sensibilidad: 87,5 dB SPL\/mW<\/p>\n<p>Micr\u00f3fono (varilla):<\/p>\n<p>Patr\u00f3n de captaci\u00f3n de micr\u00f3fono: Cardioide (unidireccional)<\/p>\n<p>Tama\u00f1o: 6 mm<\/p>\n<p>Respuesta de frecuencia: 100 Hz &#8211; 10 kHz<\/p>\n<p>Radio de acci\u00f3n inal\u00e1mbrico10Depende del uso y de los dispositivos. La duraci\u00f3n de la bater\u00eda se basa en un volumen de aud\u00edfonos configurado en 50%.: Hasta 20 metros<\/p>\n<p>Tipo de conexi\u00f3n: Tecnolog\u00eda inal\u00e1mbrica LIGHTSPEED a trav\u00e9s de USB<\/p>\n<p>Duraci\u00f3n de bater\u00eda (recargable) Depende del uso y de los dispositivos. La duraci\u00f3n de la bater\u00eda se basa en un volumen de aud\u00edfonos configurado en 50%.:<\/p>\n<p>Sin iluminaci\u00f3n: 29 horas<\/p>\n<p>Iluminaci\u00f3n predeterminada: 20 horas<\/p>\n<p>CONTENIDO DE LA CAJA<br \/>Aud\u00edfonos G733 con micr\u00f3fono inal\u00e1mbricos LIGHTSPEED RGB para juegos<\/p>\n<p>Diadema blanda reversible (acoplada)<\/p>\n<p>Micr\u00f3fono extra\u00edble<\/p>\n<p>Receptor inal\u00e1mbrico LIGHTSPEED (USB-A)<\/p>\n<p>Cable de carga USB-C a USB-A<\/p>\n","protected":false},"excerpt":{"rendered":"<p>ESPECIFICACIONES T\u00c9CNICASAud\u00edfono: Peso: 278 g Transductor: PRO-G 40 mm Respuesta de frecuencia: 20 Hz-20 kHz Impedancia: 39 ohmios (pasiva), 5 kilohmios (activa) Sensibilidad: 87,5 dB SPL\/mW Micr\u00f3fono (varilla): Patr\u00f3n de captaci\u00f3n de micr\u00f3fono: Cardioide (unidireccional) Tama\u00f1o: 6 mm Respuesta de frecuencia: 100 Hz &#8211; 10 kHz Radio de acci\u00f3n inal\u00e1mbrico10Depende del uso y de los [&hellip;]<\/p>\n","protected":false},"featured_media":21300,"comment_status":"open","ping_status":"closed","template":"","meta":{"_uag_custom_page_level_css":""},"product_brand":[549],"product_cat":[99],"product_tag":[],"class_list":{"0":"post-21299","1":"product","2":"type-product","3":"status-publish","4":"has-post-thumbnail","6":"product_brand-logitech","7":"product_cat-auriculares-computacion","9":"first","10":"outofstock","11":"sale","12":"taxable","13":"shipping-taxable","14":"purchasable","15":"product-type-simple"},"uagb_featured_image_src":{"full":["https:\/\/rms-enlinea.com.ar\/wp-content\/uploads\/2025\/06\/D_905577-MLU77523311244_072024-F.jpg",1089,1199,false],"thumbnail":["https:\/\/rms-enlinea.com.ar\/wp-content\/uploads\/2025\/06\/D_905577-MLU77523311244_072024-F-150x150.jpg",150,150,true],"medium":["https:\/\/rms-enlinea.com.ar\/wp-content\/uploads\/2025\/06\/D_905577-MLU77523311244_072024-F-272x300.jpg",272,300,true],"medium_large":["https:\/\/rms-enlinea.com.ar\/wp-content\/uploads\/2025\/06\/D_905577-MLU77523311244_072024-F-768x846.jpg",768,846,true],"large":["https:\/\/rms-enlinea.com.ar\/wp-content\/uploads\/2025\/06\/D_905577-MLU77523311244_072024-F-930x1024.jpg",930,1024,true],"1536x1536":["https:\/\/rms-enlinea.com.ar\/wp-content\/uploads\/2025\/06\/D_905577-MLU77523311244_072024-F.jpg",1089,1199,false],"2048x2048":["https:\/\/rms-enlinea.com.ar\/wp-content\/uploads\/2025\/06\/D_905577-MLU77523311244_072024-F.jpg",1089,1199,false],"woocommerce_thumbnail":["https:\/\/rms-enlinea.com.ar\/wp-content\/uploads\/2025\/06\/D_905577-MLU77523311244_072024-F-450x450.jpg",450,450,true],"woocommerce_single":["https:\/\/rms-enlinea.com.ar\/wp-content\/uploads\/2025\/06\/D_905577-MLU77523311244_072024-F-600x661.jpg",600,661,true],"woocommerce_gallery_thumbnail":["https:\/\/rms-enlinea.com.ar\/wp-content\/uploads\/2025\/06\/D_905577-MLU77523311244_072024-F-100x100.jpg",100,100,true]},"uagb_author_info":{"display_name":"l0071054","author_link":"https:\/\/rms-enlinea.com.ar\/tienda\/author\/"},"uagb_comment_info":0,"uagb_excerpt":"ESPECIFICACIONES T\u00c9CNICASAud\u00edfono: Peso: 278 g Transductor: PRO-G 40 mm Respuesta de frecuencia: 20 Hz-20 kHz Impedancia: 39 ohmios (pasiva), 5 kilohmios (activa) Sensibilidad: 87,5 dB SPL\/mW Micr\u00f3fono (varilla): Patr\u00f3n de captaci\u00f3n de micr\u00f3fono: Cardioide (unidireccional) Tama\u00f1o: 6 mm Respuesta de frecuencia: 100 Hz &#8211; 10 kHz Radio de acci\u00f3n inal\u00e1mbrico10Depende del uso y de los&hellip;","_links":{"self":[{"href":"https:\/\/rms-enlinea.com.ar\/tienda\/wp-json\/wp\/v2\/product\/21299","targetHints":{"allow":["GET"]}}],"collection":[{"href":"https:\/\/rms-enlinea.com.ar\/tienda\/wp-json\/wp\/v2\/product"}],"about":[{"href":"https:\/\/rms-enlinea.com.ar\/tienda\/wp-json\/wp\/v2\/types\/product"}],"replies":[{"embeddable":true,"href":"https:\/\/rms-enlinea.com.ar\/tienda\/wp-json\/wp\/v2\/comments?post=21299"}],"wp:featuredmedia":[{"embeddable":true,"href":"https:\/\/rms-enlinea.com.ar\/tienda\/wp-json\/wp\/v2\/media\/21300"}],"wp:attachment":[{"href":"https:\/\/rms-enlinea.com.ar\/tienda\/wp-json\/wp\/v2\/media?parent=21299"}],"wp:term":[{"taxonomy":"product_brand","embeddable":true,"href":"https:\/\/rms-enlinea.com.ar\/tienda\/wp-json\/wp\/v2\/product_brand?post=21299"},{"taxonomy":"product_cat","embeddable":true,"href":"https:\/\/rms-enlinea.com.ar\/tienda\/wp-json\/wp\/v2\/product_cat?post=21299"},{"taxonomy":"product_tag","embeddable":true,"href":"https:\/\/rms-enlinea.com.ar\/tienda\/wp-json\/wp\/v2\/product_tag?post=21299"}],"curies":[{"name":"wp","href":"https:\/\/api.w.org\/{rel}","templated":true}]}}