{"id":21392,"date":"2025-06-12T09:21:53","date_gmt":"2025-06-12T12:21:53","guid":{"rendered":"https:\/\/rms-enlinea.com.ar\/tienda\/producto\/mouse-logitech-wireless-m170-blue-1000dpi-910-004800\/"},"modified":"2026-04-10T11:50:49","modified_gmt":"2026-04-10T14:50:49","slug":"mouse-logitech-wireless-m170-blue-1000dpi-910-004800","status":"publish","type":"product","link":"https:\/\/rms-enlinea.com.ar\/tienda\/producto\/mouse-logitech-wireless-m170-blue-1000dpi-910-004800\/","title":{"rendered":"Mouse Logitech Wireless M170 Blue 1000dpi 910-004800"},"content":{"rendered":"<p>DIMENSIONES<br \/>Altura: 97.7 mm<br \/>Ancho: 61.5 mm<br \/>Profundidad: 35.2 mm<br \/>Peso (con bater\u00edas): 70,5 g<br \/>TECNOLOG\u00cdA DE SENSOR<br \/>Seguimiento \u00f3ptico uniforme<br \/>DPI (m\u00edn.\/m\u00e1x.): 1000\u00b1<br \/>BOTONES<br \/>N\u00famero de botones: 3 (click izquierdo\/derecho, click de bot\u00f3n central)<br \/>DESPLAZAMIENTO<br \/>Desplazamiento l\u00ednea a l\u00ednea<br \/>Rueda de desplazamiento: S\u00ed, 2D, \u00f3ptico<br \/>DURACI\u00d3N DE LA BATER\u00cdA<br \/>Duraci\u00f3n de la bater\u00eda: 12 meses<br \/>Detalles de bater\u00eda: 1 x AAA (incluida)<br \/>CONECTIVIDAD<br \/>Tipo de conexi\u00f3n: Conexi\u00f3n inal\u00e1mbrica de 2.4 GHz<br \/>Radio de acci\u00f3n inal\u00e1mbrico: 10 m<br \/>Conexi\u00f3n \/ Encendido: S\u00ed, interruptor de encendido\/apagado<\/p>\n","protected":false},"excerpt":{"rendered":"<p>DIMENSIONESAltura: 97.7 mmAncho: 61.5 mmProfundidad: 35.2 mmPeso (con bater\u00edas): 70,5 gTECNOLOG\u00cdA DE SENSORSeguimiento \u00f3ptico uniformeDPI (m\u00edn.\/m\u00e1x.): 1000\u00b1BOTONESN\u00famero de botones: 3 (click izquierdo\/derecho, click de bot\u00f3n central)DESPLAZAMIENTODesplazamiento l\u00ednea a l\u00edneaRueda de desplazamiento: S\u00ed, 2D, \u00f3pticoDURACI\u00d3N DE LA BATER\u00cdADuraci\u00f3n de la bater\u00eda: 12 mesesDetalles de bater\u00eda: 1 x AAA (incluida)CONECTIVIDADTipo de conexi\u00f3n: Conexi\u00f3n inal\u00e1mbrica de 2.4 GHzRadio [&hellip;]<\/p>\n","protected":false},"featured_media":21393,"comment_status":"open","ping_status":"closed","template":"","meta":{"_uag_custom_page_level_css":""},"product_brand":[549],"product_cat":[125],"product_tag":[],"class_list":{"0":"post-21392","1":"product","2":"type-product","3":"status-publish","4":"has-post-thumbnail","6":"product_brand-logitech","7":"product_cat-teclados-y-mouses","9":"first","10":"instock","11":"sale","12":"taxable","13":"shipping-taxable","14":"purchasable","15":"product-type-simple"},"uagb_featured_image_src":{"full":["https:\/\/rms-enlinea.com.ar\/wp-content\/uploads\/2025\/06\/D_797163-MLA32146410200_092019-F.jpg",784,1200,false],"thumbnail":["https:\/\/rms-enlinea.com.ar\/wp-content\/uploads\/2025\/06\/D_797163-MLA32146410200_092019-F-150x150.jpg",150,150,true],"medium":["https:\/\/rms-enlinea.com.ar\/wp-content\/uploads\/2025\/06\/D_797163-MLA32146410200_092019-F-196x300.jpg",196,300,true],"medium_large":["https:\/\/rms-enlinea.com.ar\/wp-content\/uploads\/2025\/06\/D_797163-MLA32146410200_092019-F-768x1176.jpg",768,1176,true],"large":["https:\/\/rms-enlinea.com.ar\/wp-content\/uploads\/2025\/06\/D_797163-MLA32146410200_092019-F-669x1024.jpg",669,1024,true],"1536x1536":["https:\/\/rms-enlinea.com.ar\/wp-content\/uploads\/2025\/06\/D_797163-MLA32146410200_092019-F.jpg",784,1200,false],"2048x2048":["https:\/\/rms-enlinea.com.ar\/wp-content\/uploads\/2025\/06\/D_797163-MLA32146410200_092019-F.jpg",784,1200,false],"woocommerce_thumbnail":["https:\/\/rms-enlinea.com.ar\/wp-content\/uploads\/2025\/06\/D_797163-MLA32146410200_092019-F-450x450.jpg",450,450,true],"woocommerce_single":["https:\/\/rms-enlinea.com.ar\/wp-content\/uploads\/2025\/06\/D_797163-MLA32146410200_092019-F-600x918.jpg",600,918,true],"woocommerce_gallery_thumbnail":["https:\/\/rms-enlinea.com.ar\/wp-content\/uploads\/2025\/06\/D_797163-MLA32146410200_092019-F-100x100.jpg",100,100,true]},"uagb_author_info":{"display_name":"l0071054","author_link":"https:\/\/rms-enlinea.com.ar\/tienda\/author\/"},"uagb_comment_info":0,"uagb_excerpt":"DIMENSIONESAltura: 97.7 mmAncho: 61.5 mmProfundidad: 35.2 mmPeso (con bater\u00edas): 70,5 gTECNOLOG\u00cdA DE SENSORSeguimiento \u00f3ptico uniformeDPI (m\u00edn.\/m\u00e1x.): 1000\u00b1BOTONESN\u00famero de botones: 3 (click izquierdo\/derecho, click de bot\u00f3n central)DESPLAZAMIENTODesplazamiento l\u00ednea a l\u00edneaRueda de desplazamiento: S\u00ed, 2D, \u00f3pticoDURACI\u00d3N DE LA BATER\u00cdADuraci\u00f3n de la bater\u00eda: 12 mesesDetalles de bater\u00eda: 1 x AAA (incluida)CONECTIVIDADTipo de conexi\u00f3n: Conexi\u00f3n inal\u00e1mbrica de 2.4 GHzRadio&hellip;","_links":{"self":[{"href":"https:\/\/rms-enlinea.com.ar\/tienda\/wp-json\/wp\/v2\/product\/21392","targetHints":{"allow":["GET"]}}],"collection":[{"href":"https:\/\/rms-enlinea.com.ar\/tienda\/wp-json\/wp\/v2\/product"}],"about":[{"href":"https:\/\/rms-enlinea.com.ar\/tienda\/wp-json\/wp\/v2\/types\/product"}],"replies":[{"embeddable":true,"href":"https:\/\/rms-enlinea.com.ar\/tienda\/wp-json\/wp\/v2\/comments?post=21392"}],"wp:featuredmedia":[{"embeddable":true,"href":"https:\/\/rms-enlinea.com.ar\/tienda\/wp-json\/wp\/v2\/media\/21393"}],"wp:attachment":[{"href":"https:\/\/rms-enlinea.com.ar\/tienda\/wp-json\/wp\/v2\/media?parent=21392"}],"wp:term":[{"taxonomy":"product_brand","embeddable":true,"href":"https:\/\/rms-enlinea.com.ar\/tienda\/wp-json\/wp\/v2\/product_brand?post=21392"},{"taxonomy":"product_cat","embeddable":true,"href":"https:\/\/rms-enlinea.com.ar\/tienda\/wp-json\/wp\/v2\/product_cat?post=21392"},{"taxonomy":"product_tag","embeddable":true,"href":"https:\/\/rms-enlinea.com.ar\/tienda\/wp-json\/wp\/v2\/product_tag?post=21392"}],"curies":[{"name":"wp","href":"https:\/\/api.w.org\/{rel}","templated":true}]}}