{"id":21477,"date":"2025-06-12T09:23:48","date_gmt":"2025-06-12T12:23:48","guid":{"rendered":"https:\/\/rms-enlinea.com.ar\/tienda\/producto\/router-multi-wan-balance-de-carga-tp-link-tl-r470t\/"},"modified":"2026-04-21T06:24:53","modified_gmt":"2026-04-21T09:24:53","slug":"router-multi-wan-balance-de-carga-tp-link-tl-r470t","status":"publish","type":"product","link":"https:\/\/rms-enlinea.com.ar\/tienda\/producto\/router-multi-wan-balance-de-carga-tp-link-tl-r470t\/","title":{"rendered":"Router Multi Wan Balance De Carga Tp-link Tl-r470t+"},"content":{"rendered":"<p>Router de banda ancha de Balance de carga<br \/>Hasta 4 puertos WAN equipados con balanceador de carga avanzado para garantizar capacidades m\u00e1ximas de respaldo y banda ancha<br \/>Proporciona una administraci\u00f3n extensa de cuentas de usuarios y manejo de red para administradores con Servidor PPPoE soportado<br \/>Recurso de banda ancha Marshals para usuarios espec\u00edficos basados en sus \u00fanicos entornos de aplicaci\u00f3n.<br \/>Con un dise\u00f1o m\u00e1s peque\u00f1o para una soluci\u00f3n econ\u00f3mica en redes de peque\u00f1as oficinas o caf\u00e9s internet<\/p>\n","protected":false},"excerpt":{"rendered":"<p>Router de banda ancha de Balance de cargaHasta 4 puertos WAN equipados con balanceador de carga avanzado para garantizar capacidades m\u00e1ximas de respaldo y banda anchaProporciona una administraci\u00f3n extensa de cuentas de usuarios y manejo de red para administradores con Servidor PPPoE soportadoRecurso de banda ancha Marshals para usuarios espec\u00edficos basados en sus \u00fanicos entornos [&hellip;]<\/p>\n","protected":false},"featured_media":21478,"comment_status":"open","ping_status":"closed","template":"","meta":{"_uag_custom_page_level_css":""},"product_brand":[546],"product_cat":[122],"product_tag":[],"class_list":{"0":"post-21477","1":"product","2":"type-product","3":"status-publish","4":"has-post-thumbnail","6":"product_brand-tplink","7":"product_cat-redes-y-conectividad","9":"first","10":"outofstock","11":"sale","12":"taxable","13":"shipping-taxable","14":"purchasable","15":"product-type-simple"},"uagb_featured_image_src":{"full":["https:\/\/rms-enlinea.com.ar\/wp-content\/uploads\/2025\/06\/D_953449-MLA74650699490_022024-F.jpg",1200,325,false],"thumbnail":["https:\/\/rms-enlinea.com.ar\/wp-content\/uploads\/2025\/06\/D_953449-MLA74650699490_022024-F-150x150.jpg",150,150,true],"medium":["https:\/\/rms-enlinea.com.ar\/wp-content\/uploads\/2025\/06\/D_953449-MLA74650699490_022024-F-300x81.jpg",300,81,true],"medium_large":["https:\/\/rms-enlinea.com.ar\/wp-content\/uploads\/2025\/06\/D_953449-MLA74650699490_022024-F-768x208.jpg",768,208,true],"large":["https:\/\/rms-enlinea.com.ar\/wp-content\/uploads\/2025\/06\/D_953449-MLA74650699490_022024-F-1024x277.jpg",1024,277,true],"1536x1536":["https:\/\/rms-enlinea.com.ar\/wp-content\/uploads\/2025\/06\/D_953449-MLA74650699490_022024-F.jpg",1200,325,false],"2048x2048":["https:\/\/rms-enlinea.com.ar\/wp-content\/uploads\/2025\/06\/D_953449-MLA74650699490_022024-F.jpg",1200,325,false],"woocommerce_thumbnail":["https:\/\/rms-enlinea.com.ar\/wp-content\/uploads\/2025\/06\/D_953449-MLA74650699490_022024-F-450x325.jpg",450,325,true],"woocommerce_single":["https:\/\/rms-enlinea.com.ar\/wp-content\/uploads\/2025\/06\/D_953449-MLA74650699490_022024-F-600x163.jpg",600,163,true],"woocommerce_gallery_thumbnail":["https:\/\/rms-enlinea.com.ar\/wp-content\/uploads\/2025\/06\/D_953449-MLA74650699490_022024-F-100x100.jpg",100,100,true]},"uagb_author_info":{"display_name":"l0071054","author_link":"https:\/\/rms-enlinea.com.ar\/tienda\/author\/"},"uagb_comment_info":0,"uagb_excerpt":"Router de banda ancha de Balance de cargaHasta 4 puertos WAN equipados con balanceador de carga avanzado para garantizar capacidades m\u00e1ximas de respaldo y banda anchaProporciona una administraci\u00f3n extensa de cuentas de usuarios y manejo de red para administradores con Servidor PPPoE soportadoRecurso de banda ancha Marshals para usuarios espec\u00edficos basados en sus \u00fanicos entornos&hellip;","_links":{"self":[{"href":"https:\/\/rms-enlinea.com.ar\/tienda\/wp-json\/wp\/v2\/product\/21477","targetHints":{"allow":["GET"]}}],"collection":[{"href":"https:\/\/rms-enlinea.com.ar\/tienda\/wp-json\/wp\/v2\/product"}],"about":[{"href":"https:\/\/rms-enlinea.com.ar\/tienda\/wp-json\/wp\/v2\/types\/product"}],"replies":[{"embeddable":true,"href":"https:\/\/rms-enlinea.com.ar\/tienda\/wp-json\/wp\/v2\/comments?post=21477"}],"wp:featuredmedia":[{"embeddable":true,"href":"https:\/\/rms-enlinea.com.ar\/tienda\/wp-json\/wp\/v2\/media\/21478"}],"wp:attachment":[{"href":"https:\/\/rms-enlinea.com.ar\/tienda\/wp-json\/wp\/v2\/media?parent=21477"}],"wp:term":[{"taxonomy":"product_brand","embeddable":true,"href":"https:\/\/rms-enlinea.com.ar\/tienda\/wp-json\/wp\/v2\/product_brand?post=21477"},{"taxonomy":"product_cat","embeddable":true,"href":"https:\/\/rms-enlinea.com.ar\/tienda\/wp-json\/wp\/v2\/product_cat?post=21477"},{"taxonomy":"product_tag","embeddable":true,"href":"https:\/\/rms-enlinea.com.ar\/tienda\/wp-json\/wp\/v2\/product_tag?post=21477"}],"curies":[{"name":"wp","href":"https:\/\/api.w.org\/{rel}","templated":true}]}}