{"id":21490,"date":"2025-06-12T09:24:05","date_gmt":"2025-06-12T12:24:05","guid":{"rendered":"https:\/\/rms-enlinea.com.ar\/tienda\/producto\/placa-de-red-cable-10-gigabit-tp-link-tx401-pci-e-cat-6a\/"},"modified":"2026-03-03T21:30:15","modified_gmt":"2026-03-04T00:30:15","slug":"placa-de-red-cable-10-gigabit-tp-link-tx401-pci-e-cat-6a","status":"publish","type":"product","link":"https:\/\/rms-enlinea.com.ar\/tienda\/producto\/placa-de-red-cable-10-gigabit-tp-link-tx401-pci-e-cat-6a\/","title":{"rendered":"Placa De Red Cable 10 Gigabit Tp-link Tx401 Pci-e Cat 6a"},"content":{"rendered":"<p>CARACTER\u00cdSTICAS DE HARDWARE <br \/>Est\u00e1ndares y Protocolos\tIEEE 802.3, IEEE 802.3u, IEEE 802.3ab, IEEE 802.3bz, IEEE802.3an,<br \/> \tIEEE802.3az, IEEE 802.3x<br \/>Interface\t1\u00d7 PCI Express 3.0 x4, 1\u00d7 RJ45 Gigabit\/Megabit Port<br \/>Medios de red\t10GBASE-T\/5GBASE-T\/2.5GBASE-T\/1000BASE-T\/100BASE-TX<br \/>LED\t10 Gbps Link\/Act, 5 \/ 2.5 \/ 1 Gbps and 100 Mbps Link\/Act<br \/>Tasas de transferencia de datos\t100 Mbps, 1 Gbps, 2.5 Gbps, 5 Gbps, 10 Gbps for Half-Duplex mode,<br \/> \t200 Mbps, 2 Gbps, 5 Gbps, 10 Gbps, 20 Gbps for Full-Duplex mode<br \/>Dimensiones\t120.8 \u00d7 98.2 \u00d7 21.5 mm (4.8 \u00d7 3.9 \u00d7 0.8 in)<br \/>Control de Flujo\t802.3x<\/p>\n","protected":false},"excerpt":{"rendered":"<p>CARACTER\u00cdSTICAS DE HARDWARE Est\u00e1ndares y Protocolos IEEE 802.3, IEEE 802.3u, IEEE 802.3ab, IEEE 802.3bz, IEEE802.3an, IEEE802.3az, IEEE 802.3xInterface 1\u00d7 PCI Express 3.0 x4, 1\u00d7 RJ45 Gigabit\/Megabit PortMedios de red 10GBASE-T\/5GBASE-T\/2.5GBASE-T\/1000BASE-T\/100BASE-TXLED 10 Gbps Link\/Act, 5 \/ 2.5 \/ 1 Gbps and 100 Mbps Link\/ActTasas de transferencia de datos 100 Mbps, 1 Gbps, 2.5 Gbps, 5 Gbps, [&hellip;]<\/p>\n","protected":false},"featured_media":21491,"comment_status":"open","ping_status":"closed","template":"","meta":{"_uag_custom_page_level_css":""},"product_brand":[546],"product_cat":[122],"product_tag":[],"class_list":{"0":"post-21490","1":"product","2":"type-product","3":"status-publish","4":"has-post-thumbnail","6":"product_brand-tplink","7":"product_cat-redes-y-conectividad","9":"first","10":"instock","11":"sale","12":"taxable","13":"shipping-taxable","14":"purchasable","15":"product-type-simple"},"uagb_featured_image_src":{"full":["https:\/\/rms-enlinea.com.ar\/wp-content\/uploads\/2025\/06\/D_642629-MLA80406411510_112024-F.jpg",1002,1200,false],"thumbnail":["https:\/\/rms-enlinea.com.ar\/wp-content\/uploads\/2025\/06\/D_642629-MLA80406411510_112024-F-150x150.jpg",150,150,true],"medium":["https:\/\/rms-enlinea.com.ar\/wp-content\/uploads\/2025\/06\/D_642629-MLA80406411510_112024-F-251x300.jpg",251,300,true],"medium_large":["https:\/\/rms-enlinea.com.ar\/wp-content\/uploads\/2025\/06\/D_642629-MLA80406411510_112024-F-768x920.jpg",768,920,true],"large":["https:\/\/rms-enlinea.com.ar\/wp-content\/uploads\/2025\/06\/D_642629-MLA80406411510_112024-F-855x1024.jpg",855,1024,true],"1536x1536":["https:\/\/rms-enlinea.com.ar\/wp-content\/uploads\/2025\/06\/D_642629-MLA80406411510_112024-F.jpg",1002,1200,false],"2048x2048":["https:\/\/rms-enlinea.com.ar\/wp-content\/uploads\/2025\/06\/D_642629-MLA80406411510_112024-F.jpg",1002,1200,false],"woocommerce_thumbnail":["https:\/\/rms-enlinea.com.ar\/wp-content\/uploads\/2025\/06\/D_642629-MLA80406411510_112024-F-450x450.jpg",450,450,true],"woocommerce_single":["https:\/\/rms-enlinea.com.ar\/wp-content\/uploads\/2025\/06\/D_642629-MLA80406411510_112024-F-600x719.jpg",600,719,true],"woocommerce_gallery_thumbnail":["https:\/\/rms-enlinea.com.ar\/wp-content\/uploads\/2025\/06\/D_642629-MLA80406411510_112024-F-100x100.jpg",100,100,true]},"uagb_author_info":{"display_name":"l0071054","author_link":"https:\/\/rms-enlinea.com.ar\/tienda\/author\/"},"uagb_comment_info":0,"uagb_excerpt":"CARACTER\u00cdSTICAS DE HARDWARE Est\u00e1ndares y Protocolos IEEE 802.3, IEEE 802.3u, IEEE 802.3ab, IEEE 802.3bz, IEEE802.3an, IEEE802.3az, IEEE 802.3xInterface 1\u00d7 PCI Express 3.0 x4, 1\u00d7 RJ45 Gigabit\/Megabit PortMedios de red 10GBASE-T\/5GBASE-T\/2.5GBASE-T\/1000BASE-T\/100BASE-TXLED 10 Gbps Link\/Act, 5 \/ 2.5 \/ 1 Gbps and 100 Mbps Link\/ActTasas de transferencia de datos 100 Mbps, 1 Gbps, 2.5 Gbps, 5 Gbps,&hellip;","_links":{"self":[{"href":"https:\/\/rms-enlinea.com.ar\/tienda\/wp-json\/wp\/v2\/product\/21490","targetHints":{"allow":["GET"]}}],"collection":[{"href":"https:\/\/rms-enlinea.com.ar\/tienda\/wp-json\/wp\/v2\/product"}],"about":[{"href":"https:\/\/rms-enlinea.com.ar\/tienda\/wp-json\/wp\/v2\/types\/product"}],"replies":[{"embeddable":true,"href":"https:\/\/rms-enlinea.com.ar\/tienda\/wp-json\/wp\/v2\/comments?post=21490"}],"wp:featuredmedia":[{"embeddable":true,"href":"https:\/\/rms-enlinea.com.ar\/tienda\/wp-json\/wp\/v2\/media\/21491"}],"wp:attachment":[{"href":"https:\/\/rms-enlinea.com.ar\/tienda\/wp-json\/wp\/v2\/media?parent=21490"}],"wp:term":[{"taxonomy":"product_brand","embeddable":true,"href":"https:\/\/rms-enlinea.com.ar\/tienda\/wp-json\/wp\/v2\/product_brand?post=21490"},{"taxonomy":"product_cat","embeddable":true,"href":"https:\/\/rms-enlinea.com.ar\/tienda\/wp-json\/wp\/v2\/product_cat?post=21490"},{"taxonomy":"product_tag","embeddable":true,"href":"https:\/\/rms-enlinea.com.ar\/tienda\/wp-json\/wp\/v2\/product_tag?post=21490"}],"curies":[{"name":"wp","href":"https:\/\/api.w.org\/{rel}","templated":true}]}}