{"id":21508,"date":"2025-06-12T09:24:37","date_gmt":"2025-06-12T12:24:37","guid":{"rendered":"https:\/\/rms-enlinea.com.ar\/tienda\/producto\/teclado-logitech-wireless-mx-keys-mini-grey-retroiluminado\/"},"modified":"2026-03-31T18:01:53","modified_gmt":"2026-03-31T21:01:53","slug":"teclado-logitech-wireless-mx-keys-mini-grey-retroiluminado","status":"publish","type":"product","link":"https:\/\/rms-enlinea.com.ar\/tienda\/producto\/teclado-logitech-wireless-mx-keys-mini-grey-retroiluminado\/","title":{"rendered":"Teclado Logitech Wireless Mx Keys Mini Grey Retroiluminado"},"content":{"rendered":"<p>Dimensiones<br \/>Teclado MX Keys Mini<br \/>Altura: 131,95 mm<br \/>Ancho: 295,99 mm<br \/>Profundidad: 20,97 mm<br \/>Peso: 506,4 g<br \/>Especificaciones t\u00e9cnicas<br \/>Teclado inal\u00e1mbrico minimalista iluminado<br \/>Conexi\u00f3n mediante tecnolog\u00eda Bluetooth de bajo consumo<br \/>Easy-Switch: conecta hasta tres dispositivos y alterna entre ellos<br \/>Radio de acci\u00f3n inal\u00e1mbrico de 10 metros 1El radio de acci\u00f3n inal\u00e1mbrico depende del entorno operativo y de la configuraci\u00f3n de dispositivos.<br \/>Retroiluminaci\u00f3n activada por sensor de proximidad de manos<br \/>Sensor de luz ambiental con ajuste autom\u00e1tico<br \/>Recargable por USB-C: hasta 10 d\u00edas o hasta 5 meses con la retroiluminaci\u00f3n desactivada 2La duraci\u00f3n de las bater\u00edas depende del uso y de los dispositivos.<br \/>Conmutador de encendido\/apagado<br \/>Indicadores luminosos de bloqueo de may\u00fasculas y carga de bater\u00eda<br \/>Compatible con mouse dotado de tecnolog\u00eda Logitech Flow 3Requiere Logi Options+ disponible para Windows y macOS en logitech.com\/optionsplus<br \/>Bater\u00eda<br \/>Bater\u00eda recargable de Li-Po (1500 mAh)<\/p>\n","protected":false},"excerpt":{"rendered":"<p>DimensionesTeclado MX Keys MiniAltura: 131,95 mmAncho: 295,99 mmProfundidad: 20,97 mmPeso: 506,4 gEspecificaciones t\u00e9cnicasTeclado inal\u00e1mbrico minimalista iluminadoConexi\u00f3n mediante tecnolog\u00eda Bluetooth de bajo consumoEasy-Switch: conecta hasta tres dispositivos y alterna entre ellosRadio de acci\u00f3n inal\u00e1mbrico de 10 metros 1El radio de acci\u00f3n inal\u00e1mbrico depende del entorno operativo y de la configuraci\u00f3n de dispositivos.Retroiluminaci\u00f3n activada por sensor de [&hellip;]<\/p>\n","protected":false},"featured_media":21509,"comment_status":"open","ping_status":"closed","template":"","meta":{"_uag_custom_page_level_css":""},"product_brand":[549],"product_cat":[125],"product_tag":[],"class_list":{"0":"post-21508","1":"product","2":"type-product","3":"status-publish","4":"has-post-thumbnail","6":"product_brand-logitech","7":"product_cat-teclados-y-mouses","9":"first","10":"outofstock","11":"sale","12":"taxable","13":"shipping-taxable","14":"purchasable","15":"product-type-simple"},"uagb_featured_image_src":{"full":["https:\/\/rms-enlinea.com.ar\/wp-content\/uploads\/2025\/06\/D_863098-MLA79232842267_092024-F.jpg",842,374,false],"thumbnail":["https:\/\/rms-enlinea.com.ar\/wp-content\/uploads\/2025\/06\/D_863098-MLA79232842267_092024-F-150x150.jpg",150,150,true],"medium":["https:\/\/rms-enlinea.com.ar\/wp-content\/uploads\/2025\/06\/D_863098-MLA79232842267_092024-F-300x133.jpg",300,133,true],"medium_large":["https:\/\/rms-enlinea.com.ar\/wp-content\/uploads\/2025\/06\/D_863098-MLA79232842267_092024-F-768x341.jpg",768,341,true],"large":["https:\/\/rms-enlinea.com.ar\/wp-content\/uploads\/2025\/06\/D_863098-MLA79232842267_092024-F.jpg",842,374,false],"1536x1536":["https:\/\/rms-enlinea.com.ar\/wp-content\/uploads\/2025\/06\/D_863098-MLA79232842267_092024-F.jpg",842,374,false],"2048x2048":["https:\/\/rms-enlinea.com.ar\/wp-content\/uploads\/2025\/06\/D_863098-MLA79232842267_092024-F.jpg",842,374,false],"woocommerce_thumbnail":["https:\/\/rms-enlinea.com.ar\/wp-content\/uploads\/2025\/06\/D_863098-MLA79232842267_092024-F-450x374.jpg",450,374,true],"woocommerce_single":["https:\/\/rms-enlinea.com.ar\/wp-content\/uploads\/2025\/06\/D_863098-MLA79232842267_092024-F-600x267.jpg",600,267,true],"woocommerce_gallery_thumbnail":["https:\/\/rms-enlinea.com.ar\/wp-content\/uploads\/2025\/06\/D_863098-MLA79232842267_092024-F-100x100.jpg",100,100,true]},"uagb_author_info":{"display_name":"l0071054","author_link":"https:\/\/rms-enlinea.com.ar\/tienda\/author\/"},"uagb_comment_info":0,"uagb_excerpt":"DimensionesTeclado MX Keys MiniAltura: 131,95 mmAncho: 295,99 mmProfundidad: 20,97 mmPeso: 506,4 gEspecificaciones t\u00e9cnicasTeclado inal\u00e1mbrico minimalista iluminadoConexi\u00f3n mediante tecnolog\u00eda Bluetooth de bajo consumoEasy-Switch: conecta hasta tres dispositivos y alterna entre ellosRadio de acci\u00f3n inal\u00e1mbrico de 10 metros 1El radio de acci\u00f3n inal\u00e1mbrico depende del entorno operativo y de la configuraci\u00f3n de dispositivos.Retroiluminaci\u00f3n activada por sensor de&hellip;","_links":{"self":[{"href":"https:\/\/rms-enlinea.com.ar\/tienda\/wp-json\/wp\/v2\/product\/21508","targetHints":{"allow":["GET"]}}],"collection":[{"href":"https:\/\/rms-enlinea.com.ar\/tienda\/wp-json\/wp\/v2\/product"}],"about":[{"href":"https:\/\/rms-enlinea.com.ar\/tienda\/wp-json\/wp\/v2\/types\/product"}],"replies":[{"embeddable":true,"href":"https:\/\/rms-enlinea.com.ar\/tienda\/wp-json\/wp\/v2\/comments?post=21508"}],"wp:featuredmedia":[{"embeddable":true,"href":"https:\/\/rms-enlinea.com.ar\/tienda\/wp-json\/wp\/v2\/media\/21509"}],"wp:attachment":[{"href":"https:\/\/rms-enlinea.com.ar\/tienda\/wp-json\/wp\/v2\/media?parent=21508"}],"wp:term":[{"taxonomy":"product_brand","embeddable":true,"href":"https:\/\/rms-enlinea.com.ar\/tienda\/wp-json\/wp\/v2\/product_brand?post=21508"},{"taxonomy":"product_cat","embeddable":true,"href":"https:\/\/rms-enlinea.com.ar\/tienda\/wp-json\/wp\/v2\/product_cat?post=21508"},{"taxonomy":"product_tag","embeddable":true,"href":"https:\/\/rms-enlinea.com.ar\/tienda\/wp-json\/wp\/v2\/product_tag?post=21508"}],"curies":[{"name":"wp","href":"https:\/\/api.w.org\/{rel}","templated":true}]}}