{"id":21537,"date":"2025-06-12T09:25:29","date_gmt":"2025-06-12T12:25:29","guid":{"rendered":"https:\/\/rms-enlinea.com.ar\/tienda\/producto\/mouse-logitech-g502-gaming-hero-910-005550-25600dpi\/"},"modified":"2026-04-06T12:01:02","modified_gmt":"2026-04-06T15:01:02","slug":"mouse-logitech-g502-gaming-hero-910-005550-25600dpi","status":"publish","type":"product","link":"https:\/\/rms-enlinea.com.ar\/tienda\/producto\/mouse-logitech-g502-gaming-hero-910-005550-25600dpi\/","title":{"rendered":"Mouse Logitech G502 Gaming Hero 910-005550 25600dpi"},"content":{"rendered":"<p>Dimensiones<br \/>Altura: 290 mm<br \/>Ancho: 75 mm<br \/>Profundidad: 40 mm<br \/>Peso: 121 g, s\u00f3lo mouse<br \/>Pesa opcional adicional: hasta 18 g (5 x 3.6 g)<br \/>Longitud del cable: 2,1 m<br \/>Especificaciones t\u00e9cnicas<br \/>SEGUIMIENTO<br \/>Sensor: HERO<br \/>Resoluci\u00f3n: 100 \u2013 25.600 dpi<br \/>Cero suavizado\/aceleraci\u00f3n\/filtros<br \/>Aceleraci\u00f3n m\u00e1x.: >40 G 1Pruebas realizadas en Logitech G240 Gaming Mouse Pad<br \/>Velocidad m\u00e1x.: >400 IPS 2Pruebas realizadas en Logitech G240 Gaming Mouse Pad<br \/>RESPUESTA<br \/>Formato de datos USB: 16 bits\/eje<br \/>Velocidad de respuesta USB: 1000 Hz (1 ms)<br \/>Microprocesador: ARM de 32 bits<br \/>DURABILIDAD<br \/>Pies de PTFE: 250 kil\u00f3metros 3Pruebas realizadas en Logitech G240 Gaming Mouse Pad<br \/>Otras funciones<br \/>Memoria integrada: Hasta 5 perfiles (requiere firmware 127.1.7)<br \/>RGB LIGHTSYNC: 1 zonas<\/p>\n","protected":false},"excerpt":{"rendered":"<p>DimensionesAltura: 290 mmAncho: 75 mmProfundidad: 40 mmPeso: 121 g, s\u00f3lo mousePesa opcional adicional: hasta 18 g (5 x 3.6 g)Longitud del cable: 2,1 mEspecificaciones t\u00e9cnicasSEGUIMIENTOSensor: HEROResoluci\u00f3n: 100 \u2013 25.600 dpiCero suavizado\/aceleraci\u00f3n\/filtrosAceleraci\u00f3n m\u00e1x.: >40 G 1Pruebas realizadas en Logitech G240 Gaming Mouse PadVelocidad m\u00e1x.: >400 IPS 2Pruebas realizadas en Logitech G240 Gaming Mouse PadRESPUESTAFormato de datos [&hellip;]<\/p>\n","protected":false},"featured_media":21538,"comment_status":"open","ping_status":"closed","template":"","meta":{"_uag_custom_page_level_css":""},"product_brand":[549],"product_cat":[125],"product_tag":[],"class_list":{"0":"post-21537","1":"product","2":"type-product","3":"status-publish","4":"has-post-thumbnail","6":"product_brand-logitech","7":"product_cat-teclados-y-mouses","9":"first","10":"outofstock","11":"sale","12":"taxable","13":"shipping-taxable","14":"purchasable","15":"product-type-simple"},"uagb_featured_image_src":{"full":["https:\/\/rms-enlinea.com.ar\/wp-content\/uploads\/2025\/06\/D_656261-MLU72703529811_112023-F.jpg",616,1148,false],"thumbnail":["https:\/\/rms-enlinea.com.ar\/wp-content\/uploads\/2025\/06\/D_656261-MLU72703529811_112023-F-150x150.jpg",150,150,true],"medium":["https:\/\/rms-enlinea.com.ar\/wp-content\/uploads\/2025\/06\/D_656261-MLU72703529811_112023-F-161x300.jpg",161,300,true],"medium_large":["https:\/\/rms-enlinea.com.ar\/wp-content\/uploads\/2025\/06\/D_656261-MLU72703529811_112023-F.jpg",616,1148,false],"large":["https:\/\/rms-enlinea.com.ar\/wp-content\/uploads\/2025\/06\/D_656261-MLU72703529811_112023-F-549x1024.jpg",549,1024,true],"1536x1536":["https:\/\/rms-enlinea.com.ar\/wp-content\/uploads\/2025\/06\/D_656261-MLU72703529811_112023-F.jpg",616,1148,false],"2048x2048":["https:\/\/rms-enlinea.com.ar\/wp-content\/uploads\/2025\/06\/D_656261-MLU72703529811_112023-F.jpg",616,1148,false],"woocommerce_thumbnail":["https:\/\/rms-enlinea.com.ar\/wp-content\/uploads\/2025\/06\/D_656261-MLU72703529811_112023-F-450x450.jpg",450,450,true],"woocommerce_single":["https:\/\/rms-enlinea.com.ar\/wp-content\/uploads\/2025\/06\/D_656261-MLU72703529811_112023-F-600x1118.jpg",600,1118,true],"woocommerce_gallery_thumbnail":["https:\/\/rms-enlinea.com.ar\/wp-content\/uploads\/2025\/06\/D_656261-MLU72703529811_112023-F-100x100.jpg",100,100,true]},"uagb_author_info":{"display_name":"l0071054","author_link":"https:\/\/rms-enlinea.com.ar\/tienda\/author\/"},"uagb_comment_info":0,"uagb_excerpt":"DimensionesAltura: 290 mmAncho: 75 mmProfundidad: 40 mmPeso: 121 g, s\u00f3lo mousePesa opcional adicional: hasta 18 g (5 x 3.6 g)Longitud del cable: 2,1 mEspecificaciones t\u00e9cnicasSEGUIMIENTOSensor: HEROResoluci\u00f3n: 100 \u2013 25.600 dpiCero suavizado\/aceleraci\u00f3n\/filtrosAceleraci\u00f3n m\u00e1x.: >40 G 1Pruebas realizadas en Logitech G240 Gaming Mouse PadVelocidad m\u00e1x.: >400 IPS 2Pruebas realizadas en Logitech G240 Gaming Mouse PadRESPUESTAFormato de datos&hellip;","_links":{"self":[{"href":"https:\/\/rms-enlinea.com.ar\/tienda\/wp-json\/wp\/v2\/product\/21537","targetHints":{"allow":["GET"]}}],"collection":[{"href":"https:\/\/rms-enlinea.com.ar\/tienda\/wp-json\/wp\/v2\/product"}],"about":[{"href":"https:\/\/rms-enlinea.com.ar\/tienda\/wp-json\/wp\/v2\/types\/product"}],"replies":[{"embeddable":true,"href":"https:\/\/rms-enlinea.com.ar\/tienda\/wp-json\/wp\/v2\/comments?post=21537"}],"wp:featuredmedia":[{"embeddable":true,"href":"https:\/\/rms-enlinea.com.ar\/tienda\/wp-json\/wp\/v2\/media\/21538"}],"wp:attachment":[{"href":"https:\/\/rms-enlinea.com.ar\/tienda\/wp-json\/wp\/v2\/media?parent=21537"}],"wp:term":[{"taxonomy":"product_brand","embeddable":true,"href":"https:\/\/rms-enlinea.com.ar\/tienda\/wp-json\/wp\/v2\/product_brand?post=21537"},{"taxonomy":"product_cat","embeddable":true,"href":"https:\/\/rms-enlinea.com.ar\/tienda\/wp-json\/wp\/v2\/product_cat?post=21537"},{"taxonomy":"product_tag","embeddable":true,"href":"https:\/\/rms-enlinea.com.ar\/tienda\/wp-json\/wp\/v2\/product_tag?post=21537"}],"curies":[{"name":"wp","href":"https:\/\/api.w.org\/{rel}","templated":true}]}}