{"id":21588,"date":"2025-06-12T09:26:34","date_gmt":"2025-06-12T12:26:34","guid":{"rendered":"https:\/\/rms-enlinea.com.ar\/tienda\/producto\/mouse-pad-logitech-956-000048-xl-300mm-x-700mm-x-2mm-rosa\/"},"modified":"2026-04-21T07:16:49","modified_gmt":"2026-04-21T10:16:49","slug":"mouse-pad-logitech-956-000048-xl-300mm-x-700mm-x-2mm-rosa","status":"publish","type":"product","link":"https:\/\/rms-enlinea.com.ar\/tienda\/producto\/mouse-pad-logitech-956-000048-xl-300mm-x-700mm-x-2mm-rosa\/","title":{"rendered":"Mouse Pad Logitech 956-000048 Xl 300mm X 700mm X 2mm Rosa"},"content":{"rendered":"<p>DIMENSIONES<br \/>Alfombrilla de escritorio<\/p>\n<p>Altura: 300 mm<br \/>Ancho: 700 mm<br \/>Grosor: 2 mm<br \/>Peso: 286 g<br \/>ESPECIFICACIONES T\u00c9CNICAS<br \/>Materiales<\/p>\n<p>100% POLI\u00c9STER RECICLADO<br \/>Superficie y capa interior<br \/>BASE ANTIDESLIZANTE<br \/>72% caucho natural<br \/>BORDES QUE NO SE DESHILACHAN<br \/>Nylon + Poli\u00e9ster<\/p>\n","protected":false},"excerpt":{"rendered":"<p>DIMENSIONESAlfombrilla de escritorio Altura: 300 mmAncho: 700 mmGrosor: 2 mmPeso: 286 gESPECIFICACIONES T\u00c9CNICASMateriales 100% POLI\u00c9STER RECICLADOSuperficie y capa interiorBASE ANTIDESLIZANTE72% caucho naturalBORDES QUE NO SE DESHILACHANNylon + Poli\u00e9ster<\/p>\n","protected":false},"featured_media":21589,"comment_status":"open","ping_status":"closed","template":"","meta":{"_uag_custom_page_level_css":""},"product_brand":[549],"product_cat":[125],"product_tag":[],"class_list":{"0":"post-21588","1":"product","2":"type-product","3":"status-publish","4":"has-post-thumbnail","6":"product_brand-logitech","7":"product_cat-teclados-y-mouses","9":"first","10":"outofstock","11":"sale","12":"taxable","13":"shipping-taxable","14":"purchasable","15":"product-type-simple"},"uagb_featured_image_src":{"full":["https:\/\/rms-enlinea.com.ar\/wp-content\/uploads\/2025\/06\/D_851518-MLA52231704840_112022-F.jpg",1008,497,false],"thumbnail":["https:\/\/rms-enlinea.com.ar\/wp-content\/uploads\/2025\/06\/D_851518-MLA52231704840_112022-F-150x150.jpg",150,150,true],"medium":["https:\/\/rms-enlinea.com.ar\/wp-content\/uploads\/2025\/06\/D_851518-MLA52231704840_112022-F-300x148.jpg",300,148,true],"medium_large":["https:\/\/rms-enlinea.com.ar\/wp-content\/uploads\/2025\/06\/D_851518-MLA52231704840_112022-F-768x379.jpg",768,379,true],"large":["https:\/\/rms-enlinea.com.ar\/wp-content\/uploads\/2025\/06\/D_851518-MLA52231704840_112022-F.jpg",1008,497,false],"1536x1536":["https:\/\/rms-enlinea.com.ar\/wp-content\/uploads\/2025\/06\/D_851518-MLA52231704840_112022-F.jpg",1008,497,false],"2048x2048":["https:\/\/rms-enlinea.com.ar\/wp-content\/uploads\/2025\/06\/D_851518-MLA52231704840_112022-F.jpg",1008,497,false],"woocommerce_thumbnail":["https:\/\/rms-enlinea.com.ar\/wp-content\/uploads\/2025\/06\/D_851518-MLA52231704840_112022-F-450x450.jpg",450,450,true],"woocommerce_single":["https:\/\/rms-enlinea.com.ar\/wp-content\/uploads\/2025\/06\/D_851518-MLA52231704840_112022-F-600x296.jpg",600,296,true],"woocommerce_gallery_thumbnail":["https:\/\/rms-enlinea.com.ar\/wp-content\/uploads\/2025\/06\/D_851518-MLA52231704840_112022-F-100x100.jpg",100,100,true]},"uagb_author_info":{"display_name":"l0071054","author_link":"https:\/\/rms-enlinea.com.ar\/tienda\/author\/"},"uagb_comment_info":0,"uagb_excerpt":"DIMENSIONESAlfombrilla de escritorio Altura: 300 mmAncho: 700 mmGrosor: 2 mmPeso: 286 gESPECIFICACIONES T\u00c9CNICASMateriales 100% POLI\u00c9STER RECICLADOSuperficie y capa interiorBASE ANTIDESLIZANTE72% caucho naturalBORDES QUE NO SE DESHILACHANNylon + Poli\u00e9ster","_links":{"self":[{"href":"https:\/\/rms-enlinea.com.ar\/tienda\/wp-json\/wp\/v2\/product\/21588","targetHints":{"allow":["GET"]}}],"collection":[{"href":"https:\/\/rms-enlinea.com.ar\/tienda\/wp-json\/wp\/v2\/product"}],"about":[{"href":"https:\/\/rms-enlinea.com.ar\/tienda\/wp-json\/wp\/v2\/types\/product"}],"replies":[{"embeddable":true,"href":"https:\/\/rms-enlinea.com.ar\/tienda\/wp-json\/wp\/v2\/comments?post=21588"}],"wp:featuredmedia":[{"embeddable":true,"href":"https:\/\/rms-enlinea.com.ar\/tienda\/wp-json\/wp\/v2\/media\/21589"}],"wp:attachment":[{"href":"https:\/\/rms-enlinea.com.ar\/tienda\/wp-json\/wp\/v2\/media?parent=21588"}],"wp:term":[{"taxonomy":"product_brand","embeddable":true,"href":"https:\/\/rms-enlinea.com.ar\/tienda\/wp-json\/wp\/v2\/product_brand?post=21588"},{"taxonomy":"product_cat","embeddable":true,"href":"https:\/\/rms-enlinea.com.ar\/tienda\/wp-json\/wp\/v2\/product_cat?post=21588"},{"taxonomy":"product_tag","embeddable":true,"href":"https:\/\/rms-enlinea.com.ar\/tienda\/wp-json\/wp\/v2\/product_tag?post=21588"}],"curies":[{"name":"wp","href":"https:\/\/api.w.org\/{rel}","templated":true}]}}