{"id":21600,"date":"2025-06-12T09:26:47","date_gmt":"2025-06-12T12:26:47","guid":{"rendered":"https:\/\/rms-enlinea.com.ar\/tienda\/producto\/mouse-usb-genius-dx-110-red-1000dpi-3-botones\/"},"modified":"2026-03-31T19:42:17","modified_gmt":"2026-03-31T22:42:17","slug":"mouse-usb-genius-dx-110-red-1000dpi-3-botones","status":"publish","type":"product","link":"https:\/\/rms-enlinea.com.ar\/tienda\/producto\/mouse-usb-genius-dx-110-red-1000dpi-3-botones\/","title":{"rendered":"Mouse Usb Genius Dx-110 Red 1000dpi 3 Botones"},"content":{"rendered":"<p>Nombre del modelo DX-110<br \/>Interfaz USB<br \/>Unidad de sensor \u00d3ptico<br \/>Resoluci\u00f3n (DPI) 1000<br \/>Cantidad de botones Tres (izquierda, derecha y central con desplazamiento)<br \/>Longitud de cable de alimentaci\u00f3n 1.5 m<\/p>\n","protected":false},"excerpt":{"rendered":"<p>Nombre del modelo DX-110Interfaz USBUnidad de sensor \u00d3pticoResoluci\u00f3n (DPI) 1000Cantidad de botones Tres (izquierda, derecha y central con desplazamiento)Longitud de cable de alimentaci\u00f3n 1.5 m<\/p>\n","protected":false},"featured_media":21601,"comment_status":"open","ping_status":"closed","template":"","meta":{"_uag_custom_page_level_css":""},"product_brand":[550],"product_cat":[125],"product_tag":[],"class_list":{"0":"post-21600","1":"product","2":"type-product","3":"status-publish","4":"has-post-thumbnail","6":"product_brand-genius","7":"product_cat-teclados-y-mouses","9":"first","10":"outofstock","11":"sale","12":"taxable","13":"shipping-taxable","14":"purchasable","15":"product-type-simple"},"uagb_featured_image_src":{"full":["https:\/\/rms-enlinea.com.ar\/wp-content\/uploads\/2025\/06\/D_746082-MLA44839957517_022021-F.jpg",734,792,false],"thumbnail":["https:\/\/rms-enlinea.com.ar\/wp-content\/uploads\/2025\/06\/D_746082-MLA44839957517_022021-F-150x150.jpg",150,150,true],"medium":["https:\/\/rms-enlinea.com.ar\/wp-content\/uploads\/2025\/06\/D_746082-MLA44839957517_022021-F-278x300.jpg",278,300,true],"medium_large":["https:\/\/rms-enlinea.com.ar\/wp-content\/uploads\/2025\/06\/D_746082-MLA44839957517_022021-F.jpg",734,792,false],"large":["https:\/\/rms-enlinea.com.ar\/wp-content\/uploads\/2025\/06\/D_746082-MLA44839957517_022021-F.jpg",734,792,false],"1536x1536":["https:\/\/rms-enlinea.com.ar\/wp-content\/uploads\/2025\/06\/D_746082-MLA44839957517_022021-F.jpg",734,792,false],"2048x2048":["https:\/\/rms-enlinea.com.ar\/wp-content\/uploads\/2025\/06\/D_746082-MLA44839957517_022021-F.jpg",734,792,false],"woocommerce_thumbnail":["https:\/\/rms-enlinea.com.ar\/wp-content\/uploads\/2025\/06\/D_746082-MLA44839957517_022021-F-450x450.jpg",450,450,true],"woocommerce_single":["https:\/\/rms-enlinea.com.ar\/wp-content\/uploads\/2025\/06\/D_746082-MLA44839957517_022021-F-600x647.jpg",600,647,true],"woocommerce_gallery_thumbnail":["https:\/\/rms-enlinea.com.ar\/wp-content\/uploads\/2025\/06\/D_746082-MLA44839957517_022021-F-100x100.jpg",100,100,true]},"uagb_author_info":{"display_name":"l0071054","author_link":"https:\/\/rms-enlinea.com.ar\/tienda\/author\/"},"uagb_comment_info":0,"uagb_excerpt":"Nombre del modelo DX-110Interfaz USBUnidad de sensor \u00d3pticoResoluci\u00f3n (DPI) 1000Cantidad de botones Tres (izquierda, derecha y central con desplazamiento)Longitud de cable de alimentaci\u00f3n 1.5 m","_links":{"self":[{"href":"https:\/\/rms-enlinea.com.ar\/tienda\/wp-json\/wp\/v2\/product\/21600","targetHints":{"allow":["GET"]}}],"collection":[{"href":"https:\/\/rms-enlinea.com.ar\/tienda\/wp-json\/wp\/v2\/product"}],"about":[{"href":"https:\/\/rms-enlinea.com.ar\/tienda\/wp-json\/wp\/v2\/types\/product"}],"replies":[{"embeddable":true,"href":"https:\/\/rms-enlinea.com.ar\/tienda\/wp-json\/wp\/v2\/comments?post=21600"}],"wp:featuredmedia":[{"embeddable":true,"href":"https:\/\/rms-enlinea.com.ar\/tienda\/wp-json\/wp\/v2\/media\/21601"}],"wp:attachment":[{"href":"https:\/\/rms-enlinea.com.ar\/tienda\/wp-json\/wp\/v2\/media?parent=21600"}],"wp:term":[{"taxonomy":"product_brand","embeddable":true,"href":"https:\/\/rms-enlinea.com.ar\/tienda\/wp-json\/wp\/v2\/product_brand?post=21600"},{"taxonomy":"product_cat","embeddable":true,"href":"https:\/\/rms-enlinea.com.ar\/tienda\/wp-json\/wp\/v2\/product_cat?post=21600"},{"taxonomy":"product_tag","embeddable":true,"href":"https:\/\/rms-enlinea.com.ar\/tienda\/wp-json\/wp\/v2\/product_tag?post=21600"}],"curies":[{"name":"wp","href":"https:\/\/api.w.org\/{rel}","templated":true}]}}