{"id":21629,"date":"2025-06-12T09:27:17","date_gmt":"2025-06-12T12:27:17","guid":{"rendered":"https:\/\/rms-enlinea.com.ar\/tienda\/producto\/mouse-gamer-logitech-g903-lightspeed-cable-inalambrico\/"},"modified":"2025-07-06T03:28:33","modified_gmt":"2025-07-06T06:28:33","slug":"mouse-gamer-logitech-g903-lightspeed-cable-inalambrico-2","status":"publish","type":"product","link":"https:\/\/rms-enlinea.com.ar\/tienda\/producto\/mouse-gamer-logitech-g903-lightspeed-cable-inalambrico-2\/","title":{"rendered":"Mouse Gamer Logitech G903 Lightspeed Cable Inalambrico"},"content":{"rendered":"<p>ESPECIFICACIONES F\u00cdSICAS<br \/>Longitud: 130 mm<br \/>Anchura: 67 mm<br \/>Altura: 40 mm<br \/>Peso: 110 g, s\u00f3lo mouse<br \/>Pesa opcional adicional: 10 g<br \/>Longitud de cable: 1,8 m<br \/>OTRAS FUNCIONES<br \/>Bot\u00f3n rueda con desplazamiento superr\u00e1pido<br \/>Compatible con POWERPLAY<br \/>Iluminaci\u00f3n RGB LIGHTSYNC1Requiere el software Logitech G HUB<br \/>Dise\u00f1o ambidiestro para diestros o zurdos<br \/>Botones laterales extra\u00edbles<br \/>7-11 botones programables<br \/>Sistema mec\u00e1nico de tensi\u00f3n de botones<br \/>SEGUIMIENTO<br \/>Sensor: HERO 16K<br \/>Resoluci\u00f3n: 100 &#8211; 16.000 dpi<br \/>Aceleraci\u00f3n m\u00e1x.: >40 G2Pruebas realizadas sobre alfombrilla de mouse Logitech G240 para juegos<br \/>Velocidad m\u00e1x.: >400 IPS3Pruebas realizadas sobre alfombrilla de mouse Logitech G240 para juegos<br \/>RESPUESTA<br \/>Formato de datos USB: 16 bits\/eje<br \/>Velocidad de respuesta USB: 1.000 Hz (1 ms)<br \/>Velocidad de respuesta inal\u00e1mbrica: 1.000 Hz (1 ms)<br \/>Tecnolog\u00eda inal\u00e1mbrica: Tecnolog\u00eda inal\u00e1mbrica LIGHTSPEED<br \/>Microprocesador: ARM de 32 bits<\/p>\n","protected":false},"excerpt":{"rendered":"<p>ESPECIFICACIONES F\u00cdSICASLongitud: 130 mmAnchura: 67 mmAltura: 40 mmPeso: 110 g, s\u00f3lo mousePesa opcional adicional: 10 gLongitud de cable: 1,8 mOTRAS FUNCIONESBot\u00f3n rueda con desplazamiento superr\u00e1pidoCompatible con POWERPLAYIluminaci\u00f3n RGB LIGHTSYNC1Requiere el software Logitech G HUBDise\u00f1o ambidiestro para diestros o zurdosBotones laterales extra\u00edbles7-11 botones programablesSistema mec\u00e1nico de tensi\u00f3n de botonesSEGUIMIENTOSensor: HERO 16KResoluci\u00f3n: 100 &#8211; 16.000 dpiAceleraci\u00f3n m\u00e1x.: [&hellip;]<\/p>\n","protected":false},"featured_media":21619,"comment_status":"open","ping_status":"closed","template":"","meta":{"_uag_custom_page_level_css":""},"product_brand":[549],"product_cat":[125],"product_tag":[],"class_list":{"0":"post-21629","1":"product","2":"type-product","3":"status-publish","4":"has-post-thumbnail","6":"product_brand-logitech","7":"product_cat-teclados-y-mouses","9":"first","10":"instock","11":"sale","12":"taxable","13":"shipping-taxable","14":"purchasable","15":"product-type-variable"},"uagb_featured_image_src":{"full":["https:\/\/rms-enlinea.com.ar\/wp-content\/uploads\/2025\/06\/D_964042-MLA48734800795_012022-F-1.jpg",610,1200,false],"thumbnail":["https:\/\/rms-enlinea.com.ar\/wp-content\/uploads\/2025\/06\/D_964042-MLA48734800795_012022-F-1-150x150.jpg",150,150,true],"medium":["https:\/\/rms-enlinea.com.ar\/wp-content\/uploads\/2025\/06\/D_964042-MLA48734800795_012022-F-1-153x300.jpg",153,300,true],"medium_large":["https:\/\/rms-enlinea.com.ar\/wp-content\/uploads\/2025\/06\/D_964042-MLA48734800795_012022-F-1.jpg",610,1200,false],"large":["https:\/\/rms-enlinea.com.ar\/wp-content\/uploads\/2025\/06\/D_964042-MLA48734800795_012022-F-1-521x1024.jpg",521,1024,true],"1536x1536":["https:\/\/rms-enlinea.com.ar\/wp-content\/uploads\/2025\/06\/D_964042-MLA48734800795_012022-F-1.jpg",610,1200,false],"2048x2048":["https:\/\/rms-enlinea.com.ar\/wp-content\/uploads\/2025\/06\/D_964042-MLA48734800795_012022-F-1.jpg",610,1200,false],"woocommerce_thumbnail":["https:\/\/rms-enlinea.com.ar\/wp-content\/uploads\/2025\/06\/D_964042-MLA48734800795_012022-F-1-450x450.jpg",450,450,true],"woocommerce_single":["https:\/\/rms-enlinea.com.ar\/wp-content\/uploads\/2025\/06\/D_964042-MLA48734800795_012022-F-1-600x1180.jpg",600,1180,true],"woocommerce_gallery_thumbnail":["https:\/\/rms-enlinea.com.ar\/wp-content\/uploads\/2025\/06\/D_964042-MLA48734800795_012022-F-1-100x100.jpg",100,100,true]},"uagb_author_info":{"display_name":"l0071054","author_link":"https:\/\/rms-enlinea.com.ar\/tienda\/author\/"},"uagb_comment_info":0,"uagb_excerpt":"ESPECIFICACIONES F\u00cdSICASLongitud: 130 mmAnchura: 67 mmAltura: 40 mmPeso: 110 g, s\u00f3lo mousePesa opcional adicional: 10 gLongitud de cable: 1,8 mOTRAS FUNCIONESBot\u00f3n rueda con desplazamiento superr\u00e1pidoCompatible con POWERPLAYIluminaci\u00f3n RGB LIGHTSYNC1Requiere el software Logitech G HUBDise\u00f1o ambidiestro para diestros o zurdosBotones laterales extra\u00edbles7-11 botones programablesSistema mec\u00e1nico de tensi\u00f3n de botonesSEGUIMIENTOSensor: HERO 16KResoluci\u00f3n: 100 &#8211; 16.000 dpiAceleraci\u00f3n m\u00e1x.:&hellip;","_links":{"self":[{"href":"https:\/\/rms-enlinea.com.ar\/tienda\/wp-json\/wp\/v2\/product\/21629","targetHints":{"allow":["GET"]}}],"collection":[{"href":"https:\/\/rms-enlinea.com.ar\/tienda\/wp-json\/wp\/v2\/product"}],"about":[{"href":"https:\/\/rms-enlinea.com.ar\/tienda\/wp-json\/wp\/v2\/types\/product"}],"replies":[{"embeddable":true,"href":"https:\/\/rms-enlinea.com.ar\/tienda\/wp-json\/wp\/v2\/comments?post=21629"}],"wp:featuredmedia":[{"embeddable":true,"href":"https:\/\/rms-enlinea.com.ar\/tienda\/wp-json\/wp\/v2\/media\/21619"}],"wp:attachment":[{"href":"https:\/\/rms-enlinea.com.ar\/tienda\/wp-json\/wp\/v2\/media?parent=21629"}],"wp:term":[{"taxonomy":"product_brand","embeddable":true,"href":"https:\/\/rms-enlinea.com.ar\/tienda\/wp-json\/wp\/v2\/product_brand?post=21629"},{"taxonomy":"product_cat","embeddable":true,"href":"https:\/\/rms-enlinea.com.ar\/tienda\/wp-json\/wp\/v2\/product_cat?post=21629"},{"taxonomy":"product_tag","embeddable":true,"href":"https:\/\/rms-enlinea.com.ar\/tienda\/wp-json\/wp\/v2\/product_tag?post=21629"}],"curies":[{"name":"wp","href":"https:\/\/api.w.org\/{rel}","templated":true}]}}