{"id":21638,"date":"2025-06-12T09:27:35","date_gmt":"2025-06-12T12:27:35","guid":{"rendered":"https:\/\/rms-enlinea.com.ar\/tienda\/producto\/auricular-con-microfono-logitech-h111-1-solo-miniplug\/"},"modified":"2026-04-06T13:56:34","modified_gmt":"2026-04-06T16:56:34","slug":"auricular-con-microfono-logitech-h111-1-solo-miniplug","status":"publish","type":"product","link":"https:\/\/rms-enlinea.com.ar\/tienda\/producto\/auricular-con-microfono-logitech-h111-1-solo-miniplug\/","title":{"rendered":"Auricular Con Microfono Logitech H111 1 Solo Miniplug"},"content":{"rendered":"<p>DIMENSIONES<br \/>Altura: 162 mm<br \/>Ancho: 144 mm<br \/>Profundidad: 46 mm<br \/>Peso: 0,074 kg<br \/>Longitud del cable: 2,35 m<br \/>REQUISITOS DEL SISTEMA<br \/>Windows\u00ae, macOS o Chrome OS\u2122 y aplicaciones de llamadas populares.<br \/>Certificaci\u00f3n Works With Chromebook\u2122.<br \/>Una toma de 3,5 mm<br \/>ESPECIFICACIONES T\u00c9CNICAS<br \/>Tipo de micr\u00f3fono: Bidireccional<br \/>Sensibilidad (aud\u00edfono): 32 ohmios<br \/>Sensibilidad (aud\u00edfono): 100 dB +\/- 3 dB<br \/>Sensibilidad (micr\u00f3fono): -58 dBV\/\u00b5Bar, -38 dBV\/Pa +\/- 4 dB<br \/>Respuesta de frecuencia (aud\u00edfonos): 20 Hz &#8211; 20 KHz<br \/>Respuesta de frecuencia (micr\u00f3fono): 100 Hz &#8211; 16 KHz<\/p>\n","protected":false},"excerpt":{"rendered":"<p>DIMENSIONESAltura: 162 mmAncho: 144 mmProfundidad: 46 mmPeso: 0,074 kgLongitud del cable: 2,35 mREQUISITOS DEL SISTEMAWindows\u00ae, macOS o Chrome OS\u2122 y aplicaciones de llamadas populares.Certificaci\u00f3n Works With Chromebook\u2122.Una toma de 3,5 mmESPECIFICACIONES T\u00c9CNICASTipo de micr\u00f3fono: BidireccionalSensibilidad (aud\u00edfono): 32 ohmiosSensibilidad (aud\u00edfono): 100 dB +\/- 3 dBSensibilidad (micr\u00f3fono): -58 dBV\/\u00b5Bar, -38 dBV\/Pa +\/- 4 dBRespuesta de frecuencia (aud\u00edfonos): [&hellip;]<\/p>\n","protected":false},"featured_media":21639,"comment_status":"open","ping_status":"closed","template":"","meta":{"_uag_custom_page_level_css":""},"product_brand":[549],"product_cat":[99],"product_tag":[],"class_list":{"0":"post-21638","1":"product","2":"type-product","3":"status-publish","4":"has-post-thumbnail","6":"product_brand-logitech","7":"product_cat-auriculares-computacion","9":"first","10":"instock","11":"sale","12":"taxable","13":"shipping-taxable","14":"purchasable","15":"product-type-simple"},"uagb_featured_image_src":{"full":["https:\/\/rms-enlinea.com.ar\/wp-content\/uploads\/2025\/06\/D_749236-MLA77226298362_072024-F.jpg",435,560,false],"thumbnail":["https:\/\/rms-enlinea.com.ar\/wp-content\/uploads\/2025\/06\/D_749236-MLA77226298362_072024-F-150x150.jpg",150,150,true],"medium":["https:\/\/rms-enlinea.com.ar\/wp-content\/uploads\/2025\/06\/D_749236-MLA77226298362_072024-F-233x300.jpg",233,300,true],"medium_large":["https:\/\/rms-enlinea.com.ar\/wp-content\/uploads\/2025\/06\/D_749236-MLA77226298362_072024-F.jpg",435,560,false],"large":["https:\/\/rms-enlinea.com.ar\/wp-content\/uploads\/2025\/06\/D_749236-MLA77226298362_072024-F.jpg",435,560,false],"1536x1536":["https:\/\/rms-enlinea.com.ar\/wp-content\/uploads\/2025\/06\/D_749236-MLA77226298362_072024-F.jpg",435,560,false],"2048x2048":["https:\/\/rms-enlinea.com.ar\/wp-content\/uploads\/2025\/06\/D_749236-MLA77226298362_072024-F.jpg",435,560,false],"woocommerce_thumbnail":["https:\/\/rms-enlinea.com.ar\/wp-content\/uploads\/2025\/06\/D_749236-MLA77226298362_072024-F-435x450.jpg",435,450,true],"woocommerce_single":["https:\/\/rms-enlinea.com.ar\/wp-content\/uploads\/2025\/06\/D_749236-MLA77226298362_072024-F.jpg",435,560,false],"woocommerce_gallery_thumbnail":["https:\/\/rms-enlinea.com.ar\/wp-content\/uploads\/2025\/06\/D_749236-MLA77226298362_072024-F-100x100.jpg",100,100,true]},"uagb_author_info":{"display_name":"l0071054","author_link":"https:\/\/rms-enlinea.com.ar\/tienda\/author\/"},"uagb_comment_info":0,"uagb_excerpt":"DIMENSIONESAltura: 162 mmAncho: 144 mmProfundidad: 46 mmPeso: 0,074 kgLongitud del cable: 2,35 mREQUISITOS DEL SISTEMAWindows\u00ae, macOS o Chrome OS\u2122 y aplicaciones de llamadas populares.Certificaci\u00f3n Works With Chromebook\u2122.Una toma de 3,5 mmESPECIFICACIONES T\u00c9CNICASTipo de micr\u00f3fono: BidireccionalSensibilidad (aud\u00edfono): 32 ohmiosSensibilidad (aud\u00edfono): 100 dB +\/- 3 dBSensibilidad (micr\u00f3fono): -58 dBV\/\u00b5Bar, -38 dBV\/Pa +\/- 4 dBRespuesta de frecuencia (aud\u00edfonos):&hellip;","_links":{"self":[{"href":"https:\/\/rms-enlinea.com.ar\/tienda\/wp-json\/wp\/v2\/product\/21638","targetHints":{"allow":["GET"]}}],"collection":[{"href":"https:\/\/rms-enlinea.com.ar\/tienda\/wp-json\/wp\/v2\/product"}],"about":[{"href":"https:\/\/rms-enlinea.com.ar\/tienda\/wp-json\/wp\/v2\/types\/product"}],"replies":[{"embeddable":true,"href":"https:\/\/rms-enlinea.com.ar\/tienda\/wp-json\/wp\/v2\/comments?post=21638"}],"wp:featuredmedia":[{"embeddable":true,"href":"https:\/\/rms-enlinea.com.ar\/tienda\/wp-json\/wp\/v2\/media\/21639"}],"wp:attachment":[{"href":"https:\/\/rms-enlinea.com.ar\/tienda\/wp-json\/wp\/v2\/media?parent=21638"}],"wp:term":[{"taxonomy":"product_brand","embeddable":true,"href":"https:\/\/rms-enlinea.com.ar\/tienda\/wp-json\/wp\/v2\/product_brand?post=21638"},{"taxonomy":"product_cat","embeddable":true,"href":"https:\/\/rms-enlinea.com.ar\/tienda\/wp-json\/wp\/v2\/product_cat?post=21638"},{"taxonomy":"product_tag","embeddable":true,"href":"https:\/\/rms-enlinea.com.ar\/tienda\/wp-json\/wp\/v2\/product_tag?post=21638"}],"curies":[{"name":"wp","href":"https:\/\/api.w.org\/{rel}","templated":true}]}}