{"id":21666,"date":"2025-06-12T09:28:09","date_gmt":"2025-06-12T12:28:09","guid":{"rendered":"https:\/\/rms-enlinea.com.ar\/tienda\/producto\/microfono-gamer-elgato-wave3-usb-c-negro\/"},"modified":"2026-04-06T13:54:32","modified_gmt":"2026-04-06T16:54:32","slug":"microfono-gamer-elgato-wave3-usb-c-negro","status":"publish","type":"product","link":"https:\/\/rms-enlinea.com.ar\/tienda\/producto\/microfono-gamer-elgato-wave3-usb-c-negro\/","title":{"rendered":"Microfono Gamer Elgato Wave:3 Usb-c Negro"},"content":{"rendered":"<p>C\u00c1PSULA<br \/>\nElectret de 17 mm<\/p>\n<p>PATR\u00d3N POLAR<br \/>\nCardioide<\/p>\n<p>RESOLUCI\u00d3N<br \/>\n24-bit<\/p>\n<p>FRECUENCIA DE MUESTREO<br \/>\n48 \/ 96 kHz<\/p>\n<p>RESPUESTA DE FRECUENCIA<br \/>\n70 &#8211; 20000 Hz<\/p>\n<p>SENSIBILIDAD<br \/>\n-25 dBFS (ganancia m\u00edn.) | 15 dBFS (ganancia m\u00e1x.)<\/p>\n<p>SPL M\u00c1XIMO<br \/>\n120 dB (Clipguard activado a 140 dB)<\/p>\n<p>INTERVALO DIN\u00c1MICO<br \/>\n95 dB (Clipguard activado a 115 dB)<\/p>\n<p>INTERFAZ<br \/>\nUSB-C<\/p>\n<p>DIMENSIONES<br \/>\n153 x 66 x 40 mm \/ 6.0 x 2.6 x 1.6 in<\/p>\n<p>PESO<br \/>\nMicr\u00f3fono y montura en U 280 g | Base 305 g<\/p>\n<p>CONTENIDO DE LA CAJA<br \/>\nWave:3, Cable USB-C, Soporte para escritorio, Adaptador para brazo articulado, Gu\u00eda de inicio r\u00e1pido.<\/p>\n","protected":false},"excerpt":{"rendered":"<p>C\u00c1PSULA Electret de 17 mm PATR\u00d3N POLAR Cardioide RESOLUCI\u00d3N 24-bit FRECUENCIA DE MUESTREO 48 \/ 96 kHz RESPUESTA DE FRECUENCIA 70 &#8211; 20000 Hz SENSIBILIDAD -25 dBFS (ganancia m\u00edn.) | 15 dBFS (ganancia m\u00e1x.) SPL M\u00c1XIMO 120 dB (Clipguard activado a 140 dB) INTERVALO DIN\u00c1MICO 95 dB (Clipguard activado a 115 dB) INTERFAZ USB-C DIMENSIONES [&hellip;]<\/p>\n","protected":false},"featured_media":21667,"comment_status":"open","ping_status":"closed","template":"","meta":{"_uag_custom_page_level_css":""},"product_brand":[559],"product_cat":[113],"product_tag":[],"class_list":{"0":"post-21666","1":"product","2":"type-product","3":"status-publish","4":"has-post-thumbnail","6":"product_brand-razer","7":"product_cat-microfonos-computacion","9":"first","10":"outofstock","11":"sale","12":"taxable","13":"shipping-taxable","14":"purchasable","15":"product-type-simple"},"uagb_featured_image_src":{"full":["https:\/\/rms-enlinea.com.ar\/wp-content\/uploads\/2025\/06\/D_612959-MLU74087454203_012024-F.jpg",765,1194,false],"thumbnail":["https:\/\/rms-enlinea.com.ar\/wp-content\/uploads\/2025\/06\/D_612959-MLU74087454203_012024-F-150x150.jpg",150,150,true],"medium":["https:\/\/rms-enlinea.com.ar\/wp-content\/uploads\/2025\/06\/D_612959-MLU74087454203_012024-F-192x300.jpg",192,300,true],"medium_large":["https:\/\/rms-enlinea.com.ar\/wp-content\/uploads\/2025\/06\/D_612959-MLU74087454203_012024-F.jpg",765,1194,false],"large":["https:\/\/rms-enlinea.com.ar\/wp-content\/uploads\/2025\/06\/D_612959-MLU74087454203_012024-F-656x1024.jpg",656,1024,true],"1536x1536":["https:\/\/rms-enlinea.com.ar\/wp-content\/uploads\/2025\/06\/D_612959-MLU74087454203_012024-F.jpg",765,1194,false],"2048x2048":["https:\/\/rms-enlinea.com.ar\/wp-content\/uploads\/2025\/06\/D_612959-MLU74087454203_012024-F.jpg",765,1194,false],"woocommerce_thumbnail":["https:\/\/rms-enlinea.com.ar\/wp-content\/uploads\/2025\/06\/D_612959-MLU74087454203_012024-F-450x450.jpg",450,450,true],"woocommerce_single":["https:\/\/rms-enlinea.com.ar\/wp-content\/uploads\/2025\/06\/D_612959-MLU74087454203_012024-F-600x936.jpg",600,936,true],"woocommerce_gallery_thumbnail":["https:\/\/rms-enlinea.com.ar\/wp-content\/uploads\/2025\/06\/D_612959-MLU74087454203_012024-F-100x100.jpg",100,100,true]},"uagb_author_info":{"display_name":"l0071054","author_link":"https:\/\/rms-enlinea.com.ar\/tienda\/author\/"},"uagb_comment_info":0,"uagb_excerpt":"C\u00c1PSULA Electret de 17 mm PATR\u00d3N POLAR Cardioide RESOLUCI\u00d3N 24-bit FRECUENCIA DE MUESTREO 48 \/ 96 kHz RESPUESTA DE FRECUENCIA 70 &#8211; 20000 Hz SENSIBILIDAD -25 dBFS (ganancia m\u00edn.) | 15 dBFS (ganancia m\u00e1x.) SPL M\u00c1XIMO 120 dB (Clipguard activado a 140 dB) INTERVALO DIN\u00c1MICO 95 dB (Clipguard activado a 115 dB) INTERFAZ USB-C DIMENSIONES&hellip;","_links":{"self":[{"href":"https:\/\/rms-enlinea.com.ar\/tienda\/wp-json\/wp\/v2\/product\/21666","targetHints":{"allow":["GET"]}}],"collection":[{"href":"https:\/\/rms-enlinea.com.ar\/tienda\/wp-json\/wp\/v2\/product"}],"about":[{"href":"https:\/\/rms-enlinea.com.ar\/tienda\/wp-json\/wp\/v2\/types\/product"}],"replies":[{"embeddable":true,"href":"https:\/\/rms-enlinea.com.ar\/tienda\/wp-json\/wp\/v2\/comments?post=21666"}],"wp:featuredmedia":[{"embeddable":true,"href":"https:\/\/rms-enlinea.com.ar\/tienda\/wp-json\/wp\/v2\/media\/21667"}],"wp:attachment":[{"href":"https:\/\/rms-enlinea.com.ar\/tienda\/wp-json\/wp\/v2\/media?parent=21666"}],"wp:term":[{"taxonomy":"product_brand","embeddable":true,"href":"https:\/\/rms-enlinea.com.ar\/tienda\/wp-json\/wp\/v2\/product_brand?post=21666"},{"taxonomy":"product_cat","embeddable":true,"href":"https:\/\/rms-enlinea.com.ar\/tienda\/wp-json\/wp\/v2\/product_cat?post=21666"},{"taxonomy":"product_tag","embeddable":true,"href":"https:\/\/rms-enlinea.com.ar\/tienda\/wp-json\/wp\/v2\/product_tag?post=21666"}],"curies":[{"name":"wp","href":"https:\/\/api.w.org\/{rel}","templated":true}]}}