{"id":21685,"date":"2025-06-12T09:28:35","date_gmt":"2025-06-12T12:28:35","guid":{"rendered":"https:\/\/rms-enlinea.com.ar\/tienda\/producto\/teclado-gamer-inalalmbrico-logitech-g915-tkl-rgb-2\/"},"modified":"2026-03-31T18:26:59","modified_gmt":"2026-03-31T21:26:59","slug":"teclado-gamer-inalalmbrico-logitech-g915-tkl-rgb-2","status":"publish","type":"product","link":"https:\/\/rms-enlinea.com.ar\/tienda\/producto\/teclado-gamer-inalalmbrico-logitech-g915-tkl-rgb-2\/","title":{"rendered":"Teclado Gamer Inalalmbrico Logitech G915 Tkl Rgb"},"content":{"rendered":"<p>Dimensiones<br \/>ESPECIFICACIONES F\u00cdSICAS<br \/>Largo: 368 mm<br \/>Ancho: 150 mm<br \/>Altura: 22 mm<br \/>Peso: 810 g<br \/>Longitud del cable: 1.8 m<br \/>Especificaciones t\u00e9cnicas<br \/>Interruptores de teclas Logitech GL T\u00e1ctil de perfil bajo:<br \/>Distancia de actuaci\u00f3n: 1,5 mm<br \/>Fuerza de actuaci\u00f3n: 50 g<br \/>Recorrido total: 2,7 mm<br \/>Duraci\u00f3n de bater\u00edas<br \/>40 horas (brillo 100%)<br \/>Memoria integrada<br \/>Dos perfiles de iluminaci\u00f3n<br \/>Tres perfiles de macros<br \/>Otras funciones<br \/>Tecnolog\u00eda inal\u00e1mbrica LIGHTSPEED<br \/>Bluetooth<br \/>RGB LIGHTSYNC, iluminaci\u00f3n por tecla<br \/>Control multimedia espec\u00edfico y rueda de volumen sin bordes<\/p>\n","protected":false},"excerpt":{"rendered":"<p>DimensionesESPECIFICACIONES F\u00cdSICASLargo: 368 mmAncho: 150 mmAltura: 22 mmPeso: 810 gLongitud del cable: 1.8 mEspecificaciones t\u00e9cnicasInterruptores de teclas Logitech GL T\u00e1ctil de perfil bajo:Distancia de actuaci\u00f3n: 1,5 mmFuerza de actuaci\u00f3n: 50 gRecorrido total: 2,7 mmDuraci\u00f3n de bater\u00edas40 horas (brillo 100%)Memoria integradaDos perfiles de iluminaci\u00f3nTres perfiles de macrosOtras funcionesTecnolog\u00eda inal\u00e1mbrica LIGHTSPEEDBluetoothRGB LIGHTSYNC, iluminaci\u00f3n por teclaControl multimedia espec\u00edfico [&hellip;]<\/p>\n","protected":false},"featured_media":21686,"comment_status":"open","ping_status":"closed","template":"","meta":{"_uag_custom_page_level_css":""},"product_brand":[549],"product_cat":[125],"product_tag":[],"class_list":{"0":"post-21685","1":"product","2":"type-product","3":"status-publish","4":"has-post-thumbnail","6":"product_brand-logitech","7":"product_cat-teclados-y-mouses","9":"first","10":"outofstock","11":"sale","12":"taxable","13":"shipping-taxable","14":"purchasable","15":"product-type-simple"},"uagb_featured_image_src":{"full":["https:\/\/rms-enlinea.com.ar\/wp-content\/uploads\/2025\/06\/D_818276-MLA81903688813_012025-F.jpg",740,301,false],"thumbnail":["https:\/\/rms-enlinea.com.ar\/wp-content\/uploads\/2025\/06\/D_818276-MLA81903688813_012025-F-150x150.jpg",150,150,true],"medium":["https:\/\/rms-enlinea.com.ar\/wp-content\/uploads\/2025\/06\/D_818276-MLA81903688813_012025-F-300x122.jpg",300,122,true],"medium_large":["https:\/\/rms-enlinea.com.ar\/wp-content\/uploads\/2025\/06\/D_818276-MLA81903688813_012025-F.jpg",740,301,false],"large":["https:\/\/rms-enlinea.com.ar\/wp-content\/uploads\/2025\/06\/D_818276-MLA81903688813_012025-F.jpg",740,301,false],"1536x1536":["https:\/\/rms-enlinea.com.ar\/wp-content\/uploads\/2025\/06\/D_818276-MLA81903688813_012025-F.jpg",740,301,false],"2048x2048":["https:\/\/rms-enlinea.com.ar\/wp-content\/uploads\/2025\/06\/D_818276-MLA81903688813_012025-F.jpg",740,301,false],"woocommerce_thumbnail":["https:\/\/rms-enlinea.com.ar\/wp-content\/uploads\/2025\/06\/D_818276-MLA81903688813_012025-F-450x301.jpg",450,301,true],"woocommerce_single":["https:\/\/rms-enlinea.com.ar\/wp-content\/uploads\/2025\/06\/D_818276-MLA81903688813_012025-F-600x244.jpg",600,244,true],"woocommerce_gallery_thumbnail":["https:\/\/rms-enlinea.com.ar\/wp-content\/uploads\/2025\/06\/D_818276-MLA81903688813_012025-F-100x100.jpg",100,100,true]},"uagb_author_info":{"display_name":"l0071054","author_link":"https:\/\/rms-enlinea.com.ar\/tienda\/author\/"},"uagb_comment_info":0,"uagb_excerpt":"DimensionesESPECIFICACIONES F\u00cdSICASLargo: 368 mmAncho: 150 mmAltura: 22 mmPeso: 810 gLongitud del cable: 1.8 mEspecificaciones t\u00e9cnicasInterruptores de teclas Logitech GL T\u00e1ctil de perfil bajo:Distancia de actuaci\u00f3n: 1,5 mmFuerza de actuaci\u00f3n: 50 gRecorrido total: 2,7 mmDuraci\u00f3n de bater\u00edas40 horas (brillo 100%)Memoria integradaDos perfiles de iluminaci\u00f3nTres perfiles de macrosOtras funcionesTecnolog\u00eda inal\u00e1mbrica LIGHTSPEEDBluetoothRGB LIGHTSYNC, iluminaci\u00f3n por teclaControl multimedia espec\u00edfico&hellip;","_links":{"self":[{"href":"https:\/\/rms-enlinea.com.ar\/tienda\/wp-json\/wp\/v2\/product\/21685","targetHints":{"allow":["GET"]}}],"collection":[{"href":"https:\/\/rms-enlinea.com.ar\/tienda\/wp-json\/wp\/v2\/product"}],"about":[{"href":"https:\/\/rms-enlinea.com.ar\/tienda\/wp-json\/wp\/v2\/types\/product"}],"replies":[{"embeddable":true,"href":"https:\/\/rms-enlinea.com.ar\/tienda\/wp-json\/wp\/v2\/comments?post=21685"}],"wp:featuredmedia":[{"embeddable":true,"href":"https:\/\/rms-enlinea.com.ar\/tienda\/wp-json\/wp\/v2\/media\/21686"}],"wp:attachment":[{"href":"https:\/\/rms-enlinea.com.ar\/tienda\/wp-json\/wp\/v2\/media?parent=21685"}],"wp:term":[{"taxonomy":"product_brand","embeddable":true,"href":"https:\/\/rms-enlinea.com.ar\/tienda\/wp-json\/wp\/v2\/product_brand?post=21685"},{"taxonomy":"product_cat","embeddable":true,"href":"https:\/\/rms-enlinea.com.ar\/tienda\/wp-json\/wp\/v2\/product_cat?post=21685"},{"taxonomy":"product_tag","embeddable":true,"href":"https:\/\/rms-enlinea.com.ar\/tienda\/wp-json\/wp\/v2\/product_tag?post=21685"}],"curies":[{"name":"wp","href":"https:\/\/api.w.org\/{rel}","templated":true}]}}