{"id":21717,"date":"2025-06-12T09:29:09","date_gmt":"2025-06-12T12:29:09","guid":{"rendered":"https:\/\/rms-enlinea.com.ar\/tienda\/producto\/teclado-inalambrico-logitech-k780-gris-esp-bluetooth\/"},"modified":"2026-03-25T22:10:17","modified_gmt":"2026-03-26T01:10:17","slug":"teclado-inalambrico-logitech-k780-gris-esp-bluetooth","status":"publish","type":"product","link":"https:\/\/rms-enlinea.com.ar\/tienda\/producto\/teclado-inalambrico-logitech-k780-gris-esp-bluetooth\/","title":{"rendered":"Teclado Inalambrico Logitech K780 Gris Esp Bluetooth"},"content":{"rendered":"<p>DIMENSIONES<br \/>Altura: 158 mm<\/p>\n<p>Ancho: 380 mm<\/p>\n<p>Profundidad: 8 mm (frontal), 22 mm (posterior)<\/p>\n<p>Peso: 875 g<\/p>\n<p>REQUISITOS DEL SISTEMA<br \/>Requisitos<\/p>\n<p>Computadoras, tel\u00e9fonos y tablets compatibles con teclados externos<br \/>Receptor Logitech Unifying<\/p>\n<p>Requiere: puerto USB disponible<br \/>Windows \u00ae 10,11 o posterior<br \/>macOS 10.14 o posterior<br \/>Chrome OS<br \/>Bluetooth<\/p>\n<p>Requiere: Requiere dispositivo apto para Bluetooth Smart compatible con teclado (perfil HID).<br \/>Windows 10,11 o posterior<br \/>macOS 10.15 o posterior<br \/>Chrome OS<br \/>iOS 11 o posterior<br \/>iPadOS 13.4 o posterior<br \/>Android\u2122 7 o posterior<br \/>ESPECIFICACIONES T\u00c9CNICAS<br \/>Tipo de conexi\u00f3n<\/p>\n<p>Logitech Unifying protocol (2.4 GHz)<br \/>Tecnolog\u00eda Bluetooth Smart<br \/>Radio de acci\u00f3n inal\u00e1mbrico: Alcance inal\u00e1mbrico de >10 m<br \/>Software opcional<\/p>\n<p>Logitech Options para Mac: iOS 10.14 o posteriores<br \/>Logitech Options para Windows: 10 o posteriores<br \/>Logitech Flow\u2122<br \/>Indicadores luminosos (LED)<\/p>\n<p>3 LED de canales Bluetooth<br \/>Indicador luminoso de carga<br \/>Bater\u00eda<\/p>\n<p>Bater\u00edas: 2 AAA (incluidas)<br \/>Bater\u00eda: 24 meses<br \/>Botones\/Teclas especiales<\/p>\n<p>Teclas de acceso r\u00e1pido (p. ej. Inicio, B\u00fasqueda, Atr\u00e1s, Cambio de aplicaciones y Men\u00fa contextual), Easy-Switch<br \/>Conexi\u00f3n\/alimentaci\u00f3n: iPad mini (5. sukupolvi)<br \/>Duraci\u00f3n de las teclas<\/p>\n<p>Hasta 10 millones de pulsaciones<\/p>\n","protected":false},"excerpt":{"rendered":"<p>DIMENSIONESAltura: 158 mm Ancho: 380 mm Profundidad: 8 mm (frontal), 22 mm (posterior) Peso: 875 g REQUISITOS DEL SISTEMARequisitos Computadoras, tel\u00e9fonos y tablets compatibles con teclados externosReceptor Logitech Unifying Requiere: puerto USB disponibleWindows \u00ae 10,11 o posteriormacOS 10.14 o posteriorChrome OSBluetooth Requiere: Requiere dispositivo apto para Bluetooth Smart compatible con teclado (perfil HID).Windows 10,11 o [&hellip;]<\/p>\n","protected":false},"featured_media":21718,"comment_status":"open","ping_status":"closed","template":"","meta":{"_uag_custom_page_level_css":""},"product_brand":[549],"product_cat":[125],"product_tag":[],"class_list":{"0":"post-21717","1":"product","2":"type-product","3":"status-publish","4":"has-post-thumbnail","6":"product_brand-logitech","7":"product_cat-teclados-y-mouses","9":"first","10":"outofstock","11":"sale","12":"taxable","13":"shipping-taxable","14":"purchasable","15":"product-type-simple"},"uagb_featured_image_src":{"full":["https:\/\/rms-enlinea.com.ar\/wp-content\/uploads\/2025\/06\/D_983316-MLU74116094516_012024-F.jpg",1118,455,false],"thumbnail":["https:\/\/rms-enlinea.com.ar\/wp-content\/uploads\/2025\/06\/D_983316-MLU74116094516_012024-F-150x150.jpg",150,150,true],"medium":["https:\/\/rms-enlinea.com.ar\/wp-content\/uploads\/2025\/06\/D_983316-MLU74116094516_012024-F-300x122.jpg",300,122,true],"medium_large":["https:\/\/rms-enlinea.com.ar\/wp-content\/uploads\/2025\/06\/D_983316-MLU74116094516_012024-F-768x313.jpg",768,313,true],"large":["https:\/\/rms-enlinea.com.ar\/wp-content\/uploads\/2025\/06\/D_983316-MLU74116094516_012024-F-1024x417.jpg",1024,417,true],"1536x1536":["https:\/\/rms-enlinea.com.ar\/wp-content\/uploads\/2025\/06\/D_983316-MLU74116094516_012024-F.jpg",1118,455,false],"2048x2048":["https:\/\/rms-enlinea.com.ar\/wp-content\/uploads\/2025\/06\/D_983316-MLU74116094516_012024-F.jpg",1118,455,false],"woocommerce_thumbnail":["https:\/\/rms-enlinea.com.ar\/wp-content\/uploads\/2025\/06\/D_983316-MLU74116094516_012024-F-450x450.jpg",450,450,true],"woocommerce_single":["https:\/\/rms-enlinea.com.ar\/wp-content\/uploads\/2025\/06\/D_983316-MLU74116094516_012024-F-600x244.jpg",600,244,true],"woocommerce_gallery_thumbnail":["https:\/\/rms-enlinea.com.ar\/wp-content\/uploads\/2025\/06\/D_983316-MLU74116094516_012024-F-100x100.jpg",100,100,true]},"uagb_author_info":{"display_name":"l0071054","author_link":"https:\/\/rms-enlinea.com.ar\/tienda\/author\/"},"uagb_comment_info":0,"uagb_excerpt":"DIMENSIONESAltura: 158 mm Ancho: 380 mm Profundidad: 8 mm (frontal), 22 mm (posterior) Peso: 875 g REQUISITOS DEL SISTEMARequisitos Computadoras, tel\u00e9fonos y tablets compatibles con teclados externosReceptor Logitech Unifying Requiere: puerto USB disponibleWindows \u00ae 10,11 o posteriormacOS 10.14 o posteriorChrome OSBluetooth Requiere: Requiere dispositivo apto para Bluetooth Smart compatible con teclado (perfil HID).Windows 10,11 o&hellip;","_links":{"self":[{"href":"https:\/\/rms-enlinea.com.ar\/tienda\/wp-json\/wp\/v2\/product\/21717","targetHints":{"allow":["GET"]}}],"collection":[{"href":"https:\/\/rms-enlinea.com.ar\/tienda\/wp-json\/wp\/v2\/product"}],"about":[{"href":"https:\/\/rms-enlinea.com.ar\/tienda\/wp-json\/wp\/v2\/types\/product"}],"replies":[{"embeddable":true,"href":"https:\/\/rms-enlinea.com.ar\/tienda\/wp-json\/wp\/v2\/comments?post=21717"}],"wp:featuredmedia":[{"embeddable":true,"href":"https:\/\/rms-enlinea.com.ar\/tienda\/wp-json\/wp\/v2\/media\/21718"}],"wp:attachment":[{"href":"https:\/\/rms-enlinea.com.ar\/tienda\/wp-json\/wp\/v2\/media?parent=21717"}],"wp:term":[{"taxonomy":"product_brand","embeddable":true,"href":"https:\/\/rms-enlinea.com.ar\/tienda\/wp-json\/wp\/v2\/product_brand?post=21717"},{"taxonomy":"product_cat","embeddable":true,"href":"https:\/\/rms-enlinea.com.ar\/tienda\/wp-json\/wp\/v2\/product_cat?post=21717"},{"taxonomy":"product_tag","embeddable":true,"href":"https:\/\/rms-enlinea.com.ar\/tienda\/wp-json\/wp\/v2\/product_tag?post=21717"}],"curies":[{"name":"wp","href":"https:\/\/api.w.org\/{rel}","templated":true}]}}