{"id":21736,"date":"2025-06-12T09:29:31","date_gmt":"2025-06-12T12:29:31","guid":{"rendered":"https:\/\/rms-enlinea.com.ar\/tienda\/producto\/mouse-gamer-logitech-g502-inalambrico-lightspeed-16000-dpi\/"},"modified":"2026-04-16T12:00:24","modified_gmt":"2026-04-16T15:00:24","slug":"mouse-gamer-logitech-g502-inalambrico-lightspeed-16000-dpi","status":"publish","type":"product","link":"https:\/\/rms-enlinea.com.ar\/tienda\/producto\/mouse-gamer-logitech-g502-inalambrico-lightspeed-16000-dpi\/","title":{"rendered":"Mouse Gamer Logitech G502 Inalambrico Lightspeed 16000 Dpi"},"content":{"rendered":"<p>ESPECIFICACIONES F\u00cdSICAS<br \/>Altura: 132 mm<br \/>Anchura: 75 mm<br \/>Profundidad: 40 mm<br \/>Peso: 114 g, s\u00f3lo mouse<br \/>Pesas adicionales opcionales: hasta 16 g<br \/>SEGUIMIENTO<br \/>Sensor: HERO\u2122<br \/>Resoluci\u00f3n: 100 \u2013 16.000 dpi<br \/>Sin suavizado\/aceleraci\u00f3n\/filtros<br \/>Aceleraci\u00f3n m\u00e1x.: >40 G1Pruebas realizadas sobre alfombrilla de mouse Logitech G240 para juegos<br \/>Velocidad m\u00e1x.: >400 IPS2Pruebas realizadas sobre alfombrilla de mouse Logitech G240 para juegos<br \/>RESPUESTA<br \/>Formato de datos USB: 16 bits\/eje<br \/>Velocidad de respuesta USB: 1.000 Hz (1 ms)<br \/>Velocidad de respuesta inal\u00e1mbrica: 1.000 Hz (1 ms)<br \/>Tecnolog\u00eda inal\u00e1mbrica: Tecnolog\u00eda inal\u00e1mbrica LIGHTSPEED<br \/>Microprocesador: ARM de 32 bits<br \/>DURABILIDAD<br \/>Pies de PTFE: Recorrido de 250 km3Pruebas realizadas sobre alfombrilla de mouse Logitech G240 para juegos<br \/>DURACI\u00d3N DE LA BATER\u00cdA (USO CONTINUADO)4PRUEBAS REALIZADAS SOBRE ALFOMBRILLA DE MOUSE LOGITECH G240 PARA JUEGOS<br \/>Iluminaci\u00f3n predeterminada: hasta 48 horas<br \/>Sin iluminaci\u00f3n: hasta 60 horas<br \/>Una carga de 5 minutos en USB 2.0 proporciona 2,5 horas de juego<br \/>OTRAS FUNCIONES<br \/>Compatible con POWERPLAY<br \/>Memoria integrada<br \/>RGB LIGHTSYNC: 2 zonas<br \/>Sistema mec\u00e1nico de tensi\u00f3n de botones<br \/>Mechanical Button Tensioning System<\/p>\n","protected":false},"excerpt":{"rendered":"<p>ESPECIFICACIONES F\u00cdSICASAltura: 132 mmAnchura: 75 mmProfundidad: 40 mmPeso: 114 g, s\u00f3lo mousePesas adicionales opcionales: hasta 16 gSEGUIMIENTOSensor: HERO\u2122Resoluci\u00f3n: 100 \u2013 16.000 dpiSin suavizado\/aceleraci\u00f3n\/filtrosAceleraci\u00f3n m\u00e1x.: >40 G1Pruebas realizadas sobre alfombrilla de mouse Logitech G240 para juegosVelocidad m\u00e1x.: >400 IPS2Pruebas realizadas sobre alfombrilla de mouse Logitech G240 para juegosRESPUESTAFormato de datos USB: 16 bits\/ejeVelocidad de respuesta USB: [&hellip;]<\/p>\n","protected":false},"featured_media":21737,"comment_status":"open","ping_status":"closed","template":"","meta":{"_uag_custom_page_level_css":""},"product_brand":[549],"product_cat":[125],"product_tag":[],"class_list":{"0":"post-21736","1":"product","2":"type-product","3":"status-publish","4":"has-post-thumbnail","6":"product_brand-logitech","7":"product_cat-teclados-y-mouses","9":"first","10":"outofstock","11":"sale","12":"taxable","13":"shipping-taxable","14":"purchasable","15":"product-type-simple"},"uagb_featured_image_src":{"full":["https:\/\/rms-enlinea.com.ar\/wp-content\/uploads\/2025\/06\/D_886860-MLA76359797670_052024-F.jpg",311,544,false],"thumbnail":["https:\/\/rms-enlinea.com.ar\/wp-content\/uploads\/2025\/06\/D_886860-MLA76359797670_052024-F-150x150.jpg",150,150,true],"medium":["https:\/\/rms-enlinea.com.ar\/wp-content\/uploads\/2025\/06\/D_886860-MLA76359797670_052024-F-172x300.jpg",172,300,true],"medium_large":["https:\/\/rms-enlinea.com.ar\/wp-content\/uploads\/2025\/06\/D_886860-MLA76359797670_052024-F.jpg",311,544,false],"large":["https:\/\/rms-enlinea.com.ar\/wp-content\/uploads\/2025\/06\/D_886860-MLA76359797670_052024-F.jpg",311,544,false],"1536x1536":["https:\/\/rms-enlinea.com.ar\/wp-content\/uploads\/2025\/06\/D_886860-MLA76359797670_052024-F.jpg",311,544,false],"2048x2048":["https:\/\/rms-enlinea.com.ar\/wp-content\/uploads\/2025\/06\/D_886860-MLA76359797670_052024-F.jpg",311,544,false],"woocommerce_thumbnail":["https:\/\/rms-enlinea.com.ar\/wp-content\/uploads\/2025\/06\/D_886860-MLA76359797670_052024-F-311x450.jpg",311,450,true],"woocommerce_single":["https:\/\/rms-enlinea.com.ar\/wp-content\/uploads\/2025\/06\/D_886860-MLA76359797670_052024-F.jpg",311,544,false],"woocommerce_gallery_thumbnail":["https:\/\/rms-enlinea.com.ar\/wp-content\/uploads\/2025\/06\/D_886860-MLA76359797670_052024-F-100x100.jpg",100,100,true]},"uagb_author_info":{"display_name":"l0071054","author_link":"https:\/\/rms-enlinea.com.ar\/tienda\/author\/"},"uagb_comment_info":0,"uagb_excerpt":"ESPECIFICACIONES F\u00cdSICASAltura: 132 mmAnchura: 75 mmProfundidad: 40 mmPeso: 114 g, s\u00f3lo mousePesas adicionales opcionales: hasta 16 gSEGUIMIENTOSensor: HERO\u2122Resoluci\u00f3n: 100 \u2013 16.000 dpiSin suavizado\/aceleraci\u00f3n\/filtrosAceleraci\u00f3n m\u00e1x.: >40 G1Pruebas realizadas sobre alfombrilla de mouse Logitech G240 para juegosVelocidad m\u00e1x.: >400 IPS2Pruebas realizadas sobre alfombrilla de mouse Logitech G240 para juegosRESPUESTAFormato de datos USB: 16 bits\/ejeVelocidad de respuesta USB:&hellip;","_links":{"self":[{"href":"https:\/\/rms-enlinea.com.ar\/tienda\/wp-json\/wp\/v2\/product\/21736","targetHints":{"allow":["GET"]}}],"collection":[{"href":"https:\/\/rms-enlinea.com.ar\/tienda\/wp-json\/wp\/v2\/product"}],"about":[{"href":"https:\/\/rms-enlinea.com.ar\/tienda\/wp-json\/wp\/v2\/types\/product"}],"replies":[{"embeddable":true,"href":"https:\/\/rms-enlinea.com.ar\/tienda\/wp-json\/wp\/v2\/comments?post=21736"}],"wp:featuredmedia":[{"embeddable":true,"href":"https:\/\/rms-enlinea.com.ar\/tienda\/wp-json\/wp\/v2\/media\/21737"}],"wp:attachment":[{"href":"https:\/\/rms-enlinea.com.ar\/tienda\/wp-json\/wp\/v2\/media?parent=21736"}],"wp:term":[{"taxonomy":"product_brand","embeddable":true,"href":"https:\/\/rms-enlinea.com.ar\/tienda\/wp-json\/wp\/v2\/product_brand?post=21736"},{"taxonomy":"product_cat","embeddable":true,"href":"https:\/\/rms-enlinea.com.ar\/tienda\/wp-json\/wp\/v2\/product_cat?post=21736"},{"taxonomy":"product_tag","embeddable":true,"href":"https:\/\/rms-enlinea.com.ar\/tienda\/wp-json\/wp\/v2\/product_tag?post=21736"}],"curies":[{"name":"wp","href":"https:\/\/api.w.org\/{rel}","templated":true}]}}