{"id":22005,"date":"2025-06-12T09:35:46","date_gmt":"2025-06-12T12:35:46","guid":{"rendered":"https:\/\/rms-enlinea.com.ar\/tienda\/producto\/notebook-lenovo-ip-slim-3-15abr8-15-6-r7-5825u-16gb-512gb\/"},"modified":"2026-05-04T09:57:50","modified_gmt":"2026-05-04T12:57:50","slug":"notebook-lenovo-ip-slim-3-15abr8-15-6-r7-5825u-16gb-512gb","status":"publish","type":"product","link":"https:\/\/rms-enlinea.com.ar\/tienda\/producto\/notebook-lenovo-ip-slim-3-15abr8-15-6-r7-5825u-16gb-512gb\/","title":{"rendered":"Notebook Lenovo Ip Slim 3 15abr8 15.6 R7 5825u 16gb 512gb"},"content":{"rendered":"<p>RENDIMIENTO (PERFORMANCE)<br \/>Procesador\tAMD Ryzen\u2122 7 5825U (8 n\u00facleos \/ 16 hilos, 2.0 &#8211; 4.5 GHz, 4MB L2 \/ 16MB L3)<br \/>Gr\u00e1ficos\tGr\u00e1ficos integrados AMD Radeon\u2122<br \/>Chipset\tPlataforma AMD SoC<br \/>Memoria\t16 GB DDR4-3200 soldada<br \/>Ranuras de memoria\tMemoria soldada, sin ranuras, doble canal (para modelos de 12 o 16 GB)<br \/>Memoria m\u00e1xima\t16 GB soldada (no ampliable)<br \/>Almacenamiento\tSSD de 512 GB M.2 2242 PCIe\u00ae 4.0&#215;4 NVMe\u00ae<br \/>Compatibilidad\tUna unidad M.2 2242 SSD de hasta 1 TB<br \/>Ranura de almacenamiento\tUna ranura M.2 PCIe\u00ae 3.0 x4<br \/>Lector de tarjetas\tLector de tarjetas SD<br \/>Unidad \u00f3ptica\tNo disponible<br \/>Chip de audio\tAudio de alta definici\u00f3n (HD)<br \/>Altavoces\tEst\u00e9reo orientados al usuario, 2x 1.5 W, con Dolby Audio\u2122<br \/>C\u00e1mara\tFHD 1080p con obturador de privacidad<br \/>Micr\u00f3fono\tDoble micr\u00f3fono en arreglo<br \/>Bater\u00eda\t47 Wh<br \/>Adaptador de corriente\t65 W, con conector redondo de 3 pines<br \/>DISE\u00d1O (DESIGN)<br \/>Pantalla\t15.6&#8243; FHD (1920&#215;1080) TN, 250 nits, antirreflejo<br \/>Pantalla t\u00e1ctil\tNo<br \/>Teclado\tSin retroiluminaci\u00f3n, distribuci\u00f3n en espa\u00f1ol (Latinoam\u00e9rica)<br \/>Touchpad\tSuperficie Mylar\u00ae sin botones, multit\u00e1ctil, compatible con PTP, 69 x 104 mm<br \/>Color del chasis\tAzul abismo (Abyss Blue)<br \/>Tratamiento superficial\tIMR (Decoraci\u00f3n por rodillo moldeado)<br \/>Material del chasis\tPC-ABS (superior e inferior)<br \/>L\u00e1piz digital\tNo compatible<br \/>Dimensiones (An\u00d7Pr\u00d7Al)\t359.3 x 235 x 17.9 mm (14.15 x 9.25 x 0.70 pulgadas)<br \/>Peso\tDesde 1.62 kg (3.57 libras)<br \/> SOFTWARE<br \/>Sistema operativo\tWindows\u00ae 11 Home Single Language, Espa\u00f1ol<br \/>Software incluido\tVersi\u00f3n de prueba de Microsoft Office<br \/> CONECTIVIDAD<br \/>Wi-Fi + Bluetooth\tWi-Fi\u00ae 6 (802.11ax) 2&#215;2 + Bluetooth 5.2<br \/>WWAN\tNo compatible<br \/>Ethernet\tNo incluye puerto Ethernet<br \/>Puertos est\u00e1ndar\t2x USB 3.2 Gen 1<br \/> \t1x USB-C 3.2 Gen 1 (datos, carga y DisplayPort 1.2)<br \/> \t1x HDMI 1.4<br \/> \t1x Jack combinado 3.5 mm<br \/> \t1x Lector de tarjetas<br \/> \t1x Conector de alimentaci\u00f3n<br \/>SEGURIDAD Y PRIVACIDAD<br \/>Chip de seguridad\tTPM 2.0 por firmware activado<br \/>Lector de huellas\tNo<br \/>Otras caracter\u00edsticas\tObturador de privacidad en la c\u00e1mara<br \/> SERVICIO<br \/>Garant\u00eda base\t1 a\u00f1o, por mensajer\u00eda o atenci\u00f3n en centro autorizado<br \/>Actualizaciones incluidas\tNinguna<br \/>ACCESORIOS<br \/>Accesorios incluidos\tNinguno<br \/> CERTIFICACIONES<br \/>Ecol\u00f3gicas\tENERGY STAR\u00ae 8.0<br \/> \tEPEAT\u2122 Silver<br \/> \tErP Lot 6\/26<br \/> \tCompatible con RoHS<br \/>Otras certificaciones\tT\u00dcV Rheinland\u00ae (Baja luz azul &#8211; soluci\u00f3n por software)<br \/>Pruebas militares\tCumple est\u00e1ndar MIL-STD-810H (21 pruebas)<br \/> INFORMACI\u00d3N DEL MODELO<br \/>Modelo\t82XM00M8AR<br \/>Regi\u00f3n\tArgentina<br \/>M\u00e1s vendido\tS\u00ed<br \/>EAN \/ UPC \/ JAN\t1,98156E+11<br \/>Fecha de anuncio\t21 de noviembre de 2024<br \/>Fin de soporte\t28 de febrero de 2029<\/p>\n","protected":false},"excerpt":{"rendered":"<p>RENDIMIENTO (PERFORMANCE)Procesador AMD Ryzen\u2122 7 5825U (8 n\u00facleos \/ 16 hilos, 2.0 &#8211; 4.5 GHz, 4MB L2 \/ 16MB L3)Gr\u00e1ficos Gr\u00e1ficos integrados AMD Radeon\u2122Chipset Plataforma AMD SoCMemoria 16 GB DDR4-3200 soldadaRanuras de memoria Memoria soldada, sin ranuras, doble canal (para modelos de 12 o 16 GB)Memoria m\u00e1xima 16 GB soldada (no ampliable)Almacenamiento SSD de 512 [&hellip;]<\/p>\n","protected":false},"featured_media":22006,"comment_status":"open","ping_status":"closed","template":"","meta":{"_uag_custom_page_level_css":""},"product_brand":[552,558],"product_cat":[116],"product_tag":[],"class_list":{"0":"post-22005","1":"product","2":"type-product","3":"status-publish","4":"has-post-thumbnail","6":"product_brand-hp","7":"product_brand-lenovo","8":"product_cat-notebooks-y-tablet","10":"first","11":"outofstock","12":"sale","13":"taxable","14":"shipping-taxable","15":"purchasable","16":"product-type-simple"},"uagb_featured_image_src":{"full":["https:\/\/rms-enlinea.com.ar\/wp-content\/uploads\/2025\/06\/D_871650-MLA85397995171_052025-F.jpg",894,692,false],"thumbnail":["https:\/\/rms-enlinea.com.ar\/wp-content\/uploads\/2025\/06\/D_871650-MLA85397995171_052025-F-150x150.jpg",150,150,true],"medium":["https:\/\/rms-enlinea.com.ar\/wp-content\/uploads\/2025\/06\/D_871650-MLA85397995171_052025-F-300x232.jpg",300,232,true],"medium_large":["https:\/\/rms-enlinea.com.ar\/wp-content\/uploads\/2025\/06\/D_871650-MLA85397995171_052025-F-768x594.jpg",768,594,true],"large":["https:\/\/rms-enlinea.com.ar\/wp-content\/uploads\/2025\/06\/D_871650-MLA85397995171_052025-F.jpg",894,692,false],"1536x1536":["https:\/\/rms-enlinea.com.ar\/wp-content\/uploads\/2025\/06\/D_871650-MLA85397995171_052025-F.jpg",894,692,false],"2048x2048":["https:\/\/rms-enlinea.com.ar\/wp-content\/uploads\/2025\/06\/D_871650-MLA85397995171_052025-F.jpg",894,692,false],"woocommerce_thumbnail":["https:\/\/rms-enlinea.com.ar\/wp-content\/uploads\/2025\/06\/D_871650-MLA85397995171_052025-F-450x450.jpg",450,450,true],"woocommerce_single":["https:\/\/rms-enlinea.com.ar\/wp-content\/uploads\/2025\/06\/D_871650-MLA85397995171_052025-F-600x464.jpg",600,464,true],"woocommerce_gallery_thumbnail":["https:\/\/rms-enlinea.com.ar\/wp-content\/uploads\/2025\/06\/D_871650-MLA85397995171_052025-F-100x100.jpg",100,100,true]},"uagb_author_info":{"display_name":"l0071054","author_link":"https:\/\/rms-enlinea.com.ar\/tienda\/author\/"},"uagb_comment_info":0,"uagb_excerpt":"RENDIMIENTO (PERFORMANCE)Procesador AMD Ryzen\u2122 7 5825U (8 n\u00facleos \/ 16 hilos, 2.0 &#8211; 4.5 GHz, 4MB L2 \/ 16MB L3)Gr\u00e1ficos Gr\u00e1ficos integrados AMD Radeon\u2122Chipset Plataforma AMD SoCMemoria 16 GB DDR4-3200 soldadaRanuras de memoria Memoria soldada, sin ranuras, doble canal (para modelos de 12 o 16 GB)Memoria m\u00e1xima 16 GB soldada (no ampliable)Almacenamiento SSD de 512&hellip;","_links":{"self":[{"href":"https:\/\/rms-enlinea.com.ar\/tienda\/wp-json\/wp\/v2\/product\/22005","targetHints":{"allow":["GET"]}}],"collection":[{"href":"https:\/\/rms-enlinea.com.ar\/tienda\/wp-json\/wp\/v2\/product"}],"about":[{"href":"https:\/\/rms-enlinea.com.ar\/tienda\/wp-json\/wp\/v2\/types\/product"}],"replies":[{"embeddable":true,"href":"https:\/\/rms-enlinea.com.ar\/tienda\/wp-json\/wp\/v2\/comments?post=22005"}],"wp:featuredmedia":[{"embeddable":true,"href":"https:\/\/rms-enlinea.com.ar\/tienda\/wp-json\/wp\/v2\/media\/22006"}],"wp:attachment":[{"href":"https:\/\/rms-enlinea.com.ar\/tienda\/wp-json\/wp\/v2\/media?parent=22005"}],"wp:term":[{"taxonomy":"product_brand","embeddable":true,"href":"https:\/\/rms-enlinea.com.ar\/tienda\/wp-json\/wp\/v2\/product_brand?post=22005"},{"taxonomy":"product_cat","embeddable":true,"href":"https:\/\/rms-enlinea.com.ar\/tienda\/wp-json\/wp\/v2\/product_cat?post=22005"},{"taxonomy":"product_tag","embeddable":true,"href":"https:\/\/rms-enlinea.com.ar\/tienda\/wp-json\/wp\/v2\/product_tag?post=22005"}],"curies":[{"name":"wp","href":"https:\/\/api.w.org\/{rel}","templated":true}]}}