{"id":22174,"date":"2025-06-12T09:39:07","date_gmt":"2025-06-12T12:39:07","guid":{"rendered":"https:\/\/rms-enlinea.com.ar\/tienda\/producto\/impresora-laser-hp-laserjet-m111w-wifi-simple-funcion\/"},"modified":"2026-04-21T04:18:25","modified_gmt":"2026-04-21T07:18:25","slug":"impresora-laser-hp-laserjet-m111w-wifi-simple-funcion","status":"publish","type":"product","link":"https:\/\/rms-enlinea.com.ar\/tienda\/producto\/impresora-laser-hp-laserjet-m111w-wifi-simple-funcion\/","title":{"rendered":"Impresora Laser Hp Laserjet M111w Wifi Simple Funci\u00f3n"},"content":{"rendered":"<p>La impresora l\u00e1ser HP LaserJet M111w es la soluci\u00f3n ideal para quienes buscan eficiencia y calidad en la impresi\u00f3n de documentos. Con su tecnolog\u00eda de impresi\u00f3n monocrom\u00e1tica, garantiza resultados n\u00edtidos y profesionales en cada p\u00e1gina, perfecta para entornos de trabajo o uso personal.<\/p>\n<p>Su conectividad Wi-Fi permite imprimir de manera inal\u00e1mbrica desde cualquier dispositivo compatible, facilitando el acceso a la impresi\u00f3n sin necesidad de cables. Adem\u00e1s, cuenta con un puerto USB que ofrece una opci\u00f3n adicional para aquellos que prefieren una conexi\u00f3n directa.<\/p>\n<p>Dise\u00f1ada para ser compacta y funcional, esta impresora de simple funci\u00f3n se adapta a cualquier espacio de trabajo, optimizando el uso del \u00e1rea disponible. Su eficiencia energ\u00e9tica contribuye a un menor consumo, lo que la convierte en una opci\u00f3n responsable y econ\u00f3mica.<\/p>\n<p>La HP LaserJet M111w es la elecci\u00f3n perfecta para quienes valoran la calidad, la conveniencia y la sostenibilidad en sus impresiones diarias. Con esta impresora, cada documento impreso refleja un compromiso con la excelencia y la innovaci\u00f3n tecnol\u00f3gica.<\/p>\n","protected":false},"excerpt":{"rendered":"<p>La impresora l\u00e1ser HP LaserJet M111w es la soluci\u00f3n ideal para quienes buscan eficiencia y calidad en la impresi\u00f3n de documentos. Con su tecnolog\u00eda de impresi\u00f3n monocrom\u00e1tica, garantiza resultados n\u00edtidos y profesionales en cada p\u00e1gina, perfecta para entornos de trabajo o uso personal. Su conectividad Wi-Fi permite imprimir de manera inal\u00e1mbrica desde cualquier dispositivo compatible, [&hellip;]<\/p>\n","protected":false},"featured_media":22175,"comment_status":"open","ping_status":"closed","template":"","meta":{"_uag_custom_page_level_css":""},"product_brand":[552],"product_cat":[110],"product_tag":[],"class_list":{"0":"post-22174","1":"product","2":"type-product","3":"status-publish","4":"has-post-thumbnail","6":"product_brand-hp","7":"product_cat-impresoras","9":"first","10":"outofstock","11":"sale","12":"taxable","13":"shipping-taxable","14":"purchasable","15":"product-type-simple"},"uagb_featured_image_src":{"full":["https:\/\/rms-enlinea.com.ar\/wp-content\/uploads\/2025\/06\/D_648165-MLA83468747131_042025-F.jpg",917,441,false],"thumbnail":["https:\/\/rms-enlinea.com.ar\/wp-content\/uploads\/2025\/06\/D_648165-MLA83468747131_042025-F-150x150.jpg",150,150,true],"medium":["https:\/\/rms-enlinea.com.ar\/wp-content\/uploads\/2025\/06\/D_648165-MLA83468747131_042025-F-300x144.jpg",300,144,true],"medium_large":["https:\/\/rms-enlinea.com.ar\/wp-content\/uploads\/2025\/06\/D_648165-MLA83468747131_042025-F-768x369.jpg",768,369,true],"large":["https:\/\/rms-enlinea.com.ar\/wp-content\/uploads\/2025\/06\/D_648165-MLA83468747131_042025-F.jpg",917,441,false],"1536x1536":["https:\/\/rms-enlinea.com.ar\/wp-content\/uploads\/2025\/06\/D_648165-MLA83468747131_042025-F.jpg",917,441,false],"2048x2048":["https:\/\/rms-enlinea.com.ar\/wp-content\/uploads\/2025\/06\/D_648165-MLA83468747131_042025-F.jpg",917,441,false],"woocommerce_thumbnail":["https:\/\/rms-enlinea.com.ar\/wp-content\/uploads\/2025\/06\/D_648165-MLA83468747131_042025-F-450x441.jpg",450,441,true],"woocommerce_single":["https:\/\/rms-enlinea.com.ar\/wp-content\/uploads\/2025\/06\/D_648165-MLA83468747131_042025-F-600x289.jpg",600,289,true],"woocommerce_gallery_thumbnail":["https:\/\/rms-enlinea.com.ar\/wp-content\/uploads\/2025\/06\/D_648165-MLA83468747131_042025-F-100x100.jpg",100,100,true]},"uagb_author_info":{"display_name":"l0071054","author_link":"https:\/\/rms-enlinea.com.ar\/tienda\/author\/"},"uagb_comment_info":0,"uagb_excerpt":"La impresora l\u00e1ser HP LaserJet M111w es la soluci\u00f3n ideal para quienes buscan eficiencia y calidad en la impresi\u00f3n de documentos. Con su tecnolog\u00eda de impresi\u00f3n monocrom\u00e1tica, garantiza resultados n\u00edtidos y profesionales en cada p\u00e1gina, perfecta para entornos de trabajo o uso personal. Su conectividad Wi-Fi permite imprimir de manera inal\u00e1mbrica desde cualquier dispositivo compatible,&hellip;","_links":{"self":[{"href":"https:\/\/rms-enlinea.com.ar\/tienda\/wp-json\/wp\/v2\/product\/22174","targetHints":{"allow":["GET"]}}],"collection":[{"href":"https:\/\/rms-enlinea.com.ar\/tienda\/wp-json\/wp\/v2\/product"}],"about":[{"href":"https:\/\/rms-enlinea.com.ar\/tienda\/wp-json\/wp\/v2\/types\/product"}],"replies":[{"embeddable":true,"href":"https:\/\/rms-enlinea.com.ar\/tienda\/wp-json\/wp\/v2\/comments?post=22174"}],"wp:featuredmedia":[{"embeddable":true,"href":"https:\/\/rms-enlinea.com.ar\/tienda\/wp-json\/wp\/v2\/media\/22175"}],"wp:attachment":[{"href":"https:\/\/rms-enlinea.com.ar\/tienda\/wp-json\/wp\/v2\/media?parent=22174"}],"wp:term":[{"taxonomy":"product_brand","embeddable":true,"href":"https:\/\/rms-enlinea.com.ar\/tienda\/wp-json\/wp\/v2\/product_brand?post=22174"},{"taxonomy":"product_cat","embeddable":true,"href":"https:\/\/rms-enlinea.com.ar\/tienda\/wp-json\/wp\/v2\/product_cat?post=22174"},{"taxonomy":"product_tag","embeddable":true,"href":"https:\/\/rms-enlinea.com.ar\/tienda\/wp-json\/wp\/v2\/product_tag?post=22174"}],"curies":[{"name":"wp","href":"https:\/\/api.w.org\/{rel}","templated":true}]}}