{"id":2325,"date":"2025-06-12T02:26:43","date_gmt":"2025-06-12T05:26:43","guid":{"rendered":"https:\/\/rms-enlinea.com.ar\/tienda\/producto\/monitor-27-noblex-nxsm2700-full-hd-antiglare-100hz\/"},"modified":"2026-03-31T19:59:00","modified_gmt":"2026-03-31T22:59:00","slug":"monitor-27-noblex-nxsm2700-full-hd-antiglare-100hz","status":"publish","type":"product","link":"https:\/\/rms-enlinea.com.ar\/tienda\/producto\/monitor-27-noblex-nxsm2700-full-hd-antiglare-100hz\/","title":{"rendered":"Monitor 27 Noblex Nxsm2700 Full Hd Antiglare 100hz"},"content":{"rendered":"<p>Tama\u00f1o de la pantalla<\/p>\n<p>27 &#8220;<br \/>Color<\/p>\n<p>Negro<br \/>Relaci\u00f3n de aspecto<\/p>\n<p>16:9<br \/>Brillo<\/p>\n<p>250 cd\/m\u00b2<br \/>Marca<\/p>\n<p>Noblex<br \/>Cables incluidos<\/p>\n<p>HDMI<br \/>Modelo alfanum\u00e9rico<\/p>\n<p>NXSM2700<br \/>Tipo de pantalla<\/p>\n<p>LED<br \/>Modelo detallado<\/p>\n<p>NXSM2700<br \/>Resoluci\u00f3n de la pantalla<\/p>\n<p>1920 px x 1080 px<br \/>Eficiencia energ\u00e9tica<\/p>\n<p>A++<br \/>Condici\u00f3n del \u00edtem<\/p>\n<p>Nuevo<br \/>Frecuencia m\u00e1xima de actualizaci\u00f3n<\/p>\n<p>100 Hz<br \/>Contraste<\/p>\n<p>1000:1<\/p>\n","protected":false},"excerpt":{"rendered":"<p>Tama\u00f1o de la pantalla 27 &#8220;Color NegroRelaci\u00f3n de aspecto 16:9Brillo 250 cd\/m\u00b2Marca NoblexCables incluidos HDMIModelo alfanum\u00e9rico NXSM2700Tipo de pantalla LEDModelo detallado NXSM2700Resoluci\u00f3n de la pantalla 1920 px x 1080 pxEficiencia energ\u00e9tica A++Condici\u00f3n del \u00edtem NuevoFrecuencia m\u00e1xima de actualizaci\u00f3n 100 HzContraste 1000:1<\/p>\n","protected":false},"featured_media":2326,"comment_status":"open","ping_status":"closed","template":"","meta":{"_uag_custom_page_level_css":""},"product_brand":[583],"product_cat":[114],"product_tag":[],"class_list":{"0":"post-2325","1":"product","2":"type-product","3":"status-publish","4":"has-post-thumbnail","6":"product_brand-noblex","7":"product_cat-monitores","9":"first","10":"outofstock","11":"sale","12":"taxable","13":"shipping-taxable","14":"purchasable","15":"product-type-simple"},"uagb_featured_image_src":{"full":["https:\/\/rms-enlinea.com.ar\/wp-content\/uploads\/2025\/06\/D_894109-MLA82133285119_012025-F.jpg",1200,924,false],"thumbnail":["https:\/\/rms-enlinea.com.ar\/wp-content\/uploads\/2025\/06\/D_894109-MLA82133285119_012025-F-150x150.jpg",150,150,true],"medium":["https:\/\/rms-enlinea.com.ar\/wp-content\/uploads\/2025\/06\/D_894109-MLA82133285119_012025-F-300x231.jpg",300,231,true],"medium_large":["https:\/\/rms-enlinea.com.ar\/wp-content\/uploads\/2025\/06\/D_894109-MLA82133285119_012025-F-768x591.jpg",768,591,true],"large":["https:\/\/rms-enlinea.com.ar\/wp-content\/uploads\/2025\/06\/D_894109-MLA82133285119_012025-F-1024x788.jpg",1024,788,true],"1536x1536":["https:\/\/rms-enlinea.com.ar\/wp-content\/uploads\/2025\/06\/D_894109-MLA82133285119_012025-F.jpg",1200,924,false],"2048x2048":["https:\/\/rms-enlinea.com.ar\/wp-content\/uploads\/2025\/06\/D_894109-MLA82133285119_012025-F.jpg",1200,924,false],"woocommerce_thumbnail":["https:\/\/rms-enlinea.com.ar\/wp-content\/uploads\/2025\/06\/D_894109-MLA82133285119_012025-F-450x450.jpg",450,450,true],"woocommerce_single":["https:\/\/rms-enlinea.com.ar\/wp-content\/uploads\/2025\/06\/D_894109-MLA82133285119_012025-F-600x462.jpg",600,462,true],"woocommerce_gallery_thumbnail":["https:\/\/rms-enlinea.com.ar\/wp-content\/uploads\/2025\/06\/D_894109-MLA82133285119_012025-F-100x100.jpg",100,100,true]},"uagb_author_info":{"display_name":"l0071054","author_link":"https:\/\/rms-enlinea.com.ar\/tienda\/author\/"},"uagb_comment_info":0,"uagb_excerpt":"Tama\u00f1o de la pantalla 27 &#8220;Color NegroRelaci\u00f3n de aspecto 16:9Brillo 250 cd\/m\u00b2Marca NoblexCables incluidos HDMIModelo alfanum\u00e9rico NXSM2700Tipo de pantalla LEDModelo detallado NXSM2700Resoluci\u00f3n de la pantalla 1920 px x 1080 pxEficiencia energ\u00e9tica A++Condici\u00f3n del \u00edtem NuevoFrecuencia m\u00e1xima de actualizaci\u00f3n 100 HzContraste 1000:1","_links":{"self":[{"href":"https:\/\/rms-enlinea.com.ar\/tienda\/wp-json\/wp\/v2\/product\/2325","targetHints":{"allow":["GET"]}}],"collection":[{"href":"https:\/\/rms-enlinea.com.ar\/tienda\/wp-json\/wp\/v2\/product"}],"about":[{"href":"https:\/\/rms-enlinea.com.ar\/tienda\/wp-json\/wp\/v2\/types\/product"}],"replies":[{"embeddable":true,"href":"https:\/\/rms-enlinea.com.ar\/tienda\/wp-json\/wp\/v2\/comments?post=2325"}],"wp:featuredmedia":[{"embeddable":true,"href":"https:\/\/rms-enlinea.com.ar\/tienda\/wp-json\/wp\/v2\/media\/2326"}],"wp:attachment":[{"href":"https:\/\/rms-enlinea.com.ar\/tienda\/wp-json\/wp\/v2\/media?parent=2325"}],"wp:term":[{"taxonomy":"product_brand","embeddable":true,"href":"https:\/\/rms-enlinea.com.ar\/tienda\/wp-json\/wp\/v2\/product_brand?post=2325"},{"taxonomy":"product_cat","embeddable":true,"href":"https:\/\/rms-enlinea.com.ar\/tienda\/wp-json\/wp\/v2\/product_cat?post=2325"},{"taxonomy":"product_tag","embeddable":true,"href":"https:\/\/rms-enlinea.com.ar\/tienda\/wp-json\/wp\/v2\/product_tag?post=2325"}],"curies":[{"name":"wp","href":"https:\/\/api.w.org\/{rel}","templated":true}]}}