{"id":2358,"date":"2025-06-12T02:27:30","date_gmt":"2025-06-12T05:27:30","guid":{"rendered":"https:\/\/rms-enlinea.com.ar\/tienda\/producto\/monitor-gamer-24-samsung-curvo-full-hd-100hz-ls24d366galx\/"},"modified":"2026-03-31T17:51:45","modified_gmt":"2026-03-31T20:51:45","slug":"monitor-gamer-24-samsung-curvo-full-hd-100hz-ls24d366galx","status":"publish","type":"product","link":"https:\/\/rms-enlinea.com.ar\/tienda\/producto\/monitor-gamer-24-samsung-curvo-full-hd-100hz-ls24d366galx\/","title":{"rendered":"Monitor Gamer 24 Samsung Curvo Full Hd 100hz Ls24d366galx"},"content":{"rendered":"<p>El Monitor Gamer Curvo Full HD Samsung de 24 pulgadas, modelo LS24D366GALXZB, es la elecci\u00f3n perfecta para los entusiastas de los videojuegos que buscan una experiencia inmersiva. Su pantalla curva no solo mejora la est\u00e9tica de tu configuraci\u00f3n, sino que tambi\u00e9n ofrece un mayor campo de visi\u00f3n, permitiendo que cada partida sea m\u00e1s intensa y cautivadora.<\/p>\n<p>Con una resoluci\u00f3n de 1920 x 1080 p\u00edxeles y una frecuencia de actualizaci\u00f3n de 100 Hz, este monitor asegura im\u00e1genes n\u00edtidas y fluidas, lo que resulta en una jugabilidad sin interrupciones. Su tecnolog\u00eda VA y panel PLS garantizan colores vibrantes y una buena relaci\u00f3n de contraste de 1000:1, logrando profundidades visuales que mejoran la experiencia de juego.<\/p>\n<p>Adem\u00e1s, cuenta con un \u00e1ngulo de visi\u00f3n de 178 grados que permite disfrutar de la pantalla desde m\u00faltiples posiciones sin p\u00e9rdida de calidad. La reducci\u00f3n de luz azul y la funci\u00f3n antirreflejo tambi\u00e9n aseguran que puedas jugar durante largas horas sin incomodidad, protegiendo tu vista.<\/p>\n<p>Dise\u00f1ado con la conectividad en mente, incluye entradas HDMI y cables necesarios, facilitando la conexi\u00f3n a tu sistema. Su dise\u00f1o ergon\u00f3mico, aunque no cuenta con altura ajustable, se adapta f\u00e1cilmente a cualquier espacio y est\u00e1 listo para ser montado en la pared con compatibilidad VESA. Este monitor es la opci\u00f3n ideal para gamers que buscan rendimiento y comodidad.<\/p>\n","protected":false},"excerpt":{"rendered":"<p>El Monitor Gamer Curvo Full HD Samsung de 24 pulgadas, modelo LS24D366GALXZB, es la elecci\u00f3n perfecta para los entusiastas de los videojuegos que buscan una experiencia inmersiva. Su pantalla curva no solo mejora la est\u00e9tica de tu configuraci\u00f3n, sino que tambi\u00e9n ofrece un mayor campo de visi\u00f3n, permitiendo que cada partida sea m\u00e1s intensa y [&hellip;]<\/p>\n","protected":false},"featured_media":2359,"comment_status":"open","ping_status":"closed","template":"","meta":{"_uag_custom_page_level_css":""},"product_brand":[581],"product_cat":[114],"product_tag":[],"class_list":{"0":"post-2358","1":"product","2":"type-product","3":"status-publish","4":"has-post-thumbnail","6":"product_brand-samsung","7":"product_cat-monitores","9":"first","10":"outofstock","11":"sale","12":"taxable","13":"shipping-taxable","14":"purchasable","15":"product-type-simple"},"uagb_featured_image_src":{"full":["https:\/\/rms-enlinea.com.ar\/wp-content\/uploads\/2025\/06\/D_862569-MLA81940191047_012025-F.jpg",979,748,false],"thumbnail":["https:\/\/rms-enlinea.com.ar\/wp-content\/uploads\/2025\/06\/D_862569-MLA81940191047_012025-F-150x150.jpg",150,150,true],"medium":["https:\/\/rms-enlinea.com.ar\/wp-content\/uploads\/2025\/06\/D_862569-MLA81940191047_012025-F-300x229.jpg",300,229,true],"medium_large":["https:\/\/rms-enlinea.com.ar\/wp-content\/uploads\/2025\/06\/D_862569-MLA81940191047_012025-F-768x587.jpg",768,587,true],"large":["https:\/\/rms-enlinea.com.ar\/wp-content\/uploads\/2025\/06\/D_862569-MLA81940191047_012025-F.jpg",979,748,false],"1536x1536":["https:\/\/rms-enlinea.com.ar\/wp-content\/uploads\/2025\/06\/D_862569-MLA81940191047_012025-F.jpg",979,748,false],"2048x2048":["https:\/\/rms-enlinea.com.ar\/wp-content\/uploads\/2025\/06\/D_862569-MLA81940191047_012025-F.jpg",979,748,false],"woocommerce_thumbnail":["https:\/\/rms-enlinea.com.ar\/wp-content\/uploads\/2025\/06\/D_862569-MLA81940191047_012025-F-450x450.jpg",450,450,true],"woocommerce_single":["https:\/\/rms-enlinea.com.ar\/wp-content\/uploads\/2025\/06\/D_862569-MLA81940191047_012025-F-600x458.jpg",600,458,true],"woocommerce_gallery_thumbnail":["https:\/\/rms-enlinea.com.ar\/wp-content\/uploads\/2025\/06\/D_862569-MLA81940191047_012025-F-100x100.jpg",100,100,true]},"uagb_author_info":{"display_name":"l0071054","author_link":"https:\/\/rms-enlinea.com.ar\/tienda\/author\/"},"uagb_comment_info":0,"uagb_excerpt":"El Monitor Gamer Curvo Full HD Samsung de 24 pulgadas, modelo LS24D366GALXZB, es la elecci\u00f3n perfecta para los entusiastas de los videojuegos que buscan una experiencia inmersiva. Su pantalla curva no solo mejora la est\u00e9tica de tu configuraci\u00f3n, sino que tambi\u00e9n ofrece un mayor campo de visi\u00f3n, permitiendo que cada partida sea m\u00e1s intensa y&hellip;","_links":{"self":[{"href":"https:\/\/rms-enlinea.com.ar\/tienda\/wp-json\/wp\/v2\/product\/2358","targetHints":{"allow":["GET"]}}],"collection":[{"href":"https:\/\/rms-enlinea.com.ar\/tienda\/wp-json\/wp\/v2\/product"}],"about":[{"href":"https:\/\/rms-enlinea.com.ar\/tienda\/wp-json\/wp\/v2\/types\/product"}],"replies":[{"embeddable":true,"href":"https:\/\/rms-enlinea.com.ar\/tienda\/wp-json\/wp\/v2\/comments?post=2358"}],"wp:featuredmedia":[{"embeddable":true,"href":"https:\/\/rms-enlinea.com.ar\/tienda\/wp-json\/wp\/v2\/media\/2359"}],"wp:attachment":[{"href":"https:\/\/rms-enlinea.com.ar\/tienda\/wp-json\/wp\/v2\/media?parent=2358"}],"wp:term":[{"taxonomy":"product_brand","embeddable":true,"href":"https:\/\/rms-enlinea.com.ar\/tienda\/wp-json\/wp\/v2\/product_brand?post=2358"},{"taxonomy":"product_cat","embeddable":true,"href":"https:\/\/rms-enlinea.com.ar\/tienda\/wp-json\/wp\/v2\/product_cat?post=2358"},{"taxonomy":"product_tag","embeddable":true,"href":"https:\/\/rms-enlinea.com.ar\/tienda\/wp-json\/wp\/v2\/product_tag?post=2358"}],"curies":[{"name":"wp","href":"https:\/\/api.w.org\/{rel}","templated":true}]}}