{"id":2381,"date":"2025-06-12T02:27:55","date_gmt":"2025-06-12T05:27:55","guid":{"rendered":"https:\/\/rms-enlinea.com.ar\/tienda\/producto\/subwoofer-18-sound-18lw1400-18-pulgadas-1000w-rms-98db\/"},"modified":"2026-04-06T12:49:18","modified_gmt":"2026-04-06T15:49:18","slug":"subwoofer-18-sound-18lw1400-18-pulgadas-1000w-rms-98db","status":"publish","type":"product","link":"https:\/\/rms-enlinea.com.ar\/tienda\/producto\/subwoofer-18-sound-18lw1400-18-pulgadas-1000w-rms-98db\/","title":{"rendered":"Parlante Sub Woofer 18 Eighteen Sound 1000 W 18lw1400 Italy"},"content":{"rendered":"<p>Sensibilidad: 98 dB SPL 1W \/ 1m<br \/>\nBobina de 100 mm (4 pulgadas) (ISV)<br \/>\nCono acanalado recto reforzado con fibra de carbono<br \/>\nDouble Silicon Spider (DSS) para mejorar el control de excursiones y la linealidad<br \/>\nAnillos de doble demodulaci\u00f3n (DDR) para una menor distorsi\u00f3n<br \/>\nDisipaci\u00f3n de calor mejorada a trav\u00e9s del dise\u00f1o \u00fanico de la cesta y m\u00faltiples rejillas de ventilaci\u00f3n de la placa posterior<br \/>\nConos y platos protegidos contra la intemperie para uso en exteriores<br \/>\nIdeal para dise\u00f1os de subwoofer de alto SPL<br \/>\nDi\u00e1metro nominal: 460 mm (18 pulgadas)<br \/>\nImpedacia: 8 Ohms<br \/>\nPotencia AES: 1000 Watts<br \/>\nPotencia programa: 1400 Watts<br \/>\nPotencia PEAK: 7000 Watts<br \/>\nSensibilidad: 98 dB<br \/>\nRango de frecuencias: 28 &#8211; 2500 Hz<br \/>\nCompresi\u00f3n de potencia @-10 dB: 0,8 dB<br \/>\nCompresi\u00f3n de potencia @-3 dB: 2,1 dB<br \/>\nCompresi\u00f3n de potencia @Full power: 3,0 dB<br \/>\nFrecuencia m\u00e1xima recomendada: 500 Hz<br \/>\nModelo: 18LW1400A<br \/>\nDi\u00e1metro total: 462 mm (18,18 in)<br \/>\nN. de orificios y pernos de montaje: 8<br \/>\nDi\u00e1metro de los orificios de montaje: 8,5 mm (0,33 in)<br \/>\nDi\u00e1metro del c\u00edrculo de pernos: 438-440 mm (17,24-17,32 in)<br \/>\nRecorte del deflector de montaje frontal \u00f8: 416 mm (16,38 in)<br \/>\nRecorte del deflector de montaje trasero \u00f8: 422 mm (16,61 pulg.)<br \/>\nProfundidad total: 215,4 mm (8,48 in)<br \/>\nEspesor de la brida y la junta: 26 mm (1,02 in)<br \/>\nPeso neto: 13,3 kg (29,36 lb)<\/p>\n","protected":false},"excerpt":{"rendered":"<p>Sensibilidad: 98 dB SPL 1W \/ 1m Bobina de 100 mm (4 pulgadas) (ISV) Cono acanalado recto reforzado con fibra de carbono Double Silicon Spider (DSS) para mejorar el control de excursiones y la linealidad Anillos de doble demodulaci\u00f3n (DDR) para una menor distorsi\u00f3n Disipaci\u00f3n de calor mejorada a trav\u00e9s del dise\u00f1o \u00fanico de la [&hellip;]<\/p>\n","protected":false},"featured_media":2382,"comment_status":"open","ping_status":"closed","template":"","meta":{"_uag_custom_page_level_css":""},"product_brand":[475],"product_cat":[82],"product_tag":[],"class_list":{"0":"post-2381","1":"product","2":"type-product","3":"status-publish","4":"has-post-thumbnail","6":"product_brand-18sound","7":"product_cat-woofers","9":"first","10":"outofstock","11":"sale","12":"taxable","13":"shipping-taxable","14":"purchasable","15":"product-type-simple"},"uagb_featured_image_src":{"full":["https:\/\/rms-enlinea.com.ar\/wp-content\/uploads\/2025\/06\/D_616235-MLA75020001554_032024-F.jpg",799,569,false],"thumbnail":["https:\/\/rms-enlinea.com.ar\/wp-content\/uploads\/2025\/06\/D_616235-MLA75020001554_032024-F-150x150.jpg",150,150,true],"medium":["https:\/\/rms-enlinea.com.ar\/wp-content\/uploads\/2025\/06\/D_616235-MLA75020001554_032024-F-300x214.jpg",300,214,true],"medium_large":["https:\/\/rms-enlinea.com.ar\/wp-content\/uploads\/2025\/06\/D_616235-MLA75020001554_032024-F-768x547.jpg",768,547,true],"large":["https:\/\/rms-enlinea.com.ar\/wp-content\/uploads\/2025\/06\/D_616235-MLA75020001554_032024-F.jpg",799,569,false],"1536x1536":["https:\/\/rms-enlinea.com.ar\/wp-content\/uploads\/2025\/06\/D_616235-MLA75020001554_032024-F.jpg",799,569,false],"2048x2048":["https:\/\/rms-enlinea.com.ar\/wp-content\/uploads\/2025\/06\/D_616235-MLA75020001554_032024-F.jpg",799,569,false],"woocommerce_thumbnail":["https:\/\/rms-enlinea.com.ar\/wp-content\/uploads\/2025\/06\/D_616235-MLA75020001554_032024-F-450x450.jpg",450,450,true],"woocommerce_single":["https:\/\/rms-enlinea.com.ar\/wp-content\/uploads\/2025\/06\/D_616235-MLA75020001554_032024-F-600x427.jpg",600,427,true],"woocommerce_gallery_thumbnail":["https:\/\/rms-enlinea.com.ar\/wp-content\/uploads\/2025\/06\/D_616235-MLA75020001554_032024-F-100x100.jpg",100,100,true]},"uagb_author_info":{"display_name":"l0071054","author_link":"https:\/\/rms-enlinea.com.ar\/tienda\/author\/"},"uagb_comment_info":0,"uagb_excerpt":"Sensibilidad: 98 dB SPL 1W \/ 1m Bobina de 100 mm (4 pulgadas) (ISV) Cono acanalado recto reforzado con fibra de carbono Double Silicon Spider (DSS) para mejorar el control de excursiones y la linealidad Anillos de doble demodulaci\u00f3n (DDR) para una menor distorsi\u00f3n Disipaci\u00f3n de calor mejorada a trav\u00e9s del dise\u00f1o \u00fanico de la&hellip;","_links":{"self":[{"href":"https:\/\/rms-enlinea.com.ar\/tienda\/wp-json\/wp\/v2\/product\/2381","targetHints":{"allow":["GET"]}}],"collection":[{"href":"https:\/\/rms-enlinea.com.ar\/tienda\/wp-json\/wp\/v2\/product"}],"about":[{"href":"https:\/\/rms-enlinea.com.ar\/tienda\/wp-json\/wp\/v2\/types\/product"}],"replies":[{"embeddable":true,"href":"https:\/\/rms-enlinea.com.ar\/tienda\/wp-json\/wp\/v2\/comments?post=2381"}],"wp:featuredmedia":[{"embeddable":true,"href":"https:\/\/rms-enlinea.com.ar\/tienda\/wp-json\/wp\/v2\/media\/2382"}],"wp:attachment":[{"href":"https:\/\/rms-enlinea.com.ar\/tienda\/wp-json\/wp\/v2\/media?parent=2381"}],"wp:term":[{"taxonomy":"product_brand","embeddable":true,"href":"https:\/\/rms-enlinea.com.ar\/tienda\/wp-json\/wp\/v2\/product_brand?post=2381"},{"taxonomy":"product_cat","embeddable":true,"href":"https:\/\/rms-enlinea.com.ar\/tienda\/wp-json\/wp\/v2\/product_cat?post=2381"},{"taxonomy":"product_tag","embeddable":true,"href":"https:\/\/rms-enlinea.com.ar\/tienda\/wp-json\/wp\/v2\/product_tag?post=2381"}],"curies":[{"name":"wp","href":"https:\/\/api.w.org\/{rel}","templated":true}]}}