{"id":2393,"date":"2025-06-12T02:28:09","date_gmt":"2025-06-12T05:28:09","guid":{"rendered":"https:\/\/rms-enlinea.com.ar\/tienda\/producto\/memoria-ram-corsair-vengeance-rgb-ddr5-32gb-2x16gb-5200mhz\/"},"modified":"2026-05-04T11:32:33","modified_gmt":"2026-05-04T14:32:33","slug":"memoria-ram-corsair-vengeance-rgb-ddr5-32gb-2x16gb-5200mhz","status":"publish","type":"product","link":"https:\/\/rms-enlinea.com.ar\/tienda\/producto\/memoria-ram-corsair-vengeance-rgb-ddr5-32gb-2x16gb-5200mhz\/","title":{"rendered":"Memoria Ram Corsair Vengeance Rgb Ddr5 32gb 2x16gb 5200mhz"},"content":{"rendered":"<p>Con dise\u00f1os \u00fanicos y modernos, Corsair es una de las marcas m\u00e1s elegidas por los usuarios al momento de comprar una memoria ram. Cargar programas m\u00e1s r\u00e1pido, aumentar la capacidad de responder y ejecutar aplicaciones de uso intensivo son algunas de las caracter\u00edsticas y ventajas que tendr\u00e1s al momento de adquirir esta memoria. No esperes m\u00e1s para mejorar el rendimiento de tu computadora.<\/p>\n<p>Tu equipo como nuevo<br \/>Esta memoria de formato DIMM es ideal para tu Computadoras de escritorio. \u00a1Instalala y comenz\u00e1 a disfrutar de un \u00f3ptimo funcionamiento!<\/p>\n<p>Memory Color\tBLACK<br \/>Memory Compatibility\tIntel 600 Series,Intel 700 Series<br \/>Memory Detail Compatibility\tIntel 600 Series,Intel 700 Series<br \/>Heat Spreader\tAluminum<br \/>LED Lighting\tRGB<br \/>Memory Series\tVENGEANCE RGB DDR5<br \/>Memory Size\t32GB<br \/>Memory Type\tDDR5<br \/>Package Memory Format\tDIMM<br \/>Package Memory Pin\t288<br \/>Performance Profile\tXMP 3.0<br \/>SPD Latency\t40-40-40-77<br \/>SPD Speed\t4800MHz<br \/>SPD Voltage\t1.1V<br \/>Speed Rating\tPC5-41600 (DDR5-5200)<br \/>Tested Speed\t5200<br \/>Tested Voltage\t1.25V<\/p>\n","protected":false},"excerpt":{"rendered":"<p>Con dise\u00f1os \u00fanicos y modernos, Corsair es una de las marcas m\u00e1s elegidas por los usuarios al momento de comprar una memoria ram. Cargar programas m\u00e1s r\u00e1pido, aumentar la capacidad de responder y ejecutar aplicaciones de uso intensivo son algunas de las caracter\u00edsticas y ventajas que tendr\u00e1s al momento de adquirir esta memoria. No esperes [&hellip;]<\/p>\n","protected":false},"featured_media":2394,"comment_status":"open","ping_status":"closed","template":"","meta":{"_uag_custom_page_level_css":""},"product_brand":[555],"product_cat":[112],"product_tag":[],"class_list":{"0":"post-2393","1":"product","2":"type-product","3":"status-publish","4":"has-post-thumbnail","6":"product_brand-corsair","7":"product_cat-mamorias","9":"first","10":"outofstock","11":"sale","12":"taxable","13":"shipping-taxable","14":"purchasable","15":"product-type-simple"},"uagb_featured_image_src":{"full":["https:\/\/rms-enlinea.com.ar\/wp-content\/uploads\/2025\/06\/D_979554-MLA75525412423_042024-F.jpg",1080,591,false],"thumbnail":["https:\/\/rms-enlinea.com.ar\/wp-content\/uploads\/2025\/06\/D_979554-MLA75525412423_042024-F-150x150.jpg",150,150,true],"medium":["https:\/\/rms-enlinea.com.ar\/wp-content\/uploads\/2025\/06\/D_979554-MLA75525412423_042024-F-300x164.jpg",300,164,true],"medium_large":["https:\/\/rms-enlinea.com.ar\/wp-content\/uploads\/2025\/06\/D_979554-MLA75525412423_042024-F-768x420.jpg",768,420,true],"large":["https:\/\/rms-enlinea.com.ar\/wp-content\/uploads\/2025\/06\/D_979554-MLA75525412423_042024-F-1024x560.jpg",1024,560,true],"1536x1536":["https:\/\/rms-enlinea.com.ar\/wp-content\/uploads\/2025\/06\/D_979554-MLA75525412423_042024-F.jpg",1080,591,false],"2048x2048":["https:\/\/rms-enlinea.com.ar\/wp-content\/uploads\/2025\/06\/D_979554-MLA75525412423_042024-F.jpg",1080,591,false],"woocommerce_thumbnail":["https:\/\/rms-enlinea.com.ar\/wp-content\/uploads\/2025\/06\/D_979554-MLA75525412423_042024-F-450x450.jpg",450,450,true],"woocommerce_single":["https:\/\/rms-enlinea.com.ar\/wp-content\/uploads\/2025\/06\/D_979554-MLA75525412423_042024-F-600x328.jpg",600,328,true],"woocommerce_gallery_thumbnail":["https:\/\/rms-enlinea.com.ar\/wp-content\/uploads\/2025\/06\/D_979554-MLA75525412423_042024-F-100x100.jpg",100,100,true]},"uagb_author_info":{"display_name":"l0071054","author_link":"https:\/\/rms-enlinea.com.ar\/tienda\/author\/"},"uagb_comment_info":0,"uagb_excerpt":"Con dise\u00f1os \u00fanicos y modernos, Corsair es una de las marcas m\u00e1s elegidas por los usuarios al momento de comprar una memoria ram. Cargar programas m\u00e1s r\u00e1pido, aumentar la capacidad de responder y ejecutar aplicaciones de uso intensivo son algunas de las caracter\u00edsticas y ventajas que tendr\u00e1s al momento de adquirir esta memoria. No esperes&hellip;","_links":{"self":[{"href":"https:\/\/rms-enlinea.com.ar\/tienda\/wp-json\/wp\/v2\/product\/2393","targetHints":{"allow":["GET"]}}],"collection":[{"href":"https:\/\/rms-enlinea.com.ar\/tienda\/wp-json\/wp\/v2\/product"}],"about":[{"href":"https:\/\/rms-enlinea.com.ar\/tienda\/wp-json\/wp\/v2\/types\/product"}],"replies":[{"embeddable":true,"href":"https:\/\/rms-enlinea.com.ar\/tienda\/wp-json\/wp\/v2\/comments?post=2393"}],"wp:featuredmedia":[{"embeddable":true,"href":"https:\/\/rms-enlinea.com.ar\/tienda\/wp-json\/wp\/v2\/media\/2394"}],"wp:attachment":[{"href":"https:\/\/rms-enlinea.com.ar\/tienda\/wp-json\/wp\/v2\/media?parent=2393"}],"wp:term":[{"taxonomy":"product_brand","embeddable":true,"href":"https:\/\/rms-enlinea.com.ar\/tienda\/wp-json\/wp\/v2\/product_brand?post=2393"},{"taxonomy":"product_cat","embeddable":true,"href":"https:\/\/rms-enlinea.com.ar\/tienda\/wp-json\/wp\/v2\/product_cat?post=2393"},{"taxonomy":"product_tag","embeddable":true,"href":"https:\/\/rms-enlinea.com.ar\/tienda\/wp-json\/wp\/v2\/product_tag?post=2393"}],"curies":[{"name":"wp","href":"https:\/\/api.w.org\/{rel}","templated":true}]}}