{"id":24722,"date":"2025-06-12T13:58:18","date_gmt":"2025-06-12T16:58:18","guid":{"rendered":"https:\/\/rms-enlinea.com.ar\/tienda\/producto\/procesador-intel-core-i7-12700f-s1700-8-nucleos-4-90ghz\/"},"modified":"2026-04-02T18:07:14","modified_gmt":"2026-04-02T21:07:14","slug":"procesador-intel-core-i7-12700f-s1700-8-nucleos-4-90ghz","status":"publish","type":"product","link":"https:\/\/rms-enlinea.com.ar\/tienda\/producto\/procesador-intel-core-i7-12700f-s1700-8-nucleos-4-90ghz\/","title":{"rendered":"Procesador Intel Core I7 12700f S1700 8 Nucleos 4.90ghz"},"content":{"rendered":"<p>Colecci\u00f3n de productos: Procesadores Intel\u00ae Core\u2122 i7 de 12.\u00aa generaci\u00f3n<\/p>\n<p>Nombre clave: Productos anteriormente Alder Lake<\/p>\n<p>Segmento vertical: Escritorio<\/p>\n<p>Fecha de lanzamiento: Q1&#8217;22<\/p>\n<p>N\u00facleos totales: 12<\/p>\n<p>N.\u00ba de n\u00facleos de rendimiento: 8<\/p>\n<p>N.\u00ba de n\u00facleos eficientes: 4<\/p>\n<p>Subprocesos totales: 20<\/p>\n<p>Frecuencia turbo m\u00e1xima: 4,90 GHz<\/p>\n<p>Tecnolog\u00eda Intel\u00ae Turbo Boost Max 3.0 Frecuencia: 4,90 GHz<\/p>\n<p>Frecuencia turbo m\u00e1xima de n\u00facleo de rendimiento: 4,80 GHz<\/p>\n<p>Frecuencia turbo m\u00e1xima de n\u00facleo eficiente: 3,60 GHz<\/p>\n<p>Frecuencia base de n\u00facleo de rendimiento: 2,10 GHz<\/p>\n<p>Frecuencia base de n\u00facleo eficiente: 1,60 GHz<\/p>\n<p>Cache: Cach\u00e9 inteligente Intel\u00ae de 25 MB<\/p>\n<p>Cach\u00e9 L2 total: 12 MB<\/p>\n<p>Potencia base del procesador: 65W<\/p>\n<p>M\u00e1xima potencia turbo: 180W<\/p>\n","protected":false},"excerpt":{"rendered":"<p>Colecci\u00f3n de productos: Procesadores Intel\u00ae Core\u2122 i7 de 12.\u00aa generaci\u00f3n Nombre clave: Productos anteriormente Alder Lake Segmento vertical: Escritorio Fecha de lanzamiento: Q1&#8217;22 N\u00facleos totales: 12 N.\u00ba de n\u00facleos de rendimiento: 8 N.\u00ba de n\u00facleos eficientes: 4 Subprocesos totales: 20 Frecuencia turbo m\u00e1xima: 4,90 GHz Tecnolog\u00eda Intel\u00ae Turbo Boost Max 3.0 Frecuencia: 4,90 GHz Frecuencia [&hellip;]<\/p>\n","protected":false},"featured_media":4687,"comment_status":"open","ping_status":"closed","template":"","meta":{"_uag_custom_page_level_css":""},"product_brand":[530],"product_cat":[121],"product_tag":[],"class_list":{"0":"post-24722","1":"product","2":"type-product","3":"status-publish","4":"has-post-thumbnail","6":"product_brand-intel","7":"product_cat-procesadores-computacion","9":"first","10":"instock","11":"sale","12":"taxable","13":"shipping-taxable","14":"purchasable","15":"product-type-simple"},"uagb_featured_image_src":{"full":["https:\/\/rms-enlinea.com.ar\/wp-content\/uploads\/2025\/06\/D_655555-MLA79406597758_092024-F.jpg",1118,1200,false],"thumbnail":["https:\/\/rms-enlinea.com.ar\/wp-content\/uploads\/2025\/06\/D_655555-MLA79406597758_092024-F-150x150.jpg",150,150,true],"medium":["https:\/\/rms-enlinea.com.ar\/wp-content\/uploads\/2025\/06\/D_655555-MLA79406597758_092024-F-280x300.jpg",280,300,true],"medium_large":["https:\/\/rms-enlinea.com.ar\/wp-content\/uploads\/2025\/06\/D_655555-MLA79406597758_092024-F-768x824.jpg",768,824,true],"large":["https:\/\/rms-enlinea.com.ar\/wp-content\/uploads\/2025\/06\/D_655555-MLA79406597758_092024-F-954x1024.jpg",954,1024,true],"1536x1536":["https:\/\/rms-enlinea.com.ar\/wp-content\/uploads\/2025\/06\/D_655555-MLA79406597758_092024-F.jpg",1118,1200,false],"2048x2048":["https:\/\/rms-enlinea.com.ar\/wp-content\/uploads\/2025\/06\/D_655555-MLA79406597758_092024-F.jpg",1118,1200,false],"woocommerce_thumbnail":["https:\/\/rms-enlinea.com.ar\/wp-content\/uploads\/2025\/06\/D_655555-MLA79406597758_092024-F-450x450.jpg",450,450,true],"woocommerce_single":["https:\/\/rms-enlinea.com.ar\/wp-content\/uploads\/2025\/06\/D_655555-MLA79406597758_092024-F-600x644.jpg",600,644,true],"woocommerce_gallery_thumbnail":["https:\/\/rms-enlinea.com.ar\/wp-content\/uploads\/2025\/06\/D_655555-MLA79406597758_092024-F-100x100.jpg",100,100,true]},"uagb_author_info":{"display_name":"l0071054","author_link":"https:\/\/rms-enlinea.com.ar\/tienda\/author\/"},"uagb_comment_info":0,"uagb_excerpt":"Colecci\u00f3n de productos: Procesadores Intel\u00ae Core\u2122 i7 de 12.\u00aa generaci\u00f3n Nombre clave: Productos anteriormente Alder Lake Segmento vertical: Escritorio Fecha de lanzamiento: Q1&#8217;22 N\u00facleos totales: 12 N.\u00ba de n\u00facleos de rendimiento: 8 N.\u00ba de n\u00facleos eficientes: 4 Subprocesos totales: 20 Frecuencia turbo m\u00e1xima: 4,90 GHz Tecnolog\u00eda Intel\u00ae Turbo Boost Max 3.0 Frecuencia: 4,90 GHz Frecuencia&hellip;","_links":{"self":[{"href":"https:\/\/rms-enlinea.com.ar\/tienda\/wp-json\/wp\/v2\/product\/24722","targetHints":{"allow":["GET"]}}],"collection":[{"href":"https:\/\/rms-enlinea.com.ar\/tienda\/wp-json\/wp\/v2\/product"}],"about":[{"href":"https:\/\/rms-enlinea.com.ar\/tienda\/wp-json\/wp\/v2\/types\/product"}],"replies":[{"embeddable":true,"href":"https:\/\/rms-enlinea.com.ar\/tienda\/wp-json\/wp\/v2\/comments?post=24722"}],"wp:featuredmedia":[{"embeddable":true,"href":"https:\/\/rms-enlinea.com.ar\/tienda\/wp-json\/wp\/v2\/media\/4687"}],"wp:attachment":[{"href":"https:\/\/rms-enlinea.com.ar\/tienda\/wp-json\/wp\/v2\/media?parent=24722"}],"wp:term":[{"taxonomy":"product_brand","embeddable":true,"href":"https:\/\/rms-enlinea.com.ar\/tienda\/wp-json\/wp\/v2\/product_brand?post=24722"},{"taxonomy":"product_cat","embeddable":true,"href":"https:\/\/rms-enlinea.com.ar\/tienda\/wp-json\/wp\/v2\/product_cat?post=24722"},{"taxonomy":"product_tag","embeddable":true,"href":"https:\/\/rms-enlinea.com.ar\/tienda\/wp-json\/wp\/v2\/product_tag?post=24722"}],"curies":[{"name":"wp","href":"https:\/\/api.w.org\/{rel}","templated":true}]}}