{"id":26868,"date":"2025-06-12T15:08:48","date_gmt":"2025-06-12T18:08:48","guid":{"rendered":"https:\/\/rms-enlinea.com.ar\/tienda\/producto\/fuente-gamer-thermaltake-smart-bx3-650w-80-plus-bronze\/"},"modified":"2026-04-06T13:56:47","modified_gmt":"2026-04-06T16:56:47","slug":"fuente-gamer-thermaltake-smart-bx3-650w-80-plus-bronze","status":"publish","type":"product","link":"https:\/\/rms-enlinea.com.ar\/tienda\/producto\/fuente-gamer-thermaltake-smart-bx3-650w-80-plus-bronze\/","title":{"rendered":"Fuente Gamer Thermaltake Smart Bx3 650w 80 Plus Bronze"},"content":{"rendered":"<p>Con iluminaci\u00f3n RGB<\/p>\n<p>No<br \/>Marca de la fuente<\/p>\n<p>Thermaltake<br \/>Certificaci\u00f3n de eficiencia<\/p>\n<p>80 Plus Bronze<br \/>Di\u00e1metro del ventilador<\/p>\n<p>120 mm<br \/>Cantidad de conectores HDD<\/p>\n<p>3<br \/>Incluye manual de instalaci\u00f3n<\/p>\n<p>S\u00ed<br \/>Cantidad de pines de la placa madre<\/p>\n<p>24<br \/>Potencia de salida<\/p>\n<p>650 W<br \/>Tipo de refrigeraci\u00f3n<\/p>\n<p>Por aire<br \/>Voltaje<\/p>\n<p>220V<br \/>Cantidad de conectores SATA<\/p>\n<p>6<br \/>Con protecci\u00f3n contra cortocircuito<\/p>\n<p>S\u00ed<br \/>Color<\/p>\n<p>Negro<br \/>Con funcionamiento silencioso<\/p>\n<p>S\u00ed<br \/>Con protecci\u00f3n sobre voltaje<\/p>\n<p>S\u00ed<br \/>Modelo de la fuente<\/p>\n<p>Smart BX3 Bronze 650W<br \/>Con protecci\u00f3n de bajo voltaje<\/p>\n<p>S\u00ed<br \/>Con protecci\u00f3n sobre potencia<\/p>\n<p>S\u00ed<\/p>\n","protected":false},"excerpt":{"rendered":"<p>Con iluminaci\u00f3n RGB NoMarca de la fuente ThermaltakeCertificaci\u00f3n de eficiencia 80 Plus BronzeDi\u00e1metro del ventilador 120 mmCantidad de conectores HDD 3Incluye manual de instalaci\u00f3n S\u00edCantidad de pines de la placa madre 24Potencia de salida 650 WTipo de refrigeraci\u00f3n Por aireVoltaje 220VCantidad de conectores SATA 6Con protecci\u00f3n contra cortocircuito S\u00edColor NegroCon funcionamiento silencioso S\u00edCon protecci\u00f3n sobre [&hellip;]<\/p>\n","protected":false},"featured_media":26869,"comment_status":"open","ping_status":"closed","template":"","meta":{"_uag_custom_page_level_css":""},"product_brand":[561],"product_cat":[108],"product_tag":[],"class_list":{"0":"post-26868","1":"product","2":"type-product","3":"status-publish","4":"has-post-thumbnail","6":"product_brand-thermaltake","7":"product_cat-fuentes-y-cargadores","9":"first","10":"instock","11":"sale","12":"taxable","13":"shipping-taxable","14":"purchasable","15":"product-type-simple"},"uagb_featured_image_src":{"full":["https:\/\/rms-enlinea.com.ar\/wp-content\/uploads\/2025\/06\/D_892117-MLU78533716092_082024-F.jpg",986,941,false],"thumbnail":["https:\/\/rms-enlinea.com.ar\/wp-content\/uploads\/2025\/06\/D_892117-MLU78533716092_082024-F-150x150.jpg",150,150,true],"medium":["https:\/\/rms-enlinea.com.ar\/wp-content\/uploads\/2025\/06\/D_892117-MLU78533716092_082024-F-300x286.jpg",300,286,true],"medium_large":["https:\/\/rms-enlinea.com.ar\/wp-content\/uploads\/2025\/06\/D_892117-MLU78533716092_082024-F-768x733.jpg",768,733,true],"large":["https:\/\/rms-enlinea.com.ar\/wp-content\/uploads\/2025\/06\/D_892117-MLU78533716092_082024-F.jpg",986,941,false],"1536x1536":["https:\/\/rms-enlinea.com.ar\/wp-content\/uploads\/2025\/06\/D_892117-MLU78533716092_082024-F.jpg",986,941,false],"2048x2048":["https:\/\/rms-enlinea.com.ar\/wp-content\/uploads\/2025\/06\/D_892117-MLU78533716092_082024-F.jpg",986,941,false],"woocommerce_thumbnail":["https:\/\/rms-enlinea.com.ar\/wp-content\/uploads\/2025\/06\/D_892117-MLU78533716092_082024-F-450x450.jpg",450,450,true],"woocommerce_single":["https:\/\/rms-enlinea.com.ar\/wp-content\/uploads\/2025\/06\/D_892117-MLU78533716092_082024-F-600x573.jpg",600,573,true],"woocommerce_gallery_thumbnail":["https:\/\/rms-enlinea.com.ar\/wp-content\/uploads\/2025\/06\/D_892117-MLU78533716092_082024-F-100x100.jpg",100,100,true]},"uagb_author_info":{"display_name":"l0071054","author_link":"https:\/\/rms-enlinea.com.ar\/tienda\/author\/"},"uagb_comment_info":0,"uagb_excerpt":"Con iluminaci\u00f3n RGB NoMarca de la fuente ThermaltakeCertificaci\u00f3n de eficiencia 80 Plus BronzeDi\u00e1metro del ventilador 120 mmCantidad de conectores HDD 3Incluye manual de instalaci\u00f3n S\u00edCantidad de pines de la placa madre 24Potencia de salida 650 WTipo de refrigeraci\u00f3n Por aireVoltaje 220VCantidad de conectores SATA 6Con protecci\u00f3n contra cortocircuito S\u00edColor NegroCon funcionamiento silencioso S\u00edCon protecci\u00f3n sobre&hellip;","_links":{"self":[{"href":"https:\/\/rms-enlinea.com.ar\/tienda\/wp-json\/wp\/v2\/product\/26868","targetHints":{"allow":["GET"]}}],"collection":[{"href":"https:\/\/rms-enlinea.com.ar\/tienda\/wp-json\/wp\/v2\/product"}],"about":[{"href":"https:\/\/rms-enlinea.com.ar\/tienda\/wp-json\/wp\/v2\/types\/product"}],"replies":[{"embeddable":true,"href":"https:\/\/rms-enlinea.com.ar\/tienda\/wp-json\/wp\/v2\/comments?post=26868"}],"wp:featuredmedia":[{"embeddable":true,"href":"https:\/\/rms-enlinea.com.ar\/tienda\/wp-json\/wp\/v2\/media\/26869"}],"wp:attachment":[{"href":"https:\/\/rms-enlinea.com.ar\/tienda\/wp-json\/wp\/v2\/media?parent=26868"}],"wp:term":[{"taxonomy":"product_brand","embeddable":true,"href":"https:\/\/rms-enlinea.com.ar\/tienda\/wp-json\/wp\/v2\/product_brand?post=26868"},{"taxonomy":"product_cat","embeddable":true,"href":"https:\/\/rms-enlinea.com.ar\/tienda\/wp-json\/wp\/v2\/product_cat?post=26868"},{"taxonomy":"product_tag","embeddable":true,"href":"https:\/\/rms-enlinea.com.ar\/tienda\/wp-json\/wp\/v2\/product_tag?post=26868"}],"curies":[{"name":"wp","href":"https:\/\/api.w.org\/{rel}","templated":true}]}}