{"id":2810,"date":"2025-06-12T02:38:09","date_gmt":"2025-06-12T05:38:09","guid":{"rendered":"https:\/\/rms-enlinea.com.ar\/tienda\/producto\/procesador-amd-ryzen-9-7900x-am5-c-video-s-cooler\/"},"modified":"2026-04-06T11:38:33","modified_gmt":"2026-04-06T14:38:33","slug":"procesador-amd-ryzen-9-7900x-am5-c-video-s-cooler","status":"publish","type":"product","link":"https:\/\/rms-enlinea.com.ar\/tienda\/producto\/procesador-amd-ryzen-9-7900x-am5-c-video-s-cooler\/","title":{"rendered":"Procesador Amd Ryzen 9 7900x Am5 C\/video S\/cooler"},"content":{"rendered":"<p>El procesador AMD Ryzen 9 7900X es la elecci\u00f3n ideal para quienes buscan un rendimiento excepcional en computadoras de escritorio. Con 12 n\u00facleos y 32 hilos, este procesador de s\u00e9ptima generaci\u00f3n ofrece una potencia de procesamiento sin igual, ideal para tareas intensivas como gaming, edici\u00f3n de video y dise\u00f1o gr\u00e1fico.<\/p>\n<p>Su arquitectura x86-64 y litograf\u00eda de 5 nm garantizan una eficiencia energ\u00e9tica superior, mientras que su frecuencia de reloj m\u00ednima de 4.7 GHz y m\u00e1xima de 5.6 GHz aseguran que cada tarea se ejecute de manera fluida y r\u00e1pida. Adem\u00e1s, soporta hasta 128 GB de memoria RAM DDR5, lo que permite una multitarea sin interrupciones y un rendimiento \u00f3ptimo en aplicaciones exigentes.<\/p>\n<p>El procesador gr\u00e1fico Radeon Graphics integrado proporciona una experiencia visual mejorada, eliminando la necesidad de una tarjeta gr\u00e1fica dedicada para tareas cotidianas. Con un cach\u00e9 de 64 MB, el Ryzen 9 7900X asegura un acceso r\u00e1pido a los datos, optimizando a\u00fan m\u00e1s el rendimiento general del sistema.<\/p>\n<p>Dise\u00f1ado para gamers y entusiastas de la tecnolog\u00eda, este procesador desbloqueado permite overclocking, brindando la posibilidad de maximizar su rendimiento seg\u00fan las necesidades del usuario. Con una potencia de dise\u00f1o t\u00e9rmico de 170 W, es fundamental contar con un sistema de refrigeraci\u00f3n adecuado para mantener su rendimiento en niveles \u00f3ptimos durante largas sesiones de uso.<\/p>\n","protected":false},"excerpt":{"rendered":"<p>El procesador AMD Ryzen 9 7900X es la elecci\u00f3n ideal para quienes buscan un rendimiento excepcional en computadoras de escritorio. Con 12 n\u00facleos y 32 hilos, este procesador de s\u00e9ptima generaci\u00f3n ofrece una potencia de procesamiento sin igual, ideal para tareas intensivas como gaming, edici\u00f3n de video y dise\u00f1o gr\u00e1fico. Su arquitectura x86-64 y litograf\u00eda [&hellip;]<\/p>\n","protected":false},"featured_media":2811,"comment_status":"open","ping_status":"closed","template":"","meta":{"_uag_custom_page_level_css":""},"product_brand":[531],"product_cat":[121],"product_tag":[],"class_list":{"0":"post-2810","1":"product","2":"type-product","3":"status-publish","4":"has-post-thumbnail","6":"product_brand-amd","7":"product_cat-procesadores-computacion","9":"first","10":"outofstock","11":"sale","12":"taxable","13":"shipping-taxable","14":"purchasable","15":"product-type-simple"},"uagb_featured_image_src":{"full":["https:\/\/rms-enlinea.com.ar\/wp-content\/uploads\/2025\/06\/D_827661-MLA52069129277_102022-F.jpg",942,906,false],"thumbnail":["https:\/\/rms-enlinea.com.ar\/wp-content\/uploads\/2025\/06\/D_827661-MLA52069129277_102022-F-150x150.jpg",150,150,true],"medium":["https:\/\/rms-enlinea.com.ar\/wp-content\/uploads\/2025\/06\/D_827661-MLA52069129277_102022-F-300x289.jpg",300,289,true],"medium_large":["https:\/\/rms-enlinea.com.ar\/wp-content\/uploads\/2025\/06\/D_827661-MLA52069129277_102022-F-768x739.jpg",768,739,true],"large":["https:\/\/rms-enlinea.com.ar\/wp-content\/uploads\/2025\/06\/D_827661-MLA52069129277_102022-F.jpg",942,906,false],"1536x1536":["https:\/\/rms-enlinea.com.ar\/wp-content\/uploads\/2025\/06\/D_827661-MLA52069129277_102022-F.jpg",942,906,false],"2048x2048":["https:\/\/rms-enlinea.com.ar\/wp-content\/uploads\/2025\/06\/D_827661-MLA52069129277_102022-F.jpg",942,906,false],"woocommerce_thumbnail":["https:\/\/rms-enlinea.com.ar\/wp-content\/uploads\/2025\/06\/D_827661-MLA52069129277_102022-F-450x450.jpg",450,450,true],"woocommerce_single":["https:\/\/rms-enlinea.com.ar\/wp-content\/uploads\/2025\/06\/D_827661-MLA52069129277_102022-F-600x577.jpg",600,577,true],"woocommerce_gallery_thumbnail":["https:\/\/rms-enlinea.com.ar\/wp-content\/uploads\/2025\/06\/D_827661-MLA52069129277_102022-F-100x100.jpg",100,100,true]},"uagb_author_info":{"display_name":"l0071054","author_link":"https:\/\/rms-enlinea.com.ar\/tienda\/author\/"},"uagb_comment_info":0,"uagb_excerpt":"El procesador AMD Ryzen 9 7900X es la elecci\u00f3n ideal para quienes buscan un rendimiento excepcional en computadoras de escritorio. Con 12 n\u00facleos y 32 hilos, este procesador de s\u00e9ptima generaci\u00f3n ofrece una potencia de procesamiento sin igual, ideal para tareas intensivas como gaming, edici\u00f3n de video y dise\u00f1o gr\u00e1fico. Su arquitectura x86-64 y litograf\u00eda&hellip;","_links":{"self":[{"href":"https:\/\/rms-enlinea.com.ar\/tienda\/wp-json\/wp\/v2\/product\/2810","targetHints":{"allow":["GET"]}}],"collection":[{"href":"https:\/\/rms-enlinea.com.ar\/tienda\/wp-json\/wp\/v2\/product"}],"about":[{"href":"https:\/\/rms-enlinea.com.ar\/tienda\/wp-json\/wp\/v2\/types\/product"}],"replies":[{"embeddable":true,"href":"https:\/\/rms-enlinea.com.ar\/tienda\/wp-json\/wp\/v2\/comments?post=2810"}],"wp:featuredmedia":[{"embeddable":true,"href":"https:\/\/rms-enlinea.com.ar\/tienda\/wp-json\/wp\/v2\/media\/2811"}],"wp:attachment":[{"href":"https:\/\/rms-enlinea.com.ar\/tienda\/wp-json\/wp\/v2\/media?parent=2810"}],"wp:term":[{"taxonomy":"product_brand","embeddable":true,"href":"https:\/\/rms-enlinea.com.ar\/tienda\/wp-json\/wp\/v2\/product_brand?post=2810"},{"taxonomy":"product_cat","embeddable":true,"href":"https:\/\/rms-enlinea.com.ar\/tienda\/wp-json\/wp\/v2\/product_cat?post=2810"},{"taxonomy":"product_tag","embeddable":true,"href":"https:\/\/rms-enlinea.com.ar\/tienda\/wp-json\/wp\/v2\/product_tag?post=2810"}],"curies":[{"name":"wp","href":"https:\/\/api.w.org\/{rel}","templated":true}]}}